{"id":15859,"date":"2025-12-09T09:34:21","date_gmt":"2025-12-09T08:34:21","guid":{"rendered":"https:\/\/kadion.com\/politica-de-cookies\/"},"modified":"2025-12-15T15:13:55","modified_gmt":"2025-12-15T14:13:55","slug":"politica-de-cookies","status":"publish","type":"page","link":"https:\/\/kadion.com\/pt-pt\/politica-de-cookies\/","title":{"rendered":"Pol\u00edtica de cookies"},"content":{"rendered":"\t\t<div data-elementor-type=\"wp-page\" data-elementor-id=\"15859\" class=\"elementor elementor-15859 elementor-53\" data-elementor-post-type=\"page\">\n\t\t\t\t<div class=\"elementor-element elementor-element-e77c49f e-flex e-con-boxed e-con e-parent\" data-id=\"e77c49f\" data-element_type=\"container\" data-e-type=\"container\" data-settings=\"{&quot;background_background&quot;:&quot;classic&quot;}\">\n\t\t\t\t\t<div class=\"e-con-inner\">\n\t\t<div class=\"elementor-element elementor-element-1738e7a e-con-full e-flex e-con e-child\" data-id=\"1738e7a\" data-element_type=\"container\" data-e-type=\"container\">\n\t\t\t\t<div class=\"elementor-element elementor-element-8e0aacf elementor-widget elementor-widget-heading\" data-id=\"8e0aacf\" data-element_type=\"widget\" data-e-type=\"widget\" data-widget_type=\"heading.default\">\n\t\t\t\t\t<h1 class=\"elementor-heading-title elementor-size-default\">Pol\u00edtica de cookies<\/h1>\t\t\t\t<\/div>\n\t\t\t\t<div class=\"elementor-element elementor-element-8eb1c82 elementor-widget-divider--view-line elementor-widget elementor-widget-divider\" data-id=\"8eb1c82\" data-element_type=\"widget\" data-e-type=\"widget\" data-widget_type=\"divider.default\">\n\t\t\t\t\t\t\t<div class=\"elementor-divider\">\n\t\t\t<span class=\"elementor-divider-separator\">\n\t\t\t\t\t\t<\/span>\n\t\t<\/div>\n\t\t\t\t\t\t<\/div>\n\t\t\t\t<\/div>\n\t\t<div class=\"elementor-element elementor-element-c042838 e-con-full elementor-hidden-mobile e-flex e-con e-child\" data-id=\"c042838\" data-element_type=\"container\" data-e-type=\"container\">\n\t\t\t\t<\/div>\n\t\t\t\t\t<\/div>\n\t\t\t\t<\/div>\n\t\t<div class=\"elementor-element elementor-element-b1b3ae0 e-flex e-con-boxed e-con e-parent\" data-id=\"b1b3ae0\" data-element_type=\"container\" data-e-type=\"container\">\n\t\t\t\t\t<div class=\"e-con-inner\">\n\t\t\t\t<div class=\"elementor-element elementor-element-b9e9430 elementor-widget elementor-widget-text-editor\" data-id=\"b9e9430\" data-element_type=\"widget\" data-e-type=\"widget\" data-widget_type=\"text-editor.default\">\n\t\t\t\t\t\t\t\t\t<p>Em conformidade com a Lei 34\/2002, de 11 de julho, sobre Servi\u00e7os da Sociedade da Informa\u00e7\u00e3o e Com\u00e9rcio Eletr\u00f3nico (LSSI), em rela\u00e7\u00e3o ao Regulamento (UE) 2016\/679 do Parlamento Europeu e do Conselho, de 27 de abril de 2016, Regulamento Geral sobre a Prote\u00e7\u00e3o de Dados (RGPD) e \u00e0 Lei Org\u00e2nica 3\/2018, de 5 de dezembro, sobre a Prote\u00e7\u00e3o de Dados e a Garantia dos Direitos Digitais (LOPDGDD), \u00e9 obrigat\u00f3rio obter o consentimento expresso do utilizador de todas as p\u00e1ginas web que utilizam cookies n\u00e3o essenciais, antes da sua navega\u00e7\u00e3o.<\/p><p>De acordo com a diretiva da UE, os cookies que exigem o consentimento informado do usu\u00e1rio s\u00e3o os cookies anal\u00edticos e os cookies de publicidade e de afiliados, com exce\u00e7\u00e3o dos cookies t\u00e9cnicos e daqueles necess\u00e1rios para o funcionamento do site ou para a presta\u00e7\u00e3o de servi\u00e7os expressamente solicitados pelo usu\u00e1rio.<\/p><p>Fornecemos informa\u00e7\u00f5es claras e completas sobre o propriet\u00e1rio do site e o uso de cookies, em particular, sobre as finalidades do processamento de dados pessoais.<\/p><p>O propriet\u00e1rio deste site \u00e9 a KADION ESPECIALIDADES QU\u00cdMICAS, SL, com n\u00famero de identifica\u00e7\u00e3o fiscal (CIF) B-61502001 e sede social em Calle Can R\u00e0bia, n\u00ba 15, 08017 Barcelona, \u200b\u200bEspanha. Qualquer utilizador que deseje contactar-nos poder\u00e1 faz\u00ea-lo no endere\u00e7o acima mencionado ou por email para <a href=\"mailto:contact@kadion.com\" target=\"_blank\" rel=\"noopener\">contact@kadion.com<\/a> ou no telefone <strong>+34 934 809 181<\/strong> <\/p>\t\t\t\t\t\t\t\t<\/div>\n\t\t\t\t<div class=\"elementor-element elementor-element-1625070 elementor-widget elementor-widget-text-editor\" data-id=\"1625070\" data-element_type=\"widget\" data-e-type=\"widget\" data-widget_type=\"text-editor.default\">\n\t\t\t\t\t\t\t\t\t<h5>COOKIES QUE UTILIZAMOS:<\/h5><p>Esta p\u00e1gina utiliza diferentes tipos de cookies. Alguns cookies s\u00e3o colocados por servi\u00e7os de terceiros que aparecem em nossas p\u00e1ginas. <\/p><p>Os cookies t\u00e9cnicos s\u00e3o necess\u00e1rios, pois ajudam a tornar um site utiliz\u00e1vel, permitindo fun\u00e7\u00f5es b\u00e1sicas como navega\u00e7\u00e3o de p\u00e1gina e acesso a \u00e1reas seguras do site. O site n\u00e3o pode funcionar corretamente sem esses cookies. <\/p><p>Voc\u00ea pode alterar ou retirar seu consentimento a qualquer momento nas [configuraci\u00f3n de cookies] do nosso site.<\/p><p>Saiba mais sobre como processamos dados pessoais em nossa <span style=\"text-decoration: underline;\"><strong><a href=\"https:\/\/kadion.com\/politica-privacidad\">Pol\u00edtica de Privacidade<\/a><\/strong><\/span><\/p>\t\t\t\t\t\t\t\t<\/div>\n\t\t\t\t<div class=\"elementor-element elementor-element-2b64969 elementor-widget elementor-widget-text-editor\" data-id=\"2b64969\" data-element_type=\"widget\" data-e-type=\"widget\" data-widget_type=\"text-editor.default\">\n\t\t\t\t\t\t\t\t\t<p><b>Cookies de terceiros:<\/b> O Google Analytics \u00e9 um servi\u00e7o gratuito oferecido pelo Google Inc., que coleta informa\u00e7\u00f5es para compilar relat\u00f3rios estat\u00edsticos sobre quais p\u00e1ginas do site foram visitadas, como o site foi acessado, a que horas, com qual navegador, etc.<\/p><p>Essas informa\u00e7\u00f5es s\u00e3o ent\u00e3o enviadas para os servidores do Google Inc. Voc\u00ea pode encontrar mais informa\u00e7\u00f5es sobre os cookies utilizados pelo servi\u00e7o Google Analytics em <span style=\"text-decoration: underline;\"><a href=\"https:\/\/developers.google.com\/analytics\/devguides\/collection\/analyticsjs\/cookie-usage?hl=es-419\">https:\/\/developers.google.com\/analytics\/devguides\/collection\/analyticsjs\/cookie-usage?hl=es-419<\/a><\/span> <a href=\"https:\/\/developers.google.com\/analytics\/devguides\/collection\/analyticsjs\/cookie-usage?hl=es-419\"><br><\/a>O Google Analytics desenvolveu uma ferramenta que pode ser instalada no seu navegador caso voc\u00ea n\u00e3o queira ser rastreado por cookies: <span style=\"text-decoration: underline;\"><a href=\"https:\/\/tools.google.com\/dlpage\/gaoptout?hl=es\"><span class=\"s1\">https:\/\/tools.google.com\/dlpage\/gaoptout?hl=es<\/span><\/a><\/span><\/p><p><span class=\"TextRun SCXW31333784 BCX0\" lang=\"ES-ES\" xml:lang=\"ES-ES\" data-contrast=\"none\"><span class=\"NormalTextRun SCXW31333784 BCX0\">Para aceitar ou rejeitar cookies anal\u00edticos, que exigem consentimento, bot\u00f5es foram habilitados e aparecem quando voc\u00ea acessa o site. Se voc\u00ea aceitar a instala\u00e7\u00e3o de cookies anal\u00edticos e posteriormente desejar desinstal\u00e1-los, dever\u00e1 exclu\u00ed-los do seu navegador. Voc\u00ea pode configurar seu navegador para rejeitar ou aceitar cookies, exclu\u00ed-los manualmente ou configur\u00e1-los para serem exclu\u00eddos automaticamente ao fechar o navegador, o computador ou o dispositivo. Mais informa\u00e7\u00f5es na se\u00e7\u00e3o seguinte. <\/span><\/span><\/p>\t\t\t\t\t\t\t\t<\/div>\n\t\t\t\t<div class=\"elementor-element elementor-element-7963a58 elementor-widget elementor-widget-text-editor\" data-id=\"7963a58\" data-element_type=\"widget\" data-e-type=\"widget\" data-widget_type=\"text-editor.default\">\n\t\t\t\t\t\t\t\t\t<h5>TRANSFER\u00caNCIA DE DADOS PARA PA\u00cdSES TERCEIROS:<\/h5><p>Pode informar-se sobre as transfer\u00eancias para pa\u00edses terceiros que, no seu caso, s\u00e3o realizadas pelos terceiros identificados nesta pol\u00edtica de cookies nas respetivas pol\u00edticas (ver os links disponibilizados na sec\u00e7\u00e3o \u00abCookies de terceiros\u00bb). Per\u00edodo de conserva\u00e7\u00e3o dos dados dos utilizadores e dos eventos associados \u00e0s cookies. Os identificadores de utilizador (por exemplo, User-ID) e os identificadores publicit\u00e1rios (por exemplo, as cookies do DoubleClick, o ID de publicidade do Android [AAID ou AdID] e o identificador de anunciantes da Apple [IDFA]). O Google Analytics elimina, por defeito, alguns dados identificativos (por exemplo, idade, sexo e interesses) dos utilizadores que tenham estado inativos durante mais de 6 meses (no caso das propriedades Universal Analytics) ou durante mais de 2 meses (no caso das propriedades Google Analytics 4). O per\u00edodo m\u00e1ximo durante o qual o Analytics conservar\u00e1 os dados do Google Signals \u00e9 de 26 meses, independentemente da configura\u00e7\u00e3o escolhida. Por defeito, os dados dos utilizadores que iniciaram sess\u00e3o no Google expiram ao fim de 26 meses. No entanto, se for atribu\u00eddo um per\u00edodo inferior na defini\u00e7\u00e3o de Conserva\u00e7\u00e3o de dados, o Google respeitar\u00e1 o per\u00edodo mais curto definido. No caso das propriedades Google Analytics 4 (vers\u00e3o diferente do Analytics 360), a conserva\u00e7\u00e3o dos dados ao n\u00edvel do utilizador, incluindo as convers\u00f5es, pode ser definida at\u00e9 um m\u00e1ximo de 14 meses. Para os restantes dados de eventos, pode escolher a dura\u00e7\u00e3o da conserva\u00e7\u00e3o: 2 meses ou 14 meses.        <\/p>\t\t\t\t\t\t\t\t<\/div>\n\t\t\t\t<div class=\"elementor-element elementor-element-9033b1c elementor-widget elementor-widget-text-editor\" data-id=\"9033b1c\" data-element_type=\"widget\" data-e-type=\"widget\" data-widget_type=\"text-editor.default\">\n\t\t\t\t\t\t\t\t\t<h5>DIREITOS DAS PARTES INTERESSADAS:<\/h5><p class=\"p1\">Qualquer pessoa que acesse este site assume a condi\u00e7\u00e3o de usu\u00e1rio e concorda em cumprir os termos e condi\u00e7\u00f5es aqui estabelecidos, bem como quaisquer outras disposi\u00e7\u00f5es legais aplic\u00e1veis. Portanto, recomendamos que voc\u00ea revise este texto, assim como nossa <span style=\"text-decoration: underline;\"><a href=\"https:\/\/kadion.com\/politica-privacidad\"><span class=\"s1\"><b>Pol\u00edtica de Privacidade.<\/b><\/span><\/a>.<\/span> <\/p>\t\t\t\t\t\t\t\t<\/div>\n\t\t\t\t<div class=\"elementor-element elementor-element-2a57be0 elementor-widget elementor-widget-text-editor\" data-id=\"2a57be0\" data-element_type=\"widget\" data-e-type=\"widget\" data-widget_type=\"text-editor.default\">\n\t\t\t\t\t\t\t\t\t<h5>CONSENTIMENTO:<\/h5><p>O consentimento dado por um usu\u00e1rio para o uso de um cookie espec\u00edfico n\u00e3o ter\u00e1 dura\u00e7\u00e3o superior a 24 meses e, durante esse per\u00edodo, a sele\u00e7\u00e3o feita pelo usu\u00e1rio em rela\u00e7\u00e3o \u00e0s suas prefer\u00eancias ser\u00e1 preservada, sem a necessidade de solicitar um novo consentimento a cada visita ao nosso site.<\/p>\t\t\t\t\t\t\t\t<\/div>\n\t\t\t\t<div class=\"elementor-element elementor-element-00e44cc elementor-widget elementor-widget-text-editor\" data-id=\"00e44cc\" data-element_type=\"widget\" data-e-type=\"widget\" data-widget_type=\"text-editor.default\">\n\t\t\t\t\t\t\t\t\t<h5>LEGITIMA\u00c7\u00c3O:<\/h5><p>O interesse leg\u00edtimo no processamento de dados reside na otimiza\u00e7\u00e3o do website, na an\u00e1lise da utiliza\u00e7\u00e3o do website e na adapta\u00e7\u00e3o do conte\u00fado. Os interesses do utilizador s\u00e3o adequadamente protegidos atrav\u00e9s da pseudonimiza\u00e7\u00e3o (Artigo 6.\u00ba, n.\u00ba 1, al\u00ednea f) do RGPD).   <\/p>\t\t\t\t\t\t\t\t<\/div>\n\t\t\t\t<div class=\"elementor-element elementor-element-dd1439f elementor-widget elementor-widget-text-editor\" data-id=\"dd1439f\" data-element_type=\"widget\" data-e-type=\"widget\" data-widget_type=\"text-editor.default\">\n\t\t\t\t\t\t\t\t\t<h5>SEGURAN\u00c7A:<\/h5><p>A Google LLC possui certifica\u00e7\u00e3o no \u00e2mbito do <strong><span style=\"text-decoration: underline;\"><a href=\"https:\/\/www.privacyshield.gov\/ps\/participant?id=a2zt000000001L5AAI\">Privacy Shield<\/a><\/span><\/strong> garantindo assim um n\u00edvel adequado de prote\u00e7\u00e3o de dados. O rastreamento realizado pelo Google Analytics pode ser impedido se o visitante do site configurar as suas prefer\u00eancias de cookies para este site. O registo e o armazenamento de endere\u00e7os IP e dados gerados por cookies podem ser desativados a qualquer momento, sem efeitos retroativos. O plugin correspondente para o navegador pode ser descarregado e instalado atrav\u00e9s da seguinte liga\u00e7\u00e3o: <span style=\"text-decoration: underline;\"><a href=\"https:\/\/tools.google.com\/dlpage\/gaoptout\"> https:\/\/tools.google.com\/dlpage\/gaoptout.<\/a><\/span>   <\/p><p>Mais informa\u00e7\u00f5es sobre o uso de dados pelo Google, op\u00e7\u00f5es de configura\u00e7\u00e3o e op\u00e7\u00f5es de desativa\u00e7\u00e3o podem ser encontradas na <a href=\"https:\/\/policies.google.com\/privacy\"><span style=\"text-decoration: underline;\"><strong>Pol\u00edtica de Privacidade do Google<\/strong><\/span><\/a>,bem como nas <span style=\"text-decoration: underline;\"><strong><a href=\"https:\/\/accounts.google.com\/v3\/signin\/identifier?continue=https%3A%2F%2Fadssettings.google.com%2Fauthenticated&amp;followup=https%3A%2F%2Fadssettings.google.com%2Fauthenticated&amp;ifkv=AXo7B7Xw6LWa86GAqwyrtBv23elYo86Yzb2R3QbKz27NWWuBuSBz6CrascVNfev3YWB2UxGBO3WOaA&amp;passive=1209600&amp;flowName=GlifWebSignIn&amp;flowEntry=ServiceLogin&amp;dsh=S1175281880%3A1692832904841539\">configura\u00e7\u00f5es de publicidade do Google<\/a><\/strong><\/span>Os usu\u00e1rios podem recusar o processamento de dados ou informa\u00e7\u00f5es rejeitando o uso de cookies por meio das configura\u00e7\u00f5es apropriadas do navegador; no entanto, isso pode impedi-los de usar o site integralmente. Ao usar o site e dar seu consentimento, voc\u00ea concorda com o processamento de informa\u00e7\u00f5es pelo Google da maneira e para os fins descritos acima. <\/p>\t\t\t\t\t\t\t\t<\/div>\n\t\t\t\t<div class=\"elementor-element elementor-element-d72f51a elementor-widget elementor-widget-text-editor\" data-id=\"d72f51a\" data-element_type=\"widget\" data-e-type=\"widget\" data-widget_type=\"text-editor.default\">\n\t\t\t\t\t\t\t\t\t<h5 class=\"p1\">COMO EXCLUIR COOKIES:<\/h5><p class=\"p1\">Voc\u00ea pode restringir, bloquear ou excluir cookies da KADION ESPECIALIDADES QU\u00cdMICAS, SL ou de qualquer outro site usando seu navegador. O processo varia de acordo com o navegador; a fun\u00e7\u00e3o &#8220;Ajuda&#8221; mostrar\u00e1 como faz\u00ea-lo. <\/p><ul><li><strong>Internet Explorer: <\/strong><a href=\"https:\/\/support.microsoft.com\/es-es\/windows\/eliminar-y-administrar-cookies-168dab11-0753-043d-7c16-ede5947fc64d\"><span style=\"text-decoration: underline;\">windows.microsoft.com\/es-xl\/internet-explorer\/delete-manage-cookies#ie=ie-10<\/span> <span style=\"text-decoration: underline;\">https:\/\/support.microsoft.com\/es-es\/windows\/eliminar-y-administrar-cookies-168dab11-0753-043d-7c16-ede5947fc64d<\/span><\/a><\/li><li><strong>Firefox:<\/strong> <span style=\"text-decoration: underline;\"><a href=\"https:\/\/support.mozilla.org\/es\/kb\/Borrar%20cookies\">support.mozilla.org\/es\/kb\/Borrar%20cookies<\/a><\/span><\/li><li><strong>Chrome:<\/strong> <span style=\"text-decoration: underline;\"><a href=\"https:\/\/support.google.com\/chrome\/answer\/95647?hl=es&amp;hlrm=en\">support.google.com\/chrome\/answer\/95647?hl=es <\/a><\/span> <\/li><li><strong>Safari:<\/strong> <span style=\"text-decoration: underline;\"><a href=\"https:\/\/www.apple.com\/legal\/privacy\/es\/cookies\/\">www.apple.com\/es\/privacy\/use-of-cookies\/ <\/a><\/span> <\/li><\/ul><p class=\"p1\">Al\u00e9m disso, voc\u00ea tamb\u00e9m pode gerenciar o armazenamento de cookies do seu navegador usando ferramentas como as seguintes:<\/p><ul><li>Ghostery: <span style=\"text-decoration: underline;\"><a href=\"https:\/\/www.ghostery.com\/\">https:\/\/www.ghostery.com\/<\/a><\/span><\/li><li>Your online choices: <span style=\"text-decoration: underline;\"><a href=\"https:\/\/www.youronlinechoices.com\/es\/\">https:\/\/www.youronlinechoices.com\/es\/<\/a><\/span><\/li><\/ul><p><span data-contrast=\"none\"> Para obter mais informa\u00e7\u00f5es sobre o processamento de dados, consulte o link da <\/span><span style=\"text-decoration: underline;\"><strong><a href=\"https:\/\/kadion.com\/politica-privacidad\">Pol\u00edtica de Privacidade<\/a>.<\/strong><\/span> <\/p>\t\t\t\t\t\t\t\t<\/div>\n\t\t\t\t\t<\/div>\n\t\t\t\t<\/div>\n\t\t\t\t<\/div>\n\t\t","protected":false},"excerpt":{"rendered":"<p>Pol\u00edtica de cookies Em conformidade com a Lei 34\/2002, de 11 de julho, sobre Servi\u00e7os da Sociedade da Informa\u00e7\u00e3o e Com\u00e9rcio Eletr\u00f3nico (LSSI), em rela\u00e7\u00e3o ao Regulamento (UE) 2016\/679 do Parlamento Europeu e do Conselho, de 27 de abril de 2016, Regulamento Geral sobre a Prote\u00e7\u00e3o de Dados (RGPD) e \u00e0 Lei Org\u00e2nica 3\/2018, de [&hellip;]<\/p>\n","protected":false},"author":1,"featured_media":0,"parent":0,"menu_order":0,"comment_status":"closed","ping_status":"closed","template":"elementor_header_footer","meta":{"_acf_changed":false,"footnotes":""},"class_list":["post-15859","page","type-page","status-publish","hentry"],"acf":[],"yoast_head":"<!-- This site is optimized with the Yoast SEO plugin v26.9 - https:\/\/yoast.com\/product\/yoast-seo-wordpress\/ -->\n<title>Pol\u00edtica de cookies - Kadion<\/title>\n<meta name=\"robots\" content=\"noindex, follow\" \/>\n<meta property=\"og:locale\" content=\"pt_PT\" \/>\n<meta property=\"og:type\" content=\"article\" \/>\n<meta property=\"og:title\" content=\"Pol\u00edtica de cookies - Kadion\" \/>\n<meta property=\"og:description\" content=\"Pol\u00edtica de cookies Em conformidade com a Lei 34\/2002, de 11 de julho, sobre Servi\u00e7os da Sociedade da Informa\u00e7\u00e3o e Com\u00e9rcio Eletr\u00f3nico (LSSI), em rela\u00e7\u00e3o ao Regulamento (UE) 2016\/679 do Parlamento Europeu e do Conselho, de 27 de abril de 2016, Regulamento Geral sobre a Prote\u00e7\u00e3o de Dados (RGPD) e \u00e0 Lei Org\u00e2nica 3\/2018, de [&hellip;]\" \/>\n<meta property=\"og:url\" content=\"https:\/\/kadion.com\/pt-pt\/politica-de-cookies\/\" \/>\n<meta property=\"og:site_name\" content=\"Kadion\" \/>\n<meta property=\"article:modified_time\" content=\"2025-12-15T14:13:55+00:00\" \/>\n<meta name=\"twitter:card\" content=\"summary_large_image\" \/>\n<meta name=\"twitter:label1\" content=\"Tempo estimado de leitura\" \/>\n\t<meta name=\"twitter:data1\" content=\"6 minutos\" \/>\n<script type=\"application\/ld+json\" class=\"yoast-schema-graph\">{\"@context\":\"https:\/\/schema.org\",\"@graph\":[{\"@type\":\"WebPage\",\"@id\":\"https:\/\/kadion.com\/pt-pt\/politica-de-cookies\/\",\"url\":\"https:\/\/kadion.com\/pt-pt\/politica-de-cookies\/\",\"name\":\"Pol\u00edtica de cookies - Kadion\",\"isPartOf\":{\"@id\":\"https:\/\/kadion.com\/pt-pt\/#website\"},\"datePublished\":\"2025-12-09T08:34:21+00:00\",\"dateModified\":\"2025-12-15T14:13:55+00:00\",\"breadcrumb\":{\"@id\":\"https:\/\/kadion.com\/pt-pt\/politica-de-cookies\/#breadcrumb\"},\"inLanguage\":\"pt-PT\",\"potentialAction\":[{\"@type\":\"ReadAction\",\"target\":[\"https:\/\/kadion.com\/pt-pt\/politica-de-cookies\/\"]}]},{\"@type\":\"BreadcrumbList\",\"@id\":\"https:\/\/kadion.com\/pt-pt\/politica-de-cookies\/#breadcrumb\",\"itemListElement\":[{\"@type\":\"ListItem\",\"position\":1,\"name\":\"Portada\",\"item\":\"https:\/\/kadion.com\/pt-pt\/kadion\/\"},{\"@type\":\"ListItem\",\"position\":2,\"name\":\"Pol\u00edtica de cookies\"}]},{\"@type\":\"WebSite\",\"@id\":\"https:\/\/kadion.com\/pt-pt\/#website\",\"url\":\"https:\/\/kadion.com\/pt-pt\/\",\"name\":\"Kadion\",\"description\":\"\",\"publisher\":{\"@id\":\"https:\/\/kadion.com\/pt-pt\/#organization\"},\"potentialAction\":[{\"@type\":\"SearchAction\",\"target\":{\"@type\":\"EntryPoint\",\"urlTemplate\":\"https:\/\/kadion.com\/pt-pt\/?s={search_term_string}\"},\"query-input\":{\"@type\":\"PropertyValueSpecification\",\"valueRequired\":true,\"valueName\":\"search_term_string\"}}],\"inLanguage\":\"pt-PT\"},{\"@type\":\"Organization\",\"@id\":\"https:\/\/kadion.com\/pt-pt\/#organization\",\"name\":\"Distribution of chemical products\",\"url\":\"https:\/\/kadion.com\/pt-pt\/\",\"logo\":{\"@type\":\"ImageObject\",\"inLanguage\":\"pt-PT\",\"@id\":\"https:\/\/kadion.com\/pt-pt\/#\/schema\/logo\/image\/\",\"url\":\"https:\/\/kadion.com\/wp-content\/uploads\/2025\/12\/favicon-kadion.png\",\"contentUrl\":\"https:\/\/kadion.com\/wp-content\/uploads\/2025\/12\/favicon-kadion.png\",\"width\":512,\"height\":512,\"caption\":\"Distribution of chemical products\"},\"image\":{\"@id\":\"https:\/\/kadion.com\/pt-pt\/#\/schema\/logo\/image\/\"}}]}<\/script>\n<!-- \/ Yoast SEO plugin. -->","yoast_head_json":{"title":"Pol\u00edtica de cookies - Kadion","robots":{"index":"noindex","follow":"follow"},"og_locale":"pt_PT","og_type":"article","og_title":"Pol\u00edtica de cookies - Kadion","og_description":"Pol\u00edtica de cookies Em conformidade com a Lei 34\/2002, de 11 de julho, sobre Servi\u00e7os da Sociedade da Informa\u00e7\u00e3o e Com\u00e9rcio Eletr\u00f3nico (LSSI), em rela\u00e7\u00e3o ao Regulamento (UE) 2016\/679 do Parlamento Europeu e do Conselho, de 27 de abril de 2016, Regulamento Geral sobre a Prote\u00e7\u00e3o de Dados (RGPD) e \u00e0 Lei Org\u00e2nica 3\/2018, de [&hellip;]","og_url":"https:\/\/kadion.com\/pt-pt\/politica-de-cookies\/","og_site_name":"Kadion","article_modified_time":"2025-12-15T14:13:55+00:00","twitter_card":"summary_large_image","twitter_misc":{"Tempo estimado de leitura":"6 minutos"},"schema":{"@context":"https:\/\/schema.org","@graph":[{"@type":"WebPage","@id":"https:\/\/kadion.com\/pt-pt\/politica-de-cookies\/","url":"https:\/\/kadion.com\/pt-pt\/politica-de-cookies\/","name":"Pol\u00edtica de cookies - Kadion","isPartOf":{"@id":"https:\/\/kadion.com\/pt-pt\/#website"},"datePublished":"2025-12-09T08:34:21+00:00","dateModified":"2025-12-15T14:13:55+00:00","breadcrumb":{"@id":"https:\/\/kadion.com\/pt-pt\/politica-de-cookies\/#breadcrumb"},"inLanguage":"pt-PT","potentialAction":[{"@type":"ReadAction","target":["https:\/\/kadion.com\/pt-pt\/politica-de-cookies\/"]}]},{"@type":"BreadcrumbList","@id":"https:\/\/kadion.com\/pt-pt\/politica-de-cookies\/#breadcrumb","itemListElement":[{"@type":"ListItem","position":1,"name":"Portada","item":"https:\/\/kadion.com\/pt-pt\/kadion\/"},{"@type":"ListItem","position":2,"name":"Pol\u00edtica de cookies"}]},{"@type":"WebSite","@id":"https:\/\/kadion.com\/pt-pt\/#website","url":"https:\/\/kadion.com\/pt-pt\/","name":"Kadion","description":"","publisher":{"@id":"https:\/\/kadion.com\/pt-pt\/#organization"},"potentialAction":[{"@type":"SearchAction","target":{"@type":"EntryPoint","urlTemplate":"https:\/\/kadion.com\/pt-pt\/?s={search_term_string}"},"query-input":{"@type":"PropertyValueSpecification","valueRequired":true,"valueName":"search_term_string"}}],"inLanguage":"pt-PT"},{"@type":"Organization","@id":"https:\/\/kadion.com\/pt-pt\/#organization","name":"Distribution of chemical products","url":"https:\/\/kadion.com\/pt-pt\/","logo":{"@type":"ImageObject","inLanguage":"pt-PT","@id":"https:\/\/kadion.com\/pt-pt\/#\/schema\/logo\/image\/","url":"https:\/\/kadion.com\/wp-content\/uploads\/2025\/12\/favicon-kadion.png","contentUrl":"https:\/\/kadion.com\/wp-content\/uploads\/2025\/12\/favicon-kadion.png","width":512,"height":512,"caption":"Distribution of chemical products"},"image":{"@id":"https:\/\/kadion.com\/pt-pt\/#\/schema\/logo\/image\/"}}]}},"_links":{"self":[{"href":"https:\/\/kadion.com\/pt-pt\/wp-json\/wp\/v2\/pages\/15859","targetHints":{"allow":["GET"]}}],"collection":[{"href":"https:\/\/kadion.com\/pt-pt\/wp-json\/wp\/v2\/pages"}],"about":[{"href":"https:\/\/kadion.com\/pt-pt\/wp-json\/wp\/v2\/types\/page"}],"author":[{"embeddable":true,"href":"https:\/\/kadion.com\/pt-pt\/wp-json\/wp\/v2\/users\/1"}],"replies":[{"embeddable":true,"href":"https:\/\/kadion.com\/pt-pt\/wp-json\/wp\/v2\/comments?post=15859"}],"version-history":[{"count":1,"href":"https:\/\/kadion.com\/pt-pt\/wp-json\/wp\/v2\/pages\/15859\/revisions"}],"predecessor-version":[{"id":15860,"href":"https:\/\/kadion.com\/pt-pt\/wp-json\/wp\/v2\/pages\/15859\/revisions\/15860"}],"wp:attachment":[{"href":"https:\/\/kadion.com\/pt-pt\/wp-json\/wp\/v2\/media?parent=15859"}],"curies":[{"name":"wp","href":"https:\/\/api.w.org\/{rel}","templated":true}]}}