{"id":15830,"date":"2025-12-02T17:02:39","date_gmt":"2025-12-02T16:02:39","guid":{"rendered":"https:\/\/kadion.com\/politica-de-privacidade\/"},"modified":"2025-12-15T14:34:52","modified_gmt":"2025-12-15T13:34:52","slug":"politica-de-privacidade","status":"publish","type":"page","link":"https:\/\/kadion.com\/pt-pt\/politica-de-privacidade\/","title":{"rendered":"pol\u00edtica de Privacidade"},"content":{"rendered":"\t\t<div data-elementor-type=\"wp-page\" data-elementor-id=\"15830\" class=\"elementor elementor-15830 elementor-3\" data-elementor-post-type=\"page\">\n\t\t\t\t<div class=\"elementor-element elementor-element-912d582 e-flex e-con-boxed e-con e-parent\" data-id=\"912d582\" data-element_type=\"container\" data-e-type=\"container\" data-settings=\"{&quot;background_background&quot;:&quot;classic&quot;}\">\n\t\t\t\t\t<div class=\"e-con-inner\">\n\t\t<div class=\"elementor-element elementor-element-32b83a4 e-con-full e-flex e-con e-child\" data-id=\"32b83a4\" data-element_type=\"container\" data-e-type=\"container\">\n\t\t\t\t<div class=\"elementor-element elementor-element-226a210 elementor-widget elementor-widget-heading\" data-id=\"226a210\" data-element_type=\"widget\" data-e-type=\"widget\" data-widget_type=\"heading.default\">\n\t\t\t\t\t<h1 class=\"elementor-heading-title elementor-size-default\">pol\u00edtica de Privacidade<\/h1>\t\t\t\t<\/div>\n\t\t\t\t<div class=\"elementor-element elementor-element-3b288e5 elementor-widget-divider--view-line elementor-widget elementor-widget-divider\" data-id=\"3b288e5\" data-element_type=\"widget\" data-e-type=\"widget\" data-widget_type=\"divider.default\">\n\t\t\t\t\t\t\t<div class=\"elementor-divider\">\n\t\t\t<span class=\"elementor-divider-separator\">\n\t\t\t\t\t\t<\/span>\n\t\t<\/div>\n\t\t\t\t\t\t<\/div>\n\t\t\t\t<\/div>\n\t\t<div class=\"elementor-element elementor-element-9be7830 e-con-full elementor-hidden-mobile e-flex e-con e-child\" data-id=\"9be7830\" data-element_type=\"container\" data-e-type=\"container\">\n\t\t\t\t<\/div>\n\t\t\t\t\t<\/div>\n\t\t\t\t<\/div>\n\t\t<div class=\"elementor-element elementor-element-4b1d65a e-flex e-con-boxed e-con e-parent\" data-id=\"4b1d65a\" data-element_type=\"container\" data-e-type=\"container\">\n\t\t\t\t\t<div class=\"e-con-inner\">\n\t\t\t\t<div class=\"elementor-element elementor-element-c6f0a33 elementor-widget elementor-widget-text-editor\" data-id=\"c6f0a33\" data-element_type=\"widget\" data-e-type=\"widget\" data-widget_type=\"text-editor.default\">\n\t\t\t\t\t\t\t\t\t<h2>1. pol\u00edtica de Privacidade<\/h2>\n<p>A KADION ESPECIALIDADES QU\u00cdMICAS, SL informa os utilizadores do website sobre a sua pol\u00edtica de tratamento e prote\u00e7\u00e3o de dados pessoais de utilizadores e clientes que possam ser recolhidos atrav\u00e9s da navega\u00e7\u00e3o ou do pedido de informa\u00e7\u00f5es neste website, bem como os dados pessoais detidos pela KADION ESPECIALIDADES QU\u00cdMICAS, SL recolhidos por qualquer outro meio ou por qualquer outro motivo. Neste contexto, a KADION ESPECIALIDADES QU\u00cdMICAS, SL garante o cumprimento da legisla\u00e7\u00e3o em vigor sobre a prote\u00e7\u00e3o de dados pessoais, conforme refletido no Regulamento Geral sobre a Prote\u00e7\u00e3o de Dados (UE) 2016\/679, e manifesta o seu compromisso com a confidencialidade e seguran\u00e7a dos dados. RESPONS\u00c1VEL PELO TRATAMENTO DE DADOS: KADION ESPECIALIDADES QU\u00cdMICAS, SL, com sede social em Calle Can R\u00e0bia, n\u00ba 15, 08017 Barcelona, \u200b\u200bEspanha e NIF (N\u00famero de Identifica\u00e7\u00e3o Fiscal). N\u00famero B-61502001, Telefone: +34 934 809 181. E-mail: <a href=\"mailto:contact@kadion.com\" target=\"_blank\" rel=\"noopener\">contact@kadion.com<\/a>   <\/p>\t\t\t\t\t\t\t\t<\/div>\n\t\t\t\t<div class=\"elementor-element elementor-element-4685d3d elementor-widget elementor-widget-text-editor\" data-id=\"4685d3d\" data-element_type=\"widget\" data-e-type=\"widget\" data-widget_type=\"text-editor.default\">\n\t\t\t\t\t\t\t\t\t<h2>2. Coleta, finalidade e processamento de dados<\/h2>\n<p>A KADION ESPECIALIDADES QU\u00cdMICAS, SL obriga-se a informar os utilizadores do seu website sobre a recolha de dados pessoais que possa ocorrer, seja atrav\u00e9s de email ou pelo preenchimento de formul\u00e1rios no website. Neste contexto, a KADION ESPECIALIDADES QU\u00cdMICAS, SL ser\u00e1 considerada a Respons\u00e1vel pelo Tratamento dos dados recolhidos atrav\u00e9s dos meios acima mencionados. Al\u00e9m disso, a KADION ESPECIALIDADES QU\u00cdMICAS, SL informa os utilizadores que a finalidade do tratamento dos dados recolhidos inclui: responder aos pedidos dos utilizadores, adicionar utilizadores \u00e0 lista de contactos, prestar servi\u00e7os e gerir a rela\u00e7\u00e3o comercial, bem como enviar informa\u00e7\u00f5es e ofertas semelhantes \u00e0s informa\u00e7\u00f5es solicitadas. Os seus dados ser\u00e3o devidamente armazenados e protegidos contra a perda ou altera\u00e7\u00e3o de informa\u00e7\u00f5es e o acesso n\u00e3o autorizado enquanto existir a rela\u00e7\u00e3o comercial e at\u00e9 5 anos ap\u00f3s o seu t\u00e9rmino, salvo indica\u00e7\u00e3o em contr\u00e1rio e desde que a legisla\u00e7\u00e3o em vigor permita a elimina\u00e7\u00e3o dos dados.   <\/p>\t\t\t\t\t\t\t\t<\/div>\n\t\t\t\t<div class=\"elementor-element elementor-element-58e9516 elementor-widget elementor-widget-text-editor\" data-id=\"58e9516\" data-element_type=\"widget\" data-e-type=\"widget\" data-widget_type=\"text-editor.default\">\n\t\t\t\t\t\t\t\t\t<h2>3. Comunica\u00e7\u00e3o de informa\u00e7\u00f5es a terceiros<\/h2>\n<p>A KADION ESPECIALIDADES QU\u00cdMICAS, SL informa os usu\u00e1rios que seus dados pessoais n\u00e3o ser\u00e3o transferidos ou comunicados a organiza\u00e7\u00f5es terceiras, exceto quando tal transfer\u00eancia de dados for exigida por lei ou quando a presta\u00e7\u00e3o de um servi\u00e7o implicar a necessidade de uma rela\u00e7\u00e3o contratual com um processador de dados devidamente contratado, com todas as garantias estabelecidas pelo Regulamento Geral (UE) 2016\/679.<\/p>\t\t\t\t\t\t\t\t<\/div>\n\t\t\t\t<div class=\"elementor-element elementor-element-abb9a77 elementor-widget elementor-widget-text-editor\" data-id=\"abb9a77\" data-element_type=\"widget\" data-e-type=\"widget\" data-widget_type=\"text-editor.default\">\n\t\t\t\t\t\t\t\t\t<h2>4. Direitos do Usu\u00e1rio<\/h2>\n<p>O Regulamento Geral de Prote\u00e7\u00e3o de Dados de Car\u00e1ter Pessoal (UE) 2016\/679 concede aos titulares dos dados a possibilidade de exercer uma s\u00e9rie de direitos relacionados com o tratamento dos seus dados pessoais. Na medida em que os dados do utilizador sejam objeto de tratamento ou sejam conservados pela KADION ESPECIALIDADES QU\u00cdMICAS, SL, os utilizadores poder\u00e3o exercer os direitos de acesso, retifica\u00e7\u00e3o, elimina\u00e7\u00e3o e oposi\u00e7\u00e3o, de acordo com o previsto na legisla\u00e7\u00e3o vigente em mat\u00e9ria de prote\u00e7\u00e3o de dados pessoais. Para exercer estes direitos, o utilizador dever\u00e1 dirigir-se mediante comunica\u00e7\u00e3o escrita para o seguinte endere\u00e7o: KADION ESPECIALIDADES QU\u00cdMICAS, SL, rua Can R\u00e0bia, n\u00ba 15, 08017 Barcelona, Espanha, ou enviar um correio eletr\u00f3nico para: [contact@kadion.com](mailto:contact@kadion.com), anexando, em ambos os casos, uma fotoc\u00f3pia da documenta\u00e7\u00e3o que comprove a sua identidade (Documento de Identidade ou passaporte). Essa comunica\u00e7\u00e3o dever\u00e1 conter a seguinte informa\u00e7\u00e3o: nome e apelidos do utilizador, morada, dados comprovativos e o pedido concreto do direito que pretende exercer. O exerc\u00edcio dos direitos dever\u00e1 ser realizado pelo pr\u00f3prio utilizador, pelo seu herdeiro ou por uma pessoa autorizada como seu representante legal. Nesse caso, dever\u00e1 ser apresentada a documenta\u00e7\u00e3o que comprove essa representa\u00e7\u00e3o do titular dos dados, a aceita\u00e7\u00e3o da heran\u00e7a ou os respetivos poderes. Informamos ainda que pode apresentar uma reclama\u00e7\u00e3o junto da Ag\u00eancia Espanhola de Prote\u00e7\u00e3o de Dados caso considere que os seus direitos foram violados.      <\/p>\t\t\t\t\t\t\t\t<\/div>\n\t\t\t\t\t<\/div>\n\t\t\t\t<\/div>\n\t\t\t\t<\/div>\n\t\t","protected":false},"excerpt":{"rendered":"<p>pol\u00edtica de Privacidade 1. pol\u00edtica de Privacidade A KADION ESPECIALIDADES QU\u00cdMICAS, SL informa os utilizadores do website sobre a sua pol\u00edtica de tratamento e prote\u00e7\u00e3o de dados pessoais de utilizadores e clientes que possam ser recolhidos atrav\u00e9s da navega\u00e7\u00e3o ou do pedido de informa\u00e7\u00f5es neste website, bem como os dados pessoais detidos pela KADION ESPECIALIDADES [&hellip;]<\/p>\n","protected":false},"author":1,"featured_media":0,"parent":0,"menu_order":0,"comment_status":"closed","ping_status":"closed","template":"elementor_header_footer","meta":{"_acf_changed":false,"footnotes":""},"class_list":["post-15830","page","type-page","status-publish","hentry"],"acf":[],"yoast_head":"<!-- This site is optimized with the Yoast SEO plugin v26.9 - https:\/\/yoast.com\/product\/yoast-seo-wordpress\/ -->\n<title>pol\u00edtica de Privacidade - Kadion<\/title>\n<meta name=\"robots\" content=\"noindex, follow\" \/>\n<meta property=\"og:locale\" content=\"pt_PT\" \/>\n<meta property=\"og:type\" content=\"article\" \/>\n<meta property=\"og:title\" content=\"pol\u00edtica de Privacidade - Kadion\" \/>\n<meta property=\"og:description\" content=\"pol\u00edtica de Privacidade 1. pol\u00edtica de Privacidade A KADION ESPECIALIDADES QU\u00cdMICAS, SL informa os utilizadores do website sobre a sua pol\u00edtica de tratamento e prote\u00e7\u00e3o de dados pessoais de utilizadores e clientes que possam ser recolhidos atrav\u00e9s da navega\u00e7\u00e3o ou do pedido de informa\u00e7\u00f5es neste website, bem como os dados pessoais detidos pela KADION ESPECIALIDADES [&hellip;]\" \/>\n<meta property=\"og:url\" content=\"https:\/\/kadion.com\/pt-pt\/politica-de-privacidade\/\" \/>\n<meta property=\"og:site_name\" content=\"Kadion\" \/>\n<meta property=\"article:modified_time\" content=\"2025-12-15T13:34:52+00:00\" \/>\n<meta name=\"twitter:card\" content=\"summary_large_image\" \/>\n<meta name=\"twitter:label1\" content=\"Tempo estimado de leitura\" \/>\n\t<meta name=\"twitter:data1\" content=\"3 minutos\" \/>\n<script type=\"application\/ld+json\" class=\"yoast-schema-graph\">{\"@context\":\"https:\/\/schema.org\",\"@graph\":[{\"@type\":\"WebPage\",\"@id\":\"https:\/\/kadion.com\/pt-pt\/politica-de-privacidade\/\",\"url\":\"https:\/\/kadion.com\/pt-pt\/politica-de-privacidade\/\",\"name\":\"pol\u00edtica de Privacidade - Kadion\",\"isPartOf\":{\"@id\":\"https:\/\/kadion.com\/pt-pt\/#website\"},\"datePublished\":\"2025-12-02T16:02:39+00:00\",\"dateModified\":\"2025-12-15T13:34:52+00:00\",\"breadcrumb\":{\"@id\":\"https:\/\/kadion.com\/pt-pt\/politica-de-privacidade\/#breadcrumb\"},\"inLanguage\":\"pt-PT\",\"potentialAction\":[{\"@type\":\"ReadAction\",\"target\":[\"https:\/\/kadion.com\/pt-pt\/politica-de-privacidade\/\"]}]},{\"@type\":\"BreadcrumbList\",\"@id\":\"https:\/\/kadion.com\/pt-pt\/politica-de-privacidade\/#breadcrumb\",\"itemListElement\":[{\"@type\":\"ListItem\",\"position\":1,\"name\":\"Portada\",\"item\":\"https:\/\/kadion.com\/pt-pt\/kadion\/\"},{\"@type\":\"ListItem\",\"position\":2,\"name\":\"pol\u00edtica de Privacidade\"}]},{\"@type\":\"WebSite\",\"@id\":\"https:\/\/kadion.com\/pt-pt\/#website\",\"url\":\"https:\/\/kadion.com\/pt-pt\/\",\"name\":\"Kadion\",\"description\":\"\",\"publisher\":{\"@id\":\"https:\/\/kadion.com\/pt-pt\/#organization\"},\"potentialAction\":[{\"@type\":\"SearchAction\",\"target\":{\"@type\":\"EntryPoint\",\"urlTemplate\":\"https:\/\/kadion.com\/pt-pt\/?s={search_term_string}\"},\"query-input\":{\"@type\":\"PropertyValueSpecification\",\"valueRequired\":true,\"valueName\":\"search_term_string\"}}],\"inLanguage\":\"pt-PT\"},{\"@type\":\"Organization\",\"@id\":\"https:\/\/kadion.com\/pt-pt\/#organization\",\"name\":\"Distribution of chemical products\",\"url\":\"https:\/\/kadion.com\/pt-pt\/\",\"logo\":{\"@type\":\"ImageObject\",\"inLanguage\":\"pt-PT\",\"@id\":\"https:\/\/kadion.com\/pt-pt\/#\/schema\/logo\/image\/\",\"url\":\"https:\/\/kadion.com\/wp-content\/uploads\/2025\/12\/favicon-kadion.png\",\"contentUrl\":\"https:\/\/kadion.com\/wp-content\/uploads\/2025\/12\/favicon-kadion.png\",\"width\":512,\"height\":512,\"caption\":\"Distribution of chemical products\"},\"image\":{\"@id\":\"https:\/\/kadion.com\/pt-pt\/#\/schema\/logo\/image\/\"}}]}<\/script>\n<!-- \/ Yoast SEO plugin. -->","yoast_head_json":{"title":"pol\u00edtica de Privacidade - Kadion","robots":{"index":"noindex","follow":"follow"},"og_locale":"pt_PT","og_type":"article","og_title":"pol\u00edtica de Privacidade - Kadion","og_description":"pol\u00edtica de Privacidade 1. pol\u00edtica de Privacidade A KADION ESPECIALIDADES QU\u00cdMICAS, SL informa os utilizadores do website sobre a sua pol\u00edtica de tratamento e prote\u00e7\u00e3o de dados pessoais de utilizadores e clientes que possam ser recolhidos atrav\u00e9s da navega\u00e7\u00e3o ou do pedido de informa\u00e7\u00f5es neste website, bem como os dados pessoais detidos pela KADION ESPECIALIDADES [&hellip;]","og_url":"https:\/\/kadion.com\/pt-pt\/politica-de-privacidade\/","og_site_name":"Kadion","article_modified_time":"2025-12-15T13:34:52+00:00","twitter_card":"summary_large_image","twitter_misc":{"Tempo estimado de leitura":"3 minutos"},"schema":{"@context":"https:\/\/schema.org","@graph":[{"@type":"WebPage","@id":"https:\/\/kadion.com\/pt-pt\/politica-de-privacidade\/","url":"https:\/\/kadion.com\/pt-pt\/politica-de-privacidade\/","name":"pol\u00edtica de Privacidade - Kadion","isPartOf":{"@id":"https:\/\/kadion.com\/pt-pt\/#website"},"datePublished":"2025-12-02T16:02:39+00:00","dateModified":"2025-12-15T13:34:52+00:00","breadcrumb":{"@id":"https:\/\/kadion.com\/pt-pt\/politica-de-privacidade\/#breadcrumb"},"inLanguage":"pt-PT","potentialAction":[{"@type":"ReadAction","target":["https:\/\/kadion.com\/pt-pt\/politica-de-privacidade\/"]}]},{"@type":"BreadcrumbList","@id":"https:\/\/kadion.com\/pt-pt\/politica-de-privacidade\/#breadcrumb","itemListElement":[{"@type":"ListItem","position":1,"name":"Portada","item":"https:\/\/kadion.com\/pt-pt\/kadion\/"},{"@type":"ListItem","position":2,"name":"pol\u00edtica de Privacidade"}]},{"@type":"WebSite","@id":"https:\/\/kadion.com\/pt-pt\/#website","url":"https:\/\/kadion.com\/pt-pt\/","name":"Kadion","description":"","publisher":{"@id":"https:\/\/kadion.com\/pt-pt\/#organization"},"potentialAction":[{"@type":"SearchAction","target":{"@type":"EntryPoint","urlTemplate":"https:\/\/kadion.com\/pt-pt\/?s={search_term_string}"},"query-input":{"@type":"PropertyValueSpecification","valueRequired":true,"valueName":"search_term_string"}}],"inLanguage":"pt-PT"},{"@type":"Organization","@id":"https:\/\/kadion.com\/pt-pt\/#organization","name":"Distribution of chemical products","url":"https:\/\/kadion.com\/pt-pt\/","logo":{"@type":"ImageObject","inLanguage":"pt-PT","@id":"https:\/\/kadion.com\/pt-pt\/#\/schema\/logo\/image\/","url":"https:\/\/kadion.com\/wp-content\/uploads\/2025\/12\/favicon-kadion.png","contentUrl":"https:\/\/kadion.com\/wp-content\/uploads\/2025\/12\/favicon-kadion.png","width":512,"height":512,"caption":"Distribution of chemical products"},"image":{"@id":"https:\/\/kadion.com\/pt-pt\/#\/schema\/logo\/image\/"}}]}},"_links":{"self":[{"href":"https:\/\/kadion.com\/pt-pt\/wp-json\/wp\/v2\/pages\/15830","targetHints":{"allow":["GET"]}}],"collection":[{"href":"https:\/\/kadion.com\/pt-pt\/wp-json\/wp\/v2\/pages"}],"about":[{"href":"https:\/\/kadion.com\/pt-pt\/wp-json\/wp\/v2\/types\/page"}],"author":[{"embeddable":true,"href":"https:\/\/kadion.com\/pt-pt\/wp-json\/wp\/v2\/users\/1"}],"replies":[{"embeddable":true,"href":"https:\/\/kadion.com\/pt-pt\/wp-json\/wp\/v2\/comments?post=15830"}],"version-history":[{"count":1,"href":"https:\/\/kadion.com\/pt-pt\/wp-json\/wp\/v2\/pages\/15830\/revisions"}],"predecessor-version":[{"id":15831,"href":"https:\/\/kadion.com\/pt-pt\/wp-json\/wp\/v2\/pages\/15830\/revisions\/15831"}],"wp:attachment":[{"href":"https:\/\/kadion.com\/pt-pt\/wp-json\/wp\/v2\/media?parent=15830"}],"curies":[{"name":"wp","href":"https:\/\/api.w.org\/{rel}","templated":true}]}}