{"id":15674,"date":"2025-12-09T09:35:51","date_gmt":"2025-12-09T08:35:51","guid":{"rendered":"https:\/\/kadion.com\/produtos\/"},"modified":"2025-12-15T12:54:13","modified_gmt":"2025-12-15T11:54:13","slug":"produtos","status":"publish","type":"page","link":"https:\/\/kadion.com\/pt-pt\/produtos\/","title":{"rendered":"Produtos"},"content":{"rendered":"\t\t<div data-elementor-type=\"wp-page\" data-elementor-id=\"15674\" class=\"elementor elementor-15674 elementor-56\" data-elementor-post-type=\"page\">\n\t\t\t\t<div class=\"elementor-element elementor-element-c3e957a e-flex e-con-boxed e-con e-parent\" data-id=\"c3e957a\" data-element_type=\"container\" data-e-type=\"container\" data-settings=\"{&quot;background_background&quot;:&quot;classic&quot;}\">\n\t\t\t\t\t<div class=\"e-con-inner\">\n\t\t<div class=\"elementor-element elementor-element-73fb25b e-con-full e-flex e-con e-child\" data-id=\"73fb25b\" data-element_type=\"container\" data-e-type=\"container\">\n\t\t\t\t<div class=\"elementor-element elementor-element-57ac01c elementor-widget elementor-widget-heading\" data-id=\"57ac01c\" data-element_type=\"widget\" data-e-type=\"widget\" data-widget_type=\"heading.default\">\n\t\t\t\t\t<h1 class=\"elementor-heading-title elementor-size-default\">Produtos<\/h1>\t\t\t\t<\/div>\n\t\t\t\t<div class=\"elementor-element elementor-element-2f6e2a1 elementor-widget-divider--view-line elementor-widget elementor-widget-divider\" data-id=\"2f6e2a1\" data-element_type=\"widget\" data-e-type=\"widget\" data-widget_type=\"divider.default\">\n\t\t\t\t\t\t\t<div class=\"elementor-divider\">\n\t\t\t<span class=\"elementor-divider-separator\">\n\t\t\t\t\t\t<\/span>\n\t\t<\/div>\n\t\t\t\t\t\t<\/div>\n\t\t\t\t<div class=\"elementor-element elementor-element-b42d099 elementor-widget elementor-widget-heading\" data-id=\"b42d099\" data-element_type=\"widget\" data-e-type=\"widget\" data-widget_type=\"heading.default\">\n\t\t\t\t\t<p class=\"elementor-heading-title elementor-size-default\">Os nossos produtos s\u00e3o baseados em especialidades qu\u00edmicas<\/p>\t\t\t\t<\/div>\n\t\t\t\t<\/div>\n\t\t<div class=\"elementor-element elementor-element-593c0d8 e-con-full elementor-hidden-mobile e-flex e-con e-child\" data-id=\"593c0d8\" data-element_type=\"container\" data-e-type=\"container\">\n\t\t\t\t<\/div>\n\t\t\t\t\t<\/div>\n\t\t\t\t<\/div>\n\t\t<div class=\"elementor-element elementor-element-07cb237 e-flex e-con-boxed e-con e-parent\" data-id=\"07cb237\" data-element_type=\"container\" data-e-type=\"container\">\n\t\t\t\t\t<div class=\"e-con-inner\">\n\t\t<div class=\"elementor-element elementor-element-3ecd11d e-con-full e-flex e-con e-child\" data-id=\"3ecd11d\" data-element_type=\"container\" data-e-type=\"container\">\n\t\t\t\t<div class=\"elementor-element elementor-element-e0ffa91 elementor-widget elementor-widget-text-editor\" data-id=\"e0ffa91\" data-element_type=\"widget\" data-e-type=\"widget\" data-widget_type=\"text-editor.default\">\n\t\t\t\t\t\t\t\t\t<p>Em KADION lhes oferecemos uma solu\u00e7\u00e3o global baseada em produtos qu\u00edmicos e solu\u00e7\u00f5es adaptadas \u00e0s necessidades espec\u00edficas da vossa empresa e do vosso setor.<\/p><p>Distribuimos produtos qu\u00edmicos h\u00e1 mais de 24 anos e, devido a esta experi\u00eancia, temos o conhecimento necess\u00e1rios para colocar a vossa disposi\u00e7\u00e3o uma ampla e completa gama de produtos e ingredientes. Gra\u00e7as ao nosso poder de compra, somos capazes de adicionar constantemente novos produtos \u00e0 nossa carteira. <\/p>\t\t\t\t\t\t\t\t<\/div>\n\t\t\t\t<\/div>\n\t\t<div class=\"elementor-element elementor-element-d65088c e-con-full e-flex e-con e-child\" data-id=\"d65088c\" data-element_type=\"container\" data-e-type=\"container\">\n\t\t\t\t<div class=\"elementor-element elementor-element-93a2b14 elementor-widget elementor-widget-image\" data-id=\"93a2b14\" data-element_type=\"widget\" data-e-type=\"widget\" data-widget_type=\"image.default\">\n\t\t\t\t\t\t\t\t\t\t\t\t\t\t\t<img fetchpriority=\"high\" decoding=\"async\" width=\"800\" height=\"530\" src=\"https:\/\/kadion.com\/wp-content\/uploads\/2025\/12\/kadion_productos_inicio.webp\" class=\"attachment-large size-large wp-image-15669\" alt=\"\" srcset=\"https:\/\/kadion.com\/wp-content\/uploads\/2025\/12\/kadion_productos_inicio.webp 996w, https:\/\/kadion.com\/wp-content\/uploads\/2025\/12\/kadion_productos_inicio-300x199.webp 300w, https:\/\/kadion.com\/wp-content\/uploads\/2025\/12\/kadion_productos_inicio-768x509.webp 768w\" sizes=\"(max-width: 800px) 100vw, 800px\" \/>\t\t\t\t\t\t\t\t\t\t\t\t\t\t\t<\/div>\n\t\t\t\t<\/div>\n\t\t\t\t\t<\/div>\n\t\t\t\t<\/div>\n\t\t<div class=\"elementor-element elementor-element-84eea3a e-flex e-con-boxed e-con e-child\" data-id=\"84eea3a\" data-element_type=\"container\" data-e-type=\"container\">\n\t\t\t\t\t<div class=\"e-con-inner\">\n\t\t<div class=\"elementor-element elementor-element-98b011a e-con-full e-flex e-con e-child\" data-id=\"98b011a\" data-element_type=\"container\" data-e-type=\"container\" data-settings=\"{&quot;background_background&quot;:&quot;classic&quot;}\">\n\t\t\t\t<div class=\"elementor-element elementor-element-12c4e21 elementor-widget elementor-widget-heading\" data-id=\"12c4e21\" data-element_type=\"widget\" data-e-type=\"widget\" data-widget_type=\"heading.default\">\n\t\t\t\t\t<h3 class=\"elementor-heading-title elementor-size-default\">Pigmentos <\/h3>\t\t\t\t<\/div>\n\t\t\t\t<div class=\"elementor-element elementor-element-9ec2e02 elementor-widget elementor-widget-text-editor\" data-id=\"9ec2e02\" data-element_type=\"widget\" data-e-type=\"widget\" data-widget_type=\"text-editor.default\">\n\t\t\t\t\t\t\t\t\t<p>Pigmentos, tanto org\u00e2nicos quanto inorg\u00e2nicos, e corantes sol\u00faveis oferecem solu\u00e7\u00f5es de cores sob medida para uma ampla gama de ind\u00fastrias. De tonalidades intensas e vers\u00e1teis a op\u00e7\u00f5es altamente est\u00e1veis \u200b\u200be puras, cada fam\u00edlia proporciona propriedades espec\u00edficas que permitem resultados precisos e de alta qualidade em diversas aplica\u00e7\u00f5es. <\/p>\t\t\t\t\t\t\t\t<\/div>\n\t\t\t\t<div class=\"elementor-element elementor-element-7e727d6 elementor-align-left elementor-mobile-align-center elementor-widget elementor-widget-button\" data-id=\"7e727d6\" data-element_type=\"widget\" data-e-type=\"widget\" data-widget_type=\"button.default\">\n\t\t\t\t\t\t\t\t\t\t<a class=\"elementor-button elementor-button-link elementor-size-sm\" href=\"https:\/\/kadion.com\/pigmentos\/\">\n\t\t\t\t\t\t<span class=\"elementor-button-content-wrapper\">\n\t\t\t\t\t\t\t\t\t<span class=\"elementor-button-text\">Ver gamas de pigmentos<\/span>\n\t\t\t\t\t<\/span>\n\t\t\t\t\t<\/a>\n\t\t\t\t\t\t\t\t<\/div>\n\t\t\t\t<\/div>\n\t\t<div class=\"elementor-element elementor-element-c761149 e-con-full elementor-hidden-mobile e-flex e-con e-child\" data-id=\"c761149\" data-element_type=\"container\" data-e-type=\"container\" data-settings=\"{&quot;background_background&quot;:&quot;classic&quot;}\">\n\t\t\t\t<\/div>\n\t\t\t\t\t<\/div>\n\t\t\t\t<\/div>\n\t\t<div class=\"elementor-element elementor-element-9894d28 e-flex e-con-boxed e-con e-child\" data-id=\"9894d28\" data-element_type=\"container\" data-e-type=\"container\">\n\t\t\t\t\t<div class=\"e-con-inner\">\n\t\t<div class=\"elementor-element elementor-element-985ebc5 e-con-full e-flex e-con e-child\" data-id=\"985ebc5\" data-element_type=\"container\" data-e-type=\"container\" data-settings=\"{&quot;background_background&quot;:&quot;classic&quot;}\">\n\t\t\t\t<div class=\"elementor-element elementor-element-94c8bf2 elementor-widget elementor-widget-heading\" data-id=\"94c8bf2\" data-element_type=\"widget\" data-e-type=\"widget\" data-widget_type=\"heading.default\">\n\t\t\t\t\t<h3 class=\"elementor-heading-title elementor-size-default\">Pigmentos de efeito<\/h3>\t\t\t\t<\/div>\n\t\t\t\t<div class=\"elementor-element elementor-element-f8ed8be elementor-widget elementor-widget-text-editor\" data-id=\"f8ed8be\" data-element_type=\"widget\" data-e-type=\"widget\" data-widget_type=\"text-editor.default\">\n\t\t\t\t\t\t\t\t\t<p>Os pigmentos de efeito adicionam brilho, profundidade e varia\u00e7\u00f5es \u00f3pticas que real\u00e7am todos os tipos de superf\u00edcies. Esta fam\u00edlia inclui pigmentos met\u00e1licos e perolados, capazes de gerar reflexos intensos, jogos de luz e acabamentos \u00fanicos para aplica\u00e7\u00f5es internas e externas. Sua versatilidade permite resultados diferenciados e altamente visuais, dependendo do material e da formula\u00e7\u00e3o utilizada.  <\/p>\t\t\t\t\t\t\t\t<\/div>\n\t\t\t\t<div class=\"elementor-element elementor-element-880a57c elementor-align-left elementor-mobile-align-center elementor-widget elementor-widget-button\" data-id=\"880a57c\" data-element_type=\"widget\" data-e-type=\"widget\" data-widget_type=\"button.default\">\n\t\t\t\t\t\t\t\t\t\t<a class=\"elementor-button elementor-button-link elementor-size-sm\" href=\"https:\/\/kadion.com\/pigmentos-de-efecto\/\">\n\t\t\t\t\t\t<span class=\"elementor-button-content-wrapper\">\n\t\t\t\t\t\t\t\t\t<span class=\"elementor-button-text\">Veja a gama completa<\/span>\n\t\t\t\t\t<\/span>\n\t\t\t\t\t<\/a>\n\t\t\t\t\t\t\t\t<\/div>\n\t\t\t\t<\/div>\n\t\t<div class=\"elementor-element elementor-element-f6a6a90 e-con-full elementor-hidden-mobile e-flex e-con e-child\" data-id=\"f6a6a90\" data-element_type=\"container\" data-e-type=\"container\" data-settings=\"{&quot;background_background&quot;:&quot;classic&quot;}\">\n\t\t\t\t<\/div>\n\t\t\t\t\t<\/div>\n\t\t\t\t<\/div>\n\t\t<div class=\"elementor-element elementor-element-e7eaffe e-flex e-con-boxed e-con e-child\" data-id=\"e7eaffe\" data-element_type=\"container\" data-e-type=\"container\">\n\t\t\t\t\t<div class=\"e-con-inner\">\n\t\t<div class=\"elementor-element elementor-element-b273f43 e-con-full e-flex e-con e-child\" data-id=\"b273f43\" data-element_type=\"container\" data-e-type=\"container\" data-settings=\"{&quot;background_background&quot;:&quot;classic&quot;}\">\n\t\t\t\t<div class=\"elementor-element elementor-element-c9dae13 elementor-widget elementor-widget-heading\" data-id=\"c9dae13\" data-element_type=\"widget\" data-e-type=\"widget\" data-widget_type=\"heading.default\">\n\t\t\t\t\t<h3 class=\"elementor-heading-title elementor-size-default\">Aditivos<\/h3>\t\t\t\t<\/div>\n\t\t\t\t<div class=\"elementor-element elementor-element-d2d45b5 elementor-widget elementor-widget-text-editor\" data-id=\"d2d45b5\" data-element_type=\"widget\" data-e-type=\"widget\" data-widget_type=\"text-editor.default\">\n\t\t\t\t\t\t\t\t\tOs aditivos desempenham um papel essencial na ind\u00fastria qu\u00edmica e no processamento de materiais, pois melhoram as propriedades, otimizam os processos e garantem o desempenho do produto final. De dispersantes e modificadores de reologia a antioxidantes, ceras e agentes de cura, cada aditivo cumpre uma fun\u00e7\u00e3o espec\u00edfica que ajuda a obter acabamentos mais est\u00e1veis, resistentes e eficientes, dependendo da aplica\u00e7\u00e3o. \t\t\t\t\t\t\t\t<\/div>\n\t\t\t\t<div class=\"elementor-element elementor-element-ac3df96 elementor-align-left elementor-mobile-align-center elementor-widget elementor-widget-button\" data-id=\"ac3df96\" data-element_type=\"widget\" data-e-type=\"widget\" data-widget_type=\"button.default\">\n\t\t\t\t\t\t\t\t\t\t<a class=\"elementor-button elementor-button-link elementor-size-sm\" href=\"https:\/\/kadion.com\/productos-kadion\/aditivos\/\">\n\t\t\t\t\t\t<span class=\"elementor-button-content-wrapper\">\n\t\t\t\t\t\t\t\t\t<span class=\"elementor-button-text\">Mais informa\u00e7\u00f5es<\/span>\n\t\t\t\t\t<\/span>\n\t\t\t\t\t<\/a>\n\t\t\t\t\t\t\t\t<\/div>\n\t\t\t\t<\/div>\n\t\t<div class=\"elementor-element elementor-element-b035879 e-con-full elementor-hidden-mobile e-flex e-con e-child\" data-id=\"b035879\" data-element_type=\"container\" data-e-type=\"container\" data-settings=\"{&quot;background_background&quot;:&quot;classic&quot;}\">\n\t\t\t\t<\/div>\n\t\t\t\t\t<\/div>\n\t\t\t\t<\/div>\n\t\t<div class=\"elementor-element elementor-element-5d1ac9f e-flex e-con-boxed e-con e-child\" data-id=\"5d1ac9f\" data-element_type=\"container\" data-e-type=\"container\">\n\t\t\t\t\t<div class=\"e-con-inner\">\n\t\t<div class=\"elementor-element elementor-element-aae1639 e-con-full e-flex e-con e-child\" data-id=\"aae1639\" data-element_type=\"container\" data-e-type=\"container\" data-settings=\"{&quot;background_background&quot;:&quot;classic&quot;}\">\n\t\t\t\t<div class=\"elementor-element elementor-element-423d376 elementor-widget elementor-widget-heading\" data-id=\"423d376\" data-element_type=\"widget\" data-e-type=\"widget\" data-widget_type=\"heading.default\">\n\t\t\t\t\t<h3 class=\"elementor-heading-title elementor-size-default\">Resinas<\/h3>\t\t\t\t<\/div>\n\t\t\t\t<div class=\"elementor-element elementor-element-1e2137e elementor-widget elementor-widget-text-editor\" data-id=\"1e2137e\" data-element_type=\"widget\" data-e-type=\"widget\" data-widget_type=\"text-editor.default\">\n\t\t\t\t\t\t\t\t\tAs resinas s\u00e3o um componente essencial na fabrica\u00e7\u00e3o de tintas, vernizes e revestimentos, atuando tamb\u00e9m como aglutinantes ou ve\u00edculos de pigmentos, dependendo da aplica\u00e7\u00e3o. A ind\u00fastria atual utiliza uma ampla variedade de resinas para alcan\u00e7ar propriedades espec\u00edficas, seja em sistemas ep\u00f3xi, vin\u00edlicos, poliuretanos ou acr\u00edlicos. Cada tipo oferece caracter\u00edsticas \u00fanicas que melhoram a ades\u00e3o, a durabilidade, o acabamento e o desempenho em diversos processos industriais.  \t\t\t\t\t\t\t\t<\/div>\n\t\t\t\t<div class=\"elementor-element elementor-element-469eda3 elementor-align-left elementor-mobile-align-center elementor-widget elementor-widget-button\" data-id=\"469eda3\" data-element_type=\"widget\" data-e-type=\"widget\" data-widget_type=\"button.default\">\n\t\t\t\t\t\t\t\t\t\t<a class=\"elementor-button elementor-button-link elementor-size-sm\" href=\"https:\/\/kadion.com\/productos-kadion\/resinas\/\">\n\t\t\t\t\t\t<span class=\"elementor-button-content-wrapper\">\n\t\t\t\t\t\t\t\t\t<span class=\"elementor-button-text\">Consultar gama<\/span>\n\t\t\t\t\t<\/span>\n\t\t\t\t\t<\/a>\n\t\t\t\t\t\t\t\t<\/div>\n\t\t\t\t<\/div>\n\t\t<div class=\"elementor-element elementor-element-09791ca e-con-full elementor-hidden-mobile e-flex e-con e-child\" data-id=\"09791ca\" data-element_type=\"container\" data-e-type=\"container\" data-settings=\"{&quot;background_background&quot;:&quot;classic&quot;}\">\n\t\t\t\t<\/div>\n\t\t\t\t\t<\/div>\n\t\t\t\t<\/div>\n\t\t\t\t<\/div>\n\t\t","protected":false},"excerpt":{"rendered":"<p>Produtos Os nossos produtos s\u00e3o baseados em especialidades qu\u00edmicas Em KADION lhes oferecemos uma solu\u00e7\u00e3o global baseada em produtos qu\u00edmicos e solu\u00e7\u00f5es adaptadas \u00e0s necessidades espec\u00edficas da vossa empresa e do vosso setor. Distribuimos produtos qu\u00edmicos h\u00e1 mais de 24 anos e, devido a esta experi\u00eancia, temos o conhecimento necess\u00e1rios para colocar a vossa disposi\u00e7\u00e3o [&hellip;]<\/p>\n","protected":false},"author":1,"featured_media":0,"parent":0,"menu_order":0,"comment_status":"closed","ping_status":"closed","template":"elementor_header_footer","meta":{"_acf_changed":false,"footnotes":""},"class_list":["post-15674","page","type-page","status-publish","hentry"],"acf":[],"yoast_head":"<!-- This site is optimized with the Yoast SEO plugin v26.9 - https:\/\/yoast.com\/product\/yoast-seo-wordpress\/ -->\n<title>Kadion | Produtos Qu\u00edmicos Industriais e Especiais<\/title>\n<meta name=\"description\" content=\"Gama de produtos qu\u00edmicos industriais: pigmentos, pigmentos de efeito, aditivos e resinas para m\u00faltiplas aplica\u00e7\u00f5es e setores.\" \/>\n<meta name=\"robots\" content=\"index, follow, max-snippet:-1, max-image-preview:large, max-video-preview:-1\" \/>\n<link rel=\"canonical\" href=\"https:\/\/kadion.com\/pt-pt\/produtos\/\" \/>\n<meta property=\"og:locale\" content=\"pt_PT\" \/>\n<meta property=\"og:type\" content=\"article\" \/>\n<meta property=\"og:title\" content=\"Kadion | Produtos Qu\u00edmicos Industriais e Especiais\" \/>\n<meta property=\"og:description\" content=\"Gama de produtos qu\u00edmicos industriais: pigmentos, pigmentos de efeito, aditivos e resinas para m\u00faltiplas aplica\u00e7\u00f5es e setores.\" \/>\n<meta property=\"og:url\" content=\"https:\/\/kadion.com\/pt-pt\/produtos\/\" \/>\n<meta property=\"og:site_name\" content=\"Kadion\" \/>\n<meta property=\"article:modified_time\" content=\"2025-12-15T11:54:13+00:00\" \/>\n<meta property=\"og:image\" content=\"https:\/\/kadion.com\/wp-content\/uploads\/2025\/12\/kadion_productos_inicio.webp\" \/>\n\t<meta property=\"og:image:width\" content=\"996\" \/>\n\t<meta property=\"og:image:height\" content=\"660\" \/>\n\t<meta property=\"og:image:type\" content=\"image\/webp\" \/>\n<meta name=\"twitter:card\" content=\"summary_large_image\" \/>\n<meta name=\"twitter:label1\" content=\"Tempo estimado de leitura\" \/>\n\t<meta name=\"twitter:data1\" content=\"2 minutos\" \/>\n<script type=\"application\/ld+json\" class=\"yoast-schema-graph\">{\"@context\":\"https:\/\/schema.org\",\"@graph\":[{\"@type\":\"WebPage\",\"@id\":\"https:\/\/kadion.com\/pt-pt\/produtos\/\",\"url\":\"https:\/\/kadion.com\/pt-pt\/produtos\/\",\"name\":\"Kadion | Produtos Qu\u00edmicos Industriais e Especiais\",\"isPartOf\":{\"@id\":\"https:\/\/kadion.com\/pt-pt\/#website\"},\"primaryImageOfPage\":{\"@id\":\"https:\/\/kadion.com\/pt-pt\/produtos\/#primaryimage\"},\"image\":{\"@id\":\"https:\/\/kadion.com\/pt-pt\/produtos\/#primaryimage\"},\"thumbnailUrl\":\"https:\/\/kadion.com\/wp-content\/uploads\/2025\/12\/kadion_productos_inicio.webp\",\"datePublished\":\"2025-12-09T08:35:51+00:00\",\"dateModified\":\"2025-12-15T11:54:13+00:00\",\"description\":\"Gama de produtos qu\u00edmicos industriais: pigmentos, pigmentos de efeito, aditivos e resinas para m\u00faltiplas aplica\u00e7\u00f5es e setores.\",\"breadcrumb\":{\"@id\":\"https:\/\/kadion.com\/pt-pt\/produtos\/#breadcrumb\"},\"inLanguage\":\"pt-PT\",\"potentialAction\":[{\"@type\":\"ReadAction\",\"target\":[\"https:\/\/kadion.com\/pt-pt\/produtos\/\"]}]},{\"@type\":\"ImageObject\",\"inLanguage\":\"pt-PT\",\"@id\":\"https:\/\/kadion.com\/pt-pt\/produtos\/#primaryimage\",\"url\":\"https:\/\/kadion.com\/wp-content\/uploads\/2025\/12\/kadion_productos_inicio.webp\",\"contentUrl\":\"https:\/\/kadion.com\/wp-content\/uploads\/2025\/12\/kadion_productos_inicio.webp\"},{\"@type\":\"BreadcrumbList\",\"@id\":\"https:\/\/kadion.com\/pt-pt\/produtos\/#breadcrumb\",\"itemListElement\":[{\"@type\":\"ListItem\",\"position\":1,\"name\":\"Portada\",\"item\":\"https:\/\/kadion.com\/pt-pt\/kadion\/\"},{\"@type\":\"ListItem\",\"position\":2,\"name\":\"Produtos\"}]},{\"@type\":\"WebSite\",\"@id\":\"https:\/\/kadion.com\/pt-pt\/#website\",\"url\":\"https:\/\/kadion.com\/pt-pt\/\",\"name\":\"Kadion\",\"description\":\"\",\"publisher\":{\"@id\":\"https:\/\/kadion.com\/pt-pt\/#organization\"},\"potentialAction\":[{\"@type\":\"SearchAction\",\"target\":{\"@type\":\"EntryPoint\",\"urlTemplate\":\"https:\/\/kadion.com\/pt-pt\/?s={search_term_string}\"},\"query-input\":{\"@type\":\"PropertyValueSpecification\",\"valueRequired\":true,\"valueName\":\"search_term_string\"}}],\"inLanguage\":\"pt-PT\"},{\"@type\":\"Organization\",\"@id\":\"https:\/\/kadion.com\/pt-pt\/#organization\",\"name\":\"Distribution of chemical products\",\"url\":\"https:\/\/kadion.com\/pt-pt\/\",\"logo\":{\"@type\":\"ImageObject\",\"inLanguage\":\"pt-PT\",\"@id\":\"https:\/\/kadion.com\/pt-pt\/#\/schema\/logo\/image\/\",\"url\":\"https:\/\/kadion.com\/wp-content\/uploads\/2025\/12\/favicon-kadion.png\",\"contentUrl\":\"https:\/\/kadion.com\/wp-content\/uploads\/2025\/12\/favicon-kadion.png\",\"width\":512,\"height\":512,\"caption\":\"Distribution of chemical products\"},\"image\":{\"@id\":\"https:\/\/kadion.com\/pt-pt\/#\/schema\/logo\/image\/\"}}]}<\/script>\n<!-- \/ Yoast SEO plugin. -->","yoast_head_json":{"title":"Kadion | Produtos Qu\u00edmicos Industriais e Especiais","description":"Gama de produtos qu\u00edmicos industriais: pigmentos, pigmentos de efeito, aditivos e resinas para m\u00faltiplas aplica\u00e7\u00f5es e setores.","robots":{"index":"index","follow":"follow","max-snippet":"max-snippet:-1","max-image-preview":"max-image-preview:large","max-video-preview":"max-video-preview:-1"},"canonical":"https:\/\/kadion.com\/pt-pt\/produtos\/","og_locale":"pt_PT","og_type":"article","og_title":"Kadion | Produtos Qu\u00edmicos Industriais e Especiais","og_description":"Gama de produtos qu\u00edmicos industriais: pigmentos, pigmentos de efeito, aditivos e resinas para m\u00faltiplas aplica\u00e7\u00f5es e setores.","og_url":"https:\/\/kadion.com\/pt-pt\/produtos\/","og_site_name":"Kadion","article_modified_time":"2025-12-15T11:54:13+00:00","og_image":[{"width":996,"height":660,"url":"https:\/\/kadion.com\/wp-content\/uploads\/2025\/12\/kadion_productos_inicio.webp","type":"image\/webp"}],"twitter_card":"summary_large_image","twitter_misc":{"Tempo estimado de leitura":"2 minutos"},"schema":{"@context":"https:\/\/schema.org","@graph":[{"@type":"WebPage","@id":"https:\/\/kadion.com\/pt-pt\/produtos\/","url":"https:\/\/kadion.com\/pt-pt\/produtos\/","name":"Kadion | Produtos Qu\u00edmicos Industriais e Especiais","isPartOf":{"@id":"https:\/\/kadion.com\/pt-pt\/#website"},"primaryImageOfPage":{"@id":"https:\/\/kadion.com\/pt-pt\/produtos\/#primaryimage"},"image":{"@id":"https:\/\/kadion.com\/pt-pt\/produtos\/#primaryimage"},"thumbnailUrl":"https:\/\/kadion.com\/wp-content\/uploads\/2025\/12\/kadion_productos_inicio.webp","datePublished":"2025-12-09T08:35:51+00:00","dateModified":"2025-12-15T11:54:13+00:00","description":"Gama de produtos qu\u00edmicos industriais: pigmentos, pigmentos de efeito, aditivos e resinas para m\u00faltiplas aplica\u00e7\u00f5es e setores.","breadcrumb":{"@id":"https:\/\/kadion.com\/pt-pt\/produtos\/#breadcrumb"},"inLanguage":"pt-PT","potentialAction":[{"@type":"ReadAction","target":["https:\/\/kadion.com\/pt-pt\/produtos\/"]}]},{"@type":"ImageObject","inLanguage":"pt-PT","@id":"https:\/\/kadion.com\/pt-pt\/produtos\/#primaryimage","url":"https:\/\/kadion.com\/wp-content\/uploads\/2025\/12\/kadion_productos_inicio.webp","contentUrl":"https:\/\/kadion.com\/wp-content\/uploads\/2025\/12\/kadion_productos_inicio.webp"},{"@type":"BreadcrumbList","@id":"https:\/\/kadion.com\/pt-pt\/produtos\/#breadcrumb","itemListElement":[{"@type":"ListItem","position":1,"name":"Portada","item":"https:\/\/kadion.com\/pt-pt\/kadion\/"},{"@type":"ListItem","position":2,"name":"Produtos"}]},{"@type":"WebSite","@id":"https:\/\/kadion.com\/pt-pt\/#website","url":"https:\/\/kadion.com\/pt-pt\/","name":"Kadion","description":"","publisher":{"@id":"https:\/\/kadion.com\/pt-pt\/#organization"},"potentialAction":[{"@type":"SearchAction","target":{"@type":"EntryPoint","urlTemplate":"https:\/\/kadion.com\/pt-pt\/?s={search_term_string}"},"query-input":{"@type":"PropertyValueSpecification","valueRequired":true,"valueName":"search_term_string"}}],"inLanguage":"pt-PT"},{"@type":"Organization","@id":"https:\/\/kadion.com\/pt-pt\/#organization","name":"Distribution of chemical products","url":"https:\/\/kadion.com\/pt-pt\/","logo":{"@type":"ImageObject","inLanguage":"pt-PT","@id":"https:\/\/kadion.com\/pt-pt\/#\/schema\/logo\/image\/","url":"https:\/\/kadion.com\/wp-content\/uploads\/2025\/12\/favicon-kadion.png","contentUrl":"https:\/\/kadion.com\/wp-content\/uploads\/2025\/12\/favicon-kadion.png","width":512,"height":512,"caption":"Distribution of chemical products"},"image":{"@id":"https:\/\/kadion.com\/pt-pt\/#\/schema\/logo\/image\/"}}]}},"_links":{"self":[{"href":"https:\/\/kadion.com\/pt-pt\/wp-json\/wp\/v2\/pages\/15674","targetHints":{"allow":["GET"]}}],"collection":[{"href":"https:\/\/kadion.com\/pt-pt\/wp-json\/wp\/v2\/pages"}],"about":[{"href":"https:\/\/kadion.com\/pt-pt\/wp-json\/wp\/v2\/types\/page"}],"author":[{"embeddable":true,"href":"https:\/\/kadion.com\/pt-pt\/wp-json\/wp\/v2\/users\/1"}],"replies":[{"embeddable":true,"href":"https:\/\/kadion.com\/pt-pt\/wp-json\/wp\/v2\/comments?post=15674"}],"version-history":[{"count":1,"href":"https:\/\/kadion.com\/pt-pt\/wp-json\/wp\/v2\/pages\/15674\/revisions"}],"predecessor-version":[{"id":15692,"href":"https:\/\/kadion.com\/pt-pt\/wp-json\/wp\/v2\/pages\/15674\/revisions\/15692"}],"wp:attachment":[{"href":"https:\/\/kadion.com\/pt-pt\/wp-json\/wp\/v2\/media?parent=15674"}],"curies":[{"name":"wp","href":"https:\/\/api.w.org\/{rel}","templated":true}]}}