{"id":15357,"date":"2025-12-09T09:29:08","date_gmt":"2025-12-09T08:29:08","guid":{"rendered":"https:\/\/kadion.com\/mercados\/agroquimicos\/"},"modified":"2025-12-18T16:44:51","modified_gmt":"2025-12-18T15:44:51","slug":"agroquimicos","status":"publish","type":"page","link":"https:\/\/kadion.com\/pt-pt\/mercados\/agroquimicos\/","title":{"rendered":"Agroqu\u00edmicos"},"content":{"rendered":"\t\t<div data-elementor-type=\"wp-page\" data-elementor-id=\"15357\" class=\"elementor elementor-15357 elementor-31\" data-elementor-post-type=\"page\">\n\t\t\t\t<div class=\"elementor-element elementor-element-2e8879a e-flex e-con-boxed e-con e-parent\" data-id=\"2e8879a\" data-element_type=\"container\" data-e-type=\"container\" data-settings=\"{&quot;background_background&quot;:&quot;classic&quot;}\">\n\t\t\t\t\t<div class=\"e-con-inner\">\n\t\t<div class=\"elementor-element elementor-element-77a5645 e-con-full e-flex e-con e-child\" data-id=\"77a5645\" data-element_type=\"container\" data-e-type=\"container\">\n\t\t\t\t<div class=\"elementor-element elementor-element-7356845 elementor-widget elementor-widget-heading\" data-id=\"7356845\" data-element_type=\"widget\" data-e-type=\"widget\" data-widget_type=\"heading.default\">\n\t\t\t\t\t<h1 class=\"elementor-heading-title elementor-size-default\">Agroqu\u00edmicos\n<\/h1>\t\t\t\t<\/div>\n\t\t\t\t<div class=\"elementor-element elementor-element-30d3d86 elementor-widget-divider--view-line elementor-widget elementor-widget-divider\" data-id=\"30d3d86\" data-element_type=\"widget\" data-e-type=\"widget\" data-widget_type=\"divider.default\">\n\t\t\t\t\t\t\t<div class=\"elementor-divider\">\n\t\t\t<span class=\"elementor-divider-separator\">\n\t\t\t\t\t\t<\/span>\n\t\t<\/div>\n\t\t\t\t\t\t<\/div>\n\t\t\t\t<\/div>\n\t\t<div class=\"elementor-element elementor-element-eb49355 e-con-full elementor-hidden-mobile e-flex e-con e-child\" data-id=\"eb49355\" data-element_type=\"container\" data-e-type=\"container\">\n\t\t\t\t<\/div>\n\t\t\t\t\t<\/div>\n\t\t\t\t<\/div>\n\t\t<div class=\"elementor-element elementor-element-1fb4913 e-flex e-con-boxed e-con e-parent\" data-id=\"1fb4913\" data-element_type=\"container\" data-e-type=\"container\">\n\t\t\t\t\t<div class=\"e-con-inner\">\n\t\t<div class=\"elementor-element elementor-element-e523a5e e-con-full e-flex e-con e-child\" data-id=\"e523a5e\" data-element_type=\"container\" data-e-type=\"container\">\n\t\t<div class=\"elementor-element elementor-element-e43f023 e-con-full e-flex e-con e-child\" data-id=\"e43f023\" data-element_type=\"container\" data-e-type=\"container\" data-settings=\"{&quot;background_background&quot;:&quot;classic&quot;}\">\n\t\t\t\t<div class=\"elementor-element elementor-element-05d55c2 elementor-widget elementor-widget-text-editor\" data-id=\"05d55c2\" data-element_type=\"widget\" data-e-type=\"widget\" data-widget_type=\"text-editor.default\">\n\t\t\t\t\t\t\t\t\t<p>As solu\u00e7\u00f5es no sector agroqu\u00edmico tamb\u00e9m n\u00e3o s\u00e3o um desafio para a KADION. Trabalhamos com pigmentos, pastas de pigmento, corantes e antiespumantes. <\/p><p>No sector agroqu\u00edmico, \u00e9 utilizada uma grande variedade de produtos qu\u00edmicos, tais como fertilizantes, herbicidas, pesticidas, insecticidas, insecticidas, basicamente biocidas que protegem e melhoram os produtos agr\u00edcolas.<\/p><p>Os nossos pigmentos e corantes s\u00e3o aplicados a estes produtos para lhes dar uma colora\u00e7\u00e3o espec\u00edfica e uma caracter\u00edstica diferencial, dependendo de onde e onde s\u00e3o aplicados. No caso dos antiespumantes, estes s\u00e3o aplicados a formula\u00e7\u00f5es que produzem uma tal quantidade de espuma que agravam as propriedades funcionais dos produtos agroqu\u00edmicos ou complicam o seu armazenamento ou aplica\u00e7\u00e3o. <\/p>\t\t\t\t\t\t\t\t<\/div>\n\t\t\t\t<\/div>\n\t\t<div class=\"elementor-element elementor-element-8848c69 e-con-full elementor-hidden-tablet elementor-hidden-mobile e-flex e-con e-child\" data-id=\"8848c69\" data-element_type=\"container\" data-e-type=\"container\" data-settings=\"{&quot;background_background&quot;:&quot;classic&quot;}\">\n\t\t\t\t<\/div>\n\t\t\t\t<\/div>\n\t\t\t\t\t<\/div>\n\t\t\t\t<\/div>\n\t\t<div class=\"elementor-element elementor-element-dcb9702 e-flex e-con-boxed e-con e-parent\" data-id=\"dcb9702\" data-element_type=\"container\" data-e-type=\"container\" data-settings=\"{&quot;background_background&quot;:&quot;classic&quot;}\">\n\t\t\t\t\t<div class=\"e-con-inner\">\n\t\t<div class=\"elementor-element elementor-element-6b4d831 e-con-full e-flex e-con e-child\" data-id=\"6b4d831\" data-element_type=\"container\" data-e-type=\"container\">\n\t\t<div class=\"elementor-element elementor-element-8545ec6 e-con-full e-flex e-con e-child\" data-id=\"8545ec6\" data-element_type=\"container\" data-e-type=\"container\">\n\t\t\t\t<div class=\"elementor-element elementor-element-0b02f9c elementor-widget elementor-widget-heading\" data-id=\"0b02f9c\" data-element_type=\"widget\" data-e-type=\"widget\" data-widget_type=\"heading.default\">\n\t\t\t\t\t<h2 class=\"elementor-heading-title elementor-size-default\">Lista de produtos dispon\u00edveis<\/h2>\t\t\t\t<\/div>\n\t\t\t\t<div class=\"elementor-element elementor-element-07fd8b1 elementor-align-center elementor-widget elementor-widget-button\" data-id=\"07fd8b1\" data-element_type=\"widget\" data-e-type=\"widget\" data-widget_type=\"button.default\">\n\t\t\t\t\t\t\t\t\t\t<a class=\"elementor-button elementor-button-link elementor-size-sm\" href=\"https:\/\/kadion.com\/pt-pt\/lista-de-produtos\/\">\n\t\t\t\t\t\t<span class=\"elementor-button-content-wrapper\">\n\t\t\t\t\t\t\t\t\t<span class=\"elementor-button-text\">DOCUMENTA\u00c7\u00c3O<\/span>\n\t\t\t\t\t<\/span>\n\t\t\t\t\t<\/a>\n\t\t\t\t\t\t\t\t<\/div>\n\t\t\t\t<\/div>\n\t\t\t\t<\/div>\n\t\t\t\t\t<\/div>\n\t\t\t\t<\/div>\n\t\t<div class=\"elementor-element elementor-element-48ca861 e-flex e-con-boxed e-con e-parent\" data-id=\"48ca861\" data-element_type=\"container\" data-e-type=\"container\">\n\t\t\t\t\t<div class=\"e-con-inner\">\n\t\t<div class=\"elementor-element elementor-element-28ee806 e-con-full e-flex e-con e-child\" data-id=\"28ee806\" data-element_type=\"container\" data-e-type=\"container\">\n\t\t\t\t<div class=\"elementor-element elementor-element-1a2f10f elementor-widget elementor-widget-text-editor\" data-id=\"1a2f10f\" data-element_type=\"widget\" data-e-type=\"widget\" data-widget_type=\"text-editor.default\">\n\t\t\t\t\t\t\t\t\t<p>Os nossos produtos caracterizam-se por passar por rigorosos controlos de seguran\u00e7a para garantir a su a qualidade, bem como por possuir todas as certifica\u00e7\u00f5es necess\u00e1rias.<\/p><p>Na KADION temos um extenso cat\u00e1logo de produtos, e trabalhamos em estreita colabora\u00e7\u00e3o com fabricantes e clientes, procurando os produtos que satisfa\u00e7am as necessidades de cada projecto.<\/p>\t\t\t\t\t\t\t\t<\/div>\n\t\t\t\t<\/div>\n\t\t<div class=\"elementor-element elementor-element-a612152 e-con-full e-flex e-con e-child\" data-id=\"a612152\" data-element_type=\"container\" data-e-type=\"container\">\n\t\t\t\t<div class=\"elementor-element elementor-element-6c8199a elementor-widget elementor-widget-image\" data-id=\"6c8199a\" data-element_type=\"widget\" data-e-type=\"widget\" data-widget_type=\"image.default\">\n\t\t\t\t\t\t\t\t\t\t\t\t\t\t\t<img fetchpriority=\"high\" decoding=\"async\" width=\"800\" height=\"533\" src=\"https:\/\/kadion.com\/wp-content\/uploads\/2025\/12\/2-kadion_producto_Agroquimicas_calidad.webp\" class=\"attachment-large size-large wp-image-15356\" alt=\"\" srcset=\"https:\/\/kadion.com\/wp-content\/uploads\/2025\/12\/2-kadion_producto_Agroquimicas_calidad.webp 827w, https:\/\/kadion.com\/wp-content\/uploads\/2025\/12\/2-kadion_producto_Agroquimicas_calidad-300x200.webp 300w, https:\/\/kadion.com\/wp-content\/uploads\/2025\/12\/2-kadion_producto_Agroquimicas_calidad-768x512.webp 768w\" sizes=\"(max-width: 800px) 100vw, 800px\" \/>\t\t\t\t\t\t\t\t\t\t\t\t\t\t\t<\/div>\n\t\t\t\t<\/div>\n\t\t\t\t\t<\/div>\n\t\t\t\t<\/div>\n\t\t<div class=\"elementor-element elementor-element-cfd87d4 e-flex e-con-boxed e-con e-parent\" data-id=\"cfd87d4\" data-element_type=\"container\" data-e-type=\"container\" data-settings=\"{&quot;background_background&quot;:&quot;classic&quot;}\">\n\t\t\t\t\t<div class=\"e-con-inner\">\n\t\t\t\t<div class=\"elementor-element elementor-element-bced135 elementor-widget elementor-widget-heading\" data-id=\"bced135\" data-element_type=\"widget\" data-e-type=\"widget\" data-widget_type=\"heading.default\">\n\t\t\t\t\t<h2 class=\"elementor-heading-title elementor-size-default\">Voc\u00ea quer mais informa\u00e7\u00f5es?<\/h2>\t\t\t\t<\/div>\n\t\t\t\t<div class=\"elementor-element elementor-element-4b5a810 elementor-button-align-stretch elementor-widget elementor-widget-form\" data-id=\"4b5a810\" data-element_type=\"widget\" data-e-type=\"widget\" data-settings=\"{&quot;step_next_label&quot;:&quot;Seguindo&quot;,&quot;step_previous_label&quot;:&quot;Anterior&quot;,&quot;button_width&quot;:&quot;100&quot;,&quot;step_type&quot;:&quot;number_text&quot;,&quot;step_icon_shape&quot;:&quot;circle&quot;}\" data-widget_type=\"form.default\">\n\t\t\t\t\t\t\t<form class=\"elementor-form\" method=\"post\" name=\"Formulario Agroqu\u00edmicos\" aria-label=\"Formulario Agroqu\u00edmicos\">\n\t\t\t<input type=\"hidden\" name=\"post_id\" value=\"15357\"\/>\n\t\t\t<input type=\"hidden\" name=\"form_id\" value=\"4b5a810\"\/>\n\t\t\t<input type=\"hidden\" name=\"referer_title\" value=\"Kadion | Solu\u00e7\u00f5es qu\u00edmicas para agroqu\u00edmicos\" \/>\n\n\t\t\t\t\t\t\t<input type=\"hidden\" name=\"queried_id\" value=\"15357\"\/>\n\t\t\t\n\t\t\t<div class=\"elementor-form-fields-wrapper elementor-labels-above\">\n\t\t\t\t\t\t\t\t<div class=\"elementor-field-type-text elementor-field-group elementor-column elementor-field-group-name elementor-col-50 elementor-field-required\">\n\t\t\t\t\t\t\t\t\t\t\t\t<label for=\"form-field-name\" class=\"elementor-field-label\">\n\t\t\t\t\t\t\t\tTeu nome\t\t\t\t\t\t\t<\/label>\n\t\t\t\t\t\t\t\t\t\t\t\t\t\t<input size=\"1\" type=\"text\" name=\"form_fields[name]\" id=\"form-field-name\" class=\"elementor-field elementor-size-sm  elementor-field-textual\" required=\"required\">\n\t\t\t\t\t\t\t\t\t\t\t<\/div>\n\t\t\t\t\t\t\t\t<div class=\"elementor-field-type-text elementor-field-group elementor-column elementor-field-group-apellidos elementor-col-50 elementor-field-required\">\n\t\t\t\t\t\t\t\t\t\t\t\t<label for=\"form-field-apellidos\" class=\"elementor-field-label\">\n\t\t\t\t\t\t\t\tSeu \u00faltimo Nome\t\t\t\t\t\t\t<\/label>\n\t\t\t\t\t\t\t\t\t\t\t\t\t\t<input size=\"1\" type=\"text\" name=\"form_fields[apellidos]\" id=\"form-field-apellidos\" class=\"elementor-field elementor-size-sm  elementor-field-textual\" required=\"required\">\n\t\t\t\t\t\t\t\t\t\t\t<\/div>\n\t\t\t\t\t\t\t\t<div class=\"elementor-field-type-email elementor-field-group elementor-column elementor-field-group-email elementor-col-50 elementor-field-required\">\n\t\t\t\t\t\t\t\t\t\t\t\t<label for=\"form-field-email\" class=\"elementor-field-label\">\n\t\t\t\t\t\t\t\tE-mail\t\t\t\t\t\t\t<\/label>\n\t\t\t\t\t\t\t\t\t\t\t\t\t\t<input size=\"1\" type=\"email\" name=\"form_fields[email]\" id=\"form-field-email\" class=\"elementor-field elementor-size-sm  elementor-field-textual\" required=\"required\">\n\t\t\t\t\t\t\t\t\t\t\t<\/div>\n\t\t\t\t\t\t\t\t<div class=\"elementor-field-type-tel elementor-field-group elementor-column elementor-field-group-tel elementor-col-50 elementor-field-required\">\n\t\t\t\t\t\t\t\t\t\t\t\t<label for=\"form-field-tel\" class=\"elementor-field-label\">\n\t\t\t\t\t\t\t\tTelefone\t\t\t\t\t\t\t<\/label>\n\t\t\t\t\t\t\t\t<input size=\"1\" type=\"tel\" name=\"form_fields[tel]\" id=\"form-field-tel\" class=\"elementor-field elementor-size-sm  elementor-field-textual\" required=\"required\" pattern=\"[0-9()#&amp;+*-=.]+\" title=\"Only numbers and phone characters (#, -, *, etc) are accepted.\">\n\n\t\t\t\t\t\t<\/div>\n\t\t\t\t\t\t\t\t<div class=\"elementor-field-type-text elementor-field-group elementor-column elementor-field-group-empresa elementor-col-50 elementor-field-required\">\n\t\t\t\t\t\t\t\t\t\t\t\t<label for=\"form-field-empresa\" class=\"elementor-field-label\">\n\t\t\t\t\t\t\t\tO neg\u00f3cio\t\t\t\t\t\t\t<\/label>\n\t\t\t\t\t\t\t\t\t\t\t\t\t\t<input size=\"1\" type=\"text\" name=\"form_fields[empresa]\" id=\"form-field-empresa\" class=\"elementor-field elementor-size-sm  elementor-field-textual\" required=\"required\">\n\t\t\t\t\t\t\t\t\t\t\t<\/div>\n\t\t\t\t\t\t\t\t<div class=\"elementor-field-type-select elementor-field-group elementor-column elementor-field-group-asunto elementor-col-50 elementor-field-required\">\n\t\t\t\t\t\t\t\t\t\t\t\t<label for=\"form-field-asunto\" class=\"elementor-field-label\">\n\t\t\t\t\t\t\t\tCaso\t\t\t\t\t\t\t<\/label>\n\t\t\t\t\t\t\t\t<div class=\"elementor-field elementor-select-wrapper remove-before \">\n\t\t\t<div class=\"select-caret-down-wrapper\">\n\t\t\t\t<svg aria-hidden=\"true\" class=\"e-font-icon-svg e-eicon-caret-down\" viewBox=\"0 0 571.4 571.4\" xmlns=\"http:\/\/www.w3.org\/2000\/svg\"><path d=\"M571 393Q571 407 561 418L311 668Q300 679 286 679T261 668L11 418Q0 407 0 393T11 368 36 357H536Q550 357 561 368T571 393Z\"><\/path><\/svg>\t\t\t<\/div>\n\t\t\t<select name=\"form_fields[asunto]\" id=\"form-field-asunto\" class=\"elementor-field-textual elementor-size-sm\" required=\"required\">\n\t\t\t\t\t\t\t\t\t<option value=\"Solicitar um or\u00e7amento \">Solicitar um or\u00e7amento <\/option>\n\t\t\t\t\t\t\t\t\t<option value=\" Quero que um vendedor entre em contacto comigo \"> Quero que um vendedor entre em contacto comigo <\/option>\n\t\t\t\t\t\t\t\t\t<option value=\" Solicitar uma amostra \"> Solicitar uma amostra <\/option>\n\t\t\t\t\t\t\t\t\t<option value=\" Mais informa\u00e7\u00f5es\"> Mais informa\u00e7\u00f5es<\/option>\n\t\t\t\t\t\t\t<\/select>\n\t\t<\/div>\n\t\t\t\t\t\t<\/div>\n\t\t\t\t\t\t\t\t<div class=\"elementor-field-type-textarea elementor-field-group elementor-column elementor-field-group-message elementor-col-100\">\n\t\t\t\t\t\t\t\t\t\t\t\t<label for=\"form-field-message\" class=\"elementor-field-label\">\n\t\t\t\t\t\t\t\tA sua mensagem\t\t\t\t\t\t\t<\/label>\n\t\t\t\t\t\t<textarea class=\"elementor-field-textual elementor-field  elementor-size-sm\" name=\"form_fields[message]\" id=\"form-field-message\" rows=\"4\"><\/textarea>\t\t\t\t<\/div>\n\t\t\t\t\t\t\t\t<div class=\"elementor-field-type-acceptance elementor-field-group elementor-column elementor-field-group-field_c2f3ea2 elementor-col-100 elementor-field-required\">\n\t\t\t\t\t\t\t<div class=\"elementor-field-subgroup\">\n\t\t\t<span class=\"elementor-field-option\">\n\t\t\t\t<input type=\"checkbox\" name=\"form_fields[field_c2f3ea2]\" id=\"form-field-field_c2f3ea2\" class=\"elementor-field elementor-size-sm  elementor-acceptance-field\" required=\"required\">\n\t\t\t\t<label for=\"form-field-field_c2f3ea2\">Li e concordo com a <a href=\"https:\/\/kadion.com\/pt-pt\/politica-de-privacidade\/\">Pol\u00edtica de Privacidade<\/a> da Kadion.<\/label>\t\t\t<\/span>\n\t\t<\/div>\n\t\t\t\t\t\t<\/div>\n\t\t\t\t\t\t\t\t<div class=\"elementor-field-type-recaptcha_v3 elementor-field-group elementor-column elementor-field-group-field_f2db3a8 elementor-col-100 recaptcha_v3-bottomright\">\n\t\t\t\t\t<div class=\"elementor-field\" id=\"form-field-field_f2db3a8\"><div class=\"elementor-g-recaptcha\" data-sitekey=\"6Lc3fC4sAAAAAM9j76-G2uJ1B99i1Oyaakdh6T0b\" data-type=\"v3\" data-action=\"Form\" data-badge=\"bottomright\" data-size=\"invisible\"><\/div><\/div>\t\t\t\t<\/div>\n\t\t\t\t\t\t\t\t<div class=\"elementor-field-type-text\">\n\t\t\t\t\t<input size=\"1\" type=\"text\" name=\"form_fields[field_e91f0c0]\" id=\"form-field-field_e91f0c0\" class=\"elementor-field elementor-size-sm \" style=\"display:none !important;\">\t\t\t\t<\/div>\n\t\t\t\t\t\t\t\t<div class=\"elementor-field-group elementor-column elementor-field-type-submit elementor-col-100 e-form__buttons\">\n\t\t\t\t\t<button class=\"elementor-button elementor-size-sm\" type=\"submit\">\n\t\t\t\t\t\t<span class=\"elementor-button-content-wrapper\">\n\t\t\t\t\t\t\t\t\t\t\t\t\t\t\t\t\t\t\t\t\t\t<span class=\"elementor-button-text\">Mandar<\/span>\n\t\t\t\t\t\t\t\t\t\t\t\t\t<\/span>\n\t\t\t\t\t<\/button>\n\t\t\t\t<\/div>\n\t\t\t<\/div>\n\t\t<\/form>\n\t\t\t\t\t\t<\/div>\n\t\t\t\t\t<\/div>\n\t\t\t\t<\/div>\n\t\t\t\t<\/div>\n\t\t","protected":false},"excerpt":{"rendered":"<p>Agroqu\u00edmicos As solu\u00e7\u00f5es no sector agroqu\u00edmico tamb\u00e9m n\u00e3o s\u00e3o um desafio para a KADION. Trabalhamos com pigmentos, pastas de pigmento, corantes e antiespumantes. No sector agroqu\u00edmico, \u00e9 utilizada uma grande variedade de produtos qu\u00edmicos, tais como fertilizantes, herbicidas, pesticidas, insecticidas, insecticidas, basicamente biocidas que protegem e melhoram os produtos agr\u00edcolas. Os nossos pigmentos e corantes [&hellip;]<\/p>\n","protected":false},"author":1,"featured_media":0,"parent":15302,"menu_order":0,"comment_status":"closed","ping_status":"closed","template":"elementor_header_footer","meta":{"_acf_changed":false,"footnotes":""},"class_list":["post-15357","page","type-page","status-publish","hentry"],"acf":[],"yoast_head":"<!-- This site is optimized with the Yoast SEO plugin v26.9 - https:\/\/yoast.com\/product\/yoast-seo-wordpress\/ -->\n<title>Kadion | Solu\u00e7\u00f5es qu\u00edmicas para agroqu\u00edmicos<\/title>\n<meta name=\"description\" content=\"Solu\u00e7\u00f5es qu\u00edmicas para agroqu\u00edmicos: pigmentos, corantes e aditivos para formula\u00e7\u00f5es agr\u00edcolas e aplica\u00e7\u00f5es t\u00e9cnicas.\" \/>\n<meta name=\"robots\" content=\"index, follow, max-snippet:-1, max-image-preview:large, max-video-preview:-1\" \/>\n<link rel=\"canonical\" href=\"https:\/\/kadion.com\/pt-pt\/mercados\/agroquimicos\/\" \/>\n<meta property=\"og:locale\" content=\"pt_PT\" \/>\n<meta property=\"og:type\" content=\"article\" \/>\n<meta property=\"og:title\" content=\"Kadion | Solu\u00e7\u00f5es qu\u00edmicas para agroqu\u00edmicos\" \/>\n<meta property=\"og:description\" content=\"Solu\u00e7\u00f5es qu\u00edmicas para agroqu\u00edmicos: pigmentos, corantes e aditivos para formula\u00e7\u00f5es agr\u00edcolas e aplica\u00e7\u00f5es t\u00e9cnicas.\" \/>\n<meta property=\"og:url\" content=\"https:\/\/kadion.com\/pt-pt\/mercados\/agroquimicos\/\" \/>\n<meta property=\"og:site_name\" content=\"Kadion\" \/>\n<meta property=\"article:modified_time\" content=\"2025-12-18T15:44:51+00:00\" \/>\n<meta property=\"og:image\" content=\"https:\/\/kadion.com\/wp-content\/uploads\/2025\/12\/2-kadion_producto_Agroquimicas_calidad.webp\" \/>\n\t<meta property=\"og:image:width\" content=\"827\" \/>\n\t<meta property=\"og:image:height\" content=\"551\" \/>\n\t<meta property=\"og:image:type\" content=\"image\/webp\" \/>\n<meta name=\"twitter:card\" content=\"summary_large_image\" \/>\n<meta name=\"twitter:label1\" content=\"Tempo estimado de leitura\" \/>\n\t<meta name=\"twitter:data1\" content=\"1 minuto\" \/>\n<script type=\"application\/ld+json\" class=\"yoast-schema-graph\">{\"@context\":\"https:\/\/schema.org\",\"@graph\":[{\"@type\":\"WebPage\",\"@id\":\"https:\/\/kadion.com\/pt-pt\/mercados\/agroquimicos\/\",\"url\":\"https:\/\/kadion.com\/pt-pt\/mercados\/agroquimicos\/\",\"name\":\"Kadion | Solu\u00e7\u00f5es qu\u00edmicas para agroqu\u00edmicos\",\"isPartOf\":{\"@id\":\"https:\/\/kadion.com\/pt-pt\/#website\"},\"primaryImageOfPage\":{\"@id\":\"https:\/\/kadion.com\/pt-pt\/mercados\/agroquimicos\/#primaryimage\"},\"image\":{\"@id\":\"https:\/\/kadion.com\/pt-pt\/mercados\/agroquimicos\/#primaryimage\"},\"thumbnailUrl\":\"https:\/\/kadion.com\/wp-content\/uploads\/2025\/12\/2-kadion_producto_Agroquimicas_calidad.webp\",\"datePublished\":\"2025-12-09T08:29:08+00:00\",\"dateModified\":\"2025-12-18T15:44:51+00:00\",\"description\":\"Solu\u00e7\u00f5es qu\u00edmicas para agroqu\u00edmicos: pigmentos, corantes e aditivos para formula\u00e7\u00f5es agr\u00edcolas e aplica\u00e7\u00f5es t\u00e9cnicas.\",\"breadcrumb\":{\"@id\":\"https:\/\/kadion.com\/pt-pt\/mercados\/agroquimicos\/#breadcrumb\"},\"inLanguage\":\"pt-PT\",\"potentialAction\":[{\"@type\":\"ReadAction\",\"target\":[\"https:\/\/kadion.com\/pt-pt\/mercados\/agroquimicos\/\"]}]},{\"@type\":\"ImageObject\",\"inLanguage\":\"pt-PT\",\"@id\":\"https:\/\/kadion.com\/pt-pt\/mercados\/agroquimicos\/#primaryimage\",\"url\":\"https:\/\/kadion.com\/wp-content\/uploads\/2025\/12\/2-kadion_producto_Agroquimicas_calidad.webp\",\"contentUrl\":\"https:\/\/kadion.com\/wp-content\/uploads\/2025\/12\/2-kadion_producto_Agroquimicas_calidad.webp\"},{\"@type\":\"BreadcrumbList\",\"@id\":\"https:\/\/kadion.com\/pt-pt\/mercados\/agroquimicos\/#breadcrumb\",\"itemListElement\":[{\"@type\":\"ListItem\",\"position\":1,\"name\":\"Portada\",\"item\":\"https:\/\/kadion.com\/pt-pt\/kadion\/\"},{\"@type\":\"ListItem\",\"position\":2,\"name\":\"Mercados\",\"item\":\"https:\/\/kadion.com\/pt-pt\/mercados\/\"},{\"@type\":\"ListItem\",\"position\":3,\"name\":\"Agroqu\u00edmicos\"}]},{\"@type\":\"WebSite\",\"@id\":\"https:\/\/kadion.com\/pt-pt\/#website\",\"url\":\"https:\/\/kadion.com\/pt-pt\/\",\"name\":\"Kadion\",\"description\":\"\",\"publisher\":{\"@id\":\"https:\/\/kadion.com\/pt-pt\/#organization\"},\"potentialAction\":[{\"@type\":\"SearchAction\",\"target\":{\"@type\":\"EntryPoint\",\"urlTemplate\":\"https:\/\/kadion.com\/pt-pt\/?s={search_term_string}\"},\"query-input\":{\"@type\":\"PropertyValueSpecification\",\"valueRequired\":true,\"valueName\":\"search_term_string\"}}],\"inLanguage\":\"pt-PT\"},{\"@type\":\"Organization\",\"@id\":\"https:\/\/kadion.com\/pt-pt\/#organization\",\"name\":\"Distribution of chemical products\",\"url\":\"https:\/\/kadion.com\/pt-pt\/\",\"logo\":{\"@type\":\"ImageObject\",\"inLanguage\":\"pt-PT\",\"@id\":\"https:\/\/kadion.com\/pt-pt\/#\/schema\/logo\/image\/\",\"url\":\"https:\/\/kadion.com\/wp-content\/uploads\/2025\/12\/favicon-kadion.png\",\"contentUrl\":\"https:\/\/kadion.com\/wp-content\/uploads\/2025\/12\/favicon-kadion.png\",\"width\":512,\"height\":512,\"caption\":\"Distribution of chemical products\"},\"image\":{\"@id\":\"https:\/\/kadion.com\/pt-pt\/#\/schema\/logo\/image\/\"}}]}<\/script>\n<!-- \/ Yoast SEO plugin. -->","yoast_head_json":{"title":"Kadion | Solu\u00e7\u00f5es qu\u00edmicas para agroqu\u00edmicos","description":"Solu\u00e7\u00f5es qu\u00edmicas para agroqu\u00edmicos: pigmentos, corantes e aditivos para formula\u00e7\u00f5es agr\u00edcolas e aplica\u00e7\u00f5es t\u00e9cnicas.","robots":{"index":"index","follow":"follow","max-snippet":"max-snippet:-1","max-image-preview":"max-image-preview:large","max-video-preview":"max-video-preview:-1"},"canonical":"https:\/\/kadion.com\/pt-pt\/mercados\/agroquimicos\/","og_locale":"pt_PT","og_type":"article","og_title":"Kadion | Solu\u00e7\u00f5es qu\u00edmicas para agroqu\u00edmicos","og_description":"Solu\u00e7\u00f5es qu\u00edmicas para agroqu\u00edmicos: pigmentos, corantes e aditivos para formula\u00e7\u00f5es agr\u00edcolas e aplica\u00e7\u00f5es t\u00e9cnicas.","og_url":"https:\/\/kadion.com\/pt-pt\/mercados\/agroquimicos\/","og_site_name":"Kadion","article_modified_time":"2025-12-18T15:44:51+00:00","og_image":[{"width":827,"height":551,"url":"https:\/\/kadion.com\/wp-content\/uploads\/2025\/12\/2-kadion_producto_Agroquimicas_calidad.webp","type":"image\/webp"}],"twitter_card":"summary_large_image","twitter_misc":{"Tempo estimado de leitura":"1 minuto"},"schema":{"@context":"https:\/\/schema.org","@graph":[{"@type":"WebPage","@id":"https:\/\/kadion.com\/pt-pt\/mercados\/agroquimicos\/","url":"https:\/\/kadion.com\/pt-pt\/mercados\/agroquimicos\/","name":"Kadion | Solu\u00e7\u00f5es qu\u00edmicas para agroqu\u00edmicos","isPartOf":{"@id":"https:\/\/kadion.com\/pt-pt\/#website"},"primaryImageOfPage":{"@id":"https:\/\/kadion.com\/pt-pt\/mercados\/agroquimicos\/#primaryimage"},"image":{"@id":"https:\/\/kadion.com\/pt-pt\/mercados\/agroquimicos\/#primaryimage"},"thumbnailUrl":"https:\/\/kadion.com\/wp-content\/uploads\/2025\/12\/2-kadion_producto_Agroquimicas_calidad.webp","datePublished":"2025-12-09T08:29:08+00:00","dateModified":"2025-12-18T15:44:51+00:00","description":"Solu\u00e7\u00f5es qu\u00edmicas para agroqu\u00edmicos: pigmentos, corantes e aditivos para formula\u00e7\u00f5es agr\u00edcolas e aplica\u00e7\u00f5es t\u00e9cnicas.","breadcrumb":{"@id":"https:\/\/kadion.com\/pt-pt\/mercados\/agroquimicos\/#breadcrumb"},"inLanguage":"pt-PT","potentialAction":[{"@type":"ReadAction","target":["https:\/\/kadion.com\/pt-pt\/mercados\/agroquimicos\/"]}]},{"@type":"ImageObject","inLanguage":"pt-PT","@id":"https:\/\/kadion.com\/pt-pt\/mercados\/agroquimicos\/#primaryimage","url":"https:\/\/kadion.com\/wp-content\/uploads\/2025\/12\/2-kadion_producto_Agroquimicas_calidad.webp","contentUrl":"https:\/\/kadion.com\/wp-content\/uploads\/2025\/12\/2-kadion_producto_Agroquimicas_calidad.webp"},{"@type":"BreadcrumbList","@id":"https:\/\/kadion.com\/pt-pt\/mercados\/agroquimicos\/#breadcrumb","itemListElement":[{"@type":"ListItem","position":1,"name":"Portada","item":"https:\/\/kadion.com\/pt-pt\/kadion\/"},{"@type":"ListItem","position":2,"name":"Mercados","item":"https:\/\/kadion.com\/pt-pt\/mercados\/"},{"@type":"ListItem","position":3,"name":"Agroqu\u00edmicos"}]},{"@type":"WebSite","@id":"https:\/\/kadion.com\/pt-pt\/#website","url":"https:\/\/kadion.com\/pt-pt\/","name":"Kadion","description":"","publisher":{"@id":"https:\/\/kadion.com\/pt-pt\/#organization"},"potentialAction":[{"@type":"SearchAction","target":{"@type":"EntryPoint","urlTemplate":"https:\/\/kadion.com\/pt-pt\/?s={search_term_string}"},"query-input":{"@type":"PropertyValueSpecification","valueRequired":true,"valueName":"search_term_string"}}],"inLanguage":"pt-PT"},{"@type":"Organization","@id":"https:\/\/kadion.com\/pt-pt\/#organization","name":"Distribution of chemical products","url":"https:\/\/kadion.com\/pt-pt\/","logo":{"@type":"ImageObject","inLanguage":"pt-PT","@id":"https:\/\/kadion.com\/pt-pt\/#\/schema\/logo\/image\/","url":"https:\/\/kadion.com\/wp-content\/uploads\/2025\/12\/favicon-kadion.png","contentUrl":"https:\/\/kadion.com\/wp-content\/uploads\/2025\/12\/favicon-kadion.png","width":512,"height":512,"caption":"Distribution of chemical products"},"image":{"@id":"https:\/\/kadion.com\/pt-pt\/#\/schema\/logo\/image\/"}}]}},"_links":{"self":[{"href":"https:\/\/kadion.com\/pt-pt\/wp-json\/wp\/v2\/pages\/15357","targetHints":{"allow":["GET"]}}],"collection":[{"href":"https:\/\/kadion.com\/pt-pt\/wp-json\/wp\/v2\/pages"}],"about":[{"href":"https:\/\/kadion.com\/pt-pt\/wp-json\/wp\/v2\/types\/page"}],"author":[{"embeddable":true,"href":"https:\/\/kadion.com\/pt-pt\/wp-json\/wp\/v2\/users\/1"}],"replies":[{"embeddable":true,"href":"https:\/\/kadion.com\/pt-pt\/wp-json\/wp\/v2\/comments?post=15357"}],"version-history":[{"count":1,"href":"https:\/\/kadion.com\/pt-pt\/wp-json\/wp\/v2\/pages\/15357\/revisions"}],"predecessor-version":[{"id":15358,"href":"https:\/\/kadion.com\/pt-pt\/wp-json\/wp\/v2\/pages\/15357\/revisions\/15358"}],"up":[{"embeddable":true,"href":"https:\/\/kadion.com\/pt-pt\/wp-json\/wp\/v2\/pages\/15302"}],"wp:attachment":[{"href":"https:\/\/kadion.com\/pt-pt\/wp-json\/wp\/v2\/media?parent=15357"}],"curies":[{"name":"wp","href":"https:\/\/api.w.org\/{rel}","templated":true}]}}