{"id":15342,"date":"2025-12-09T09:19:00","date_gmt":"2025-12-09T08:19:00","guid":{"rendered":"https:\/\/kadion.com\/mercados\/adesivos\/"},"modified":"2025-12-18T15:21:59","modified_gmt":"2025-12-18T14:21:59","slug":"adesivos","status":"publish","type":"page","link":"https:\/\/kadion.com\/pt-pt\/mercados\/adesivos\/","title":{"rendered":"Adesivos"},"content":{"rendered":"\t\t<div data-elementor-type=\"wp-page\" data-elementor-id=\"15342\" class=\"elementor elementor-15342 elementor-29\" data-elementor-post-type=\"page\">\n\t\t\t\t<div class=\"elementor-element elementor-element-2632eeb e-flex e-con-boxed e-con e-parent\" data-id=\"2632eeb\" data-element_type=\"container\" data-e-type=\"container\" data-settings=\"{&quot;background_background&quot;:&quot;classic&quot;}\">\n\t\t\t\t\t<div class=\"e-con-inner\">\n\t\t<div class=\"elementor-element elementor-element-bf27a44 e-con-full e-flex e-con e-child\" data-id=\"bf27a44\" data-element_type=\"container\" data-e-type=\"container\">\n\t\t\t\t<div class=\"elementor-element elementor-element-1bc5bb0 elementor-widget elementor-widget-heading\" data-id=\"1bc5bb0\" data-element_type=\"widget\" data-e-type=\"widget\" data-widget_type=\"heading.default\">\n\t\t\t\t\t<h1 class=\"elementor-heading-title elementor-size-default\">Adesivos<\/h1>\t\t\t\t<\/div>\n\t\t\t\t<div class=\"elementor-element elementor-element-001ad34 elementor-widget-divider--view-line elementor-widget elementor-widget-divider\" data-id=\"001ad34\" data-element_type=\"widget\" data-e-type=\"widget\" data-widget_type=\"divider.default\">\n\t\t\t\t\t\t\t<div class=\"elementor-divider\">\n\t\t\t<span class=\"elementor-divider-separator\">\n\t\t\t\t\t\t<\/span>\n\t\t<\/div>\n\t\t\t\t\t\t<\/div>\n\t\t\t\t<\/div>\n\t\t<div class=\"elementor-element elementor-element-1041741 e-con-full elementor-hidden-mobile e-flex e-con e-child\" data-id=\"1041741\" data-element_type=\"container\" data-e-type=\"container\">\n\t\t\t\t<\/div>\n\t\t\t\t\t<\/div>\n\t\t\t\t<\/div>\n\t\t<div class=\"elementor-element elementor-element-bff2885 e-flex e-con-boxed e-con e-parent\" data-id=\"bff2885\" data-element_type=\"container\" data-e-type=\"container\">\n\t\t\t\t\t<div class=\"e-con-inner\">\n\t\t<div class=\"elementor-element elementor-element-81f81ab e-con-full e-flex e-con e-child\" data-id=\"81f81ab\" data-element_type=\"container\" data-e-type=\"container\">\n\t\t<div class=\"elementor-element elementor-element-c8f1c3e e-con-full e-flex e-con e-child\" data-id=\"c8f1c3e\" data-element_type=\"container\" data-e-type=\"container\" data-settings=\"{&quot;background_background&quot;:&quot;classic&quot;}\">\n\t\t\t\t<div class=\"elementor-element elementor-element-671bf05 elementor-widget elementor-widget-text-editor\" data-id=\"671bf05\" data-element_type=\"widget\" data-e-type=\"widget\" data-widget_type=\"text-editor.default\">\n\t\t\t\t\t\t\t\t\t<p>No sector das colas, a KADION oferece solu\u00e7\u00f5es com diferentes gamas de produtos, tais como agentes reol\u00f3gicos, absorvedores e filtros UV e aglutinantes (resinas) de natureza acr\u00edlica.<\/p><p>Os agentes reol\u00f3gicos proporcionam novas funcionalidades, modificando as propriedades da formula\u00e7\u00e3o, melhorando efeitos como a flacidez ou variando o valor da viscosidade da mistura.<\/p><p>No caso de aglutinantes, actuam como adesivos para unir diferentes superf\u00edcies. Estes ligantes de base acr\u00edlica t\u00eam um tempo de cura r\u00e1pido e excelente ader\u00eancia a uma vasta gama de superf\u00edcies, especialmente pl\u00e1sticos. <\/p><p>Os absorvedores UV e filtros UV s\u00e3o adicionados como aditivos na formula\u00e7\u00e3o, onde actuam como agente protector no caso de adesivos TPU (Poliuretano Termopl\u00e1stico), que s\u00e3o muito sens\u00edveis \u00e0 radia\u00e7\u00e3o UV.<\/p>\t\t\t\t\t\t\t\t<\/div>\n\t\t\t\t<\/div>\n\t\t<div class=\"elementor-element elementor-element-e822ce8 e-con-full elementor-hidden-tablet elementor-hidden-mobile e-flex e-con e-child\" data-id=\"e822ce8\" data-element_type=\"container\" data-e-type=\"container\" data-settings=\"{&quot;background_background&quot;:&quot;classic&quot;}\">\n\t\t\t\t<\/div>\n\t\t\t\t<\/div>\n\t\t\t\t\t<\/div>\n\t\t\t\t<\/div>\n\t\t<div class=\"elementor-element elementor-element-a8a404d e-flex e-con-boxed e-con e-parent\" data-id=\"a8a404d\" data-element_type=\"container\" data-e-type=\"container\" data-settings=\"{&quot;background_background&quot;:&quot;classic&quot;}\">\n\t\t\t\t\t<div class=\"e-con-inner\">\n\t\t<div class=\"elementor-element elementor-element-a6cd811 e-con-full e-flex e-con e-child\" data-id=\"a6cd811\" data-element_type=\"container\" data-e-type=\"container\">\n\t\t<div class=\"elementor-element elementor-element-a3aa335 e-con-full e-flex e-con e-child\" data-id=\"a3aa335\" data-element_type=\"container\" data-e-type=\"container\">\n\t\t\t\t<div class=\"elementor-element elementor-element-bf8ebf7 elementor-widget elementor-widget-heading\" data-id=\"bf8ebf7\" data-element_type=\"widget\" data-e-type=\"widget\" data-widget_type=\"heading.default\">\n\t\t\t\t\t<h2 class=\"elementor-heading-title elementor-size-default\">Lista de produtos dispon\u00edveis<\/h2>\t\t\t\t<\/div>\n\t\t\t\t<div class=\"elementor-element elementor-element-8becef2 elementor-align-center elementor-widget elementor-widget-button\" data-id=\"8becef2\" data-element_type=\"widget\" data-e-type=\"widget\" data-widget_type=\"button.default\">\n\t\t\t\t\t\t\t\t\t\t<a class=\"elementor-button elementor-button-link elementor-size-sm\" href=\"https:\/\/kadion.com\/pt-pt\/lista-de-produtos\/\">\n\t\t\t\t\t\t<span class=\"elementor-button-content-wrapper\">\n\t\t\t\t\t\t\t\t\t<span class=\"elementor-button-text\">DOCUMENTA\u00c7\u00c3O<\/span>\n\t\t\t\t\t<\/span>\n\t\t\t\t\t<\/a>\n\t\t\t\t\t\t\t\t<\/div>\n\t\t\t\t<\/div>\n\t\t\t\t<\/div>\n\t\t\t\t\t<\/div>\n\t\t\t\t<\/div>\n\t\t<div class=\"elementor-element elementor-element-1877ed1 e-flex e-con-boxed e-con e-parent\" data-id=\"1877ed1\" data-element_type=\"container\" data-e-type=\"container\">\n\t\t\t\t\t<div class=\"e-con-inner\">\n\t\t<div class=\"elementor-element elementor-element-701ef9c e-con-full e-flex e-con e-child\" data-id=\"701ef9c\" data-element_type=\"container\" data-e-type=\"container\">\n\t\t\t\t<div class=\"elementor-element elementor-element-fad52b2 elementor-widget elementor-widget-text-editor\" data-id=\"fad52b2\" data-element_type=\"widget\" data-e-type=\"widget\" data-widget_type=\"text-editor.default\">\n\t\t\t\t\t\t\t\t\t<p>Os nossos produtos caracterizam-se por passar por rigorosos controlos de seguran\u00e7a para garantir a su a qualidade, bem como por possuir todas as certifica\u00e7\u00f5es necess\u00e1rias.<\/p><p>Na KADION temos um extenso cat\u00e1logo de produtos, e trabalhamos em estreita colabora\u00e7\u00e3o com fabricantes e clientes, procurando os produtos que satisfa\u00e7am as necessidades de cada projecto.<\/p>\t\t\t\t\t\t\t\t<\/div>\n\t\t\t\t<\/div>\n\t\t<div class=\"elementor-element elementor-element-aacebc4 e-con-full e-flex e-con e-child\" data-id=\"aacebc4\" data-element_type=\"container\" data-e-type=\"container\">\n\t\t\t\t<div class=\"elementor-element elementor-element-6647586 elementor-widget elementor-widget-image\" data-id=\"6647586\" data-element_type=\"widget\" data-e-type=\"widget\" data-widget_type=\"image.default\">\n\t\t\t\t\t\t\t\t\t\t\t\t\t\t\t<img fetchpriority=\"high\" decoding=\"async\" width=\"800\" height=\"533\" src=\"https:\/\/kadion.com\/wp-content\/uploads\/2025\/12\/kadion_producto_adhesivo_calidad.webp\" class=\"attachment-large size-large wp-image-15341\" alt=\"\" srcset=\"https:\/\/kadion.com\/wp-content\/uploads\/2025\/12\/kadion_producto_adhesivo_calidad.webp 827w, https:\/\/kadion.com\/wp-content\/uploads\/2025\/12\/kadion_producto_adhesivo_calidad-300x200.webp 300w, https:\/\/kadion.com\/wp-content\/uploads\/2025\/12\/kadion_producto_adhesivo_calidad-768x512.webp 768w\" sizes=\"(max-width: 800px) 100vw, 800px\" \/>\t\t\t\t\t\t\t\t\t\t\t\t\t\t\t<\/div>\n\t\t\t\t<\/div>\n\t\t\t\t\t<\/div>\n\t\t\t\t<\/div>\n\t\t<div class=\"elementor-element elementor-element-5e9c130 e-flex e-con-boxed e-con e-parent\" data-id=\"5e9c130\" data-element_type=\"container\" data-e-type=\"container\" data-settings=\"{&quot;background_background&quot;:&quot;classic&quot;}\">\n\t\t\t\t\t<div class=\"e-con-inner\">\n\t\t\t\t<div class=\"elementor-element elementor-element-18d7de8 elementor-widget elementor-widget-heading\" data-id=\"18d7de8\" data-element_type=\"widget\" data-e-type=\"widget\" data-widget_type=\"heading.default\">\n\t\t\t\t\t<h2 class=\"elementor-heading-title elementor-size-default\">Voc\u00ea quer mais informa\u00e7\u00f5es?<\/h2>\t\t\t\t<\/div>\n\t\t\t\t<div class=\"elementor-element elementor-element-0f15db5 elementor-button-align-stretch elementor-widget elementor-widget-form\" data-id=\"0f15db5\" data-element_type=\"widget\" data-e-type=\"widget\" data-settings=\"{&quot;step_next_label&quot;:&quot;Seguindo&quot;,&quot;step_previous_label&quot;:&quot;Anterior&quot;,&quot;button_width&quot;:&quot;100&quot;,&quot;step_type&quot;:&quot;number_text&quot;,&quot;step_icon_shape&quot;:&quot;circle&quot;}\" data-widget_type=\"form.default\">\n\t\t\t\t\t\t\t<form class=\"elementor-form\" method=\"post\" name=\"Autocolantes para formul\u00e1rios\" aria-label=\"Autocolantes para formul\u00e1rios\">\n\t\t\t<input type=\"hidden\" name=\"post_id\" value=\"15342\"\/>\n\t\t\t<input type=\"hidden\" name=\"form_id\" value=\"0f15db5\"\/>\n\t\t\t<input type=\"hidden\" name=\"referer_title\" value=\"Kadion | Solu\u00e7\u00f5es qu\u00edmicas para adesivos industriais\" \/>\n\n\t\t\t\t\t\t\t<input type=\"hidden\" name=\"queried_id\" value=\"15342\"\/>\n\t\t\t\n\t\t\t<div class=\"elementor-form-fields-wrapper elementor-labels-above\">\n\t\t\t\t\t\t\t\t<div class=\"elementor-field-type-text elementor-field-group elementor-column elementor-field-group-name elementor-col-50 elementor-field-required\">\n\t\t\t\t\t\t\t\t\t\t\t\t<label for=\"form-field-name\" class=\"elementor-field-label\">\n\t\t\t\t\t\t\t\tTeu nome\t\t\t\t\t\t\t<\/label>\n\t\t\t\t\t\t\t\t\t\t\t\t\t\t<input size=\"1\" type=\"text\" name=\"form_fields[name]\" id=\"form-field-name\" class=\"elementor-field elementor-size-sm  elementor-field-textual\" required=\"required\">\n\t\t\t\t\t\t\t\t\t\t\t<\/div>\n\t\t\t\t\t\t\t\t<div class=\"elementor-field-type-text elementor-field-group elementor-column elementor-field-group-apellidos elementor-col-50 elementor-field-required\">\n\t\t\t\t\t\t\t\t\t\t\t\t<label for=\"form-field-apellidos\" class=\"elementor-field-label\">\n\t\t\t\t\t\t\t\tSeu \u00faltimo Nome\t\t\t\t\t\t\t<\/label>\n\t\t\t\t\t\t\t\t\t\t\t\t\t\t<input size=\"1\" type=\"text\" name=\"form_fields[apellidos]\" id=\"form-field-apellidos\" class=\"elementor-field elementor-size-sm  elementor-field-textual\" required=\"required\">\n\t\t\t\t\t\t\t\t\t\t\t<\/div>\n\t\t\t\t\t\t\t\t<div class=\"elementor-field-type-email elementor-field-group elementor-column elementor-field-group-email elementor-col-50 elementor-field-required\">\n\t\t\t\t\t\t\t\t\t\t\t\t<label for=\"form-field-email\" class=\"elementor-field-label\">\n\t\t\t\t\t\t\t\tE-mail\t\t\t\t\t\t\t<\/label>\n\t\t\t\t\t\t\t\t\t\t\t\t\t\t<input size=\"1\" type=\"email\" name=\"form_fields[email]\" id=\"form-field-email\" class=\"elementor-field elementor-size-sm  elementor-field-textual\" required=\"required\">\n\t\t\t\t\t\t\t\t\t\t\t<\/div>\n\t\t\t\t\t\t\t\t<div class=\"elementor-field-type-tel elementor-field-group elementor-column elementor-field-group-tel elementor-col-50 elementor-field-required\">\n\t\t\t\t\t\t\t\t\t\t\t\t<label for=\"form-field-tel\" class=\"elementor-field-label\">\n\t\t\t\t\t\t\t\tTelefone\t\t\t\t\t\t\t<\/label>\n\t\t\t\t\t\t\t\t<input size=\"1\" type=\"tel\" name=\"form_fields[tel]\" id=\"form-field-tel\" class=\"elementor-field elementor-size-sm  elementor-field-textual\" required=\"required\" pattern=\"[0-9()#&amp;+*-=.]+\" title=\"Only numbers and phone characters (#, -, *, etc) are accepted.\">\n\n\t\t\t\t\t\t<\/div>\n\t\t\t\t\t\t\t\t<div class=\"elementor-field-type-text elementor-field-group elementor-column elementor-field-group-empresa elementor-col-50 elementor-field-required\">\n\t\t\t\t\t\t\t\t\t\t\t\t<label for=\"form-field-empresa\" class=\"elementor-field-label\">\n\t\t\t\t\t\t\t\tO neg\u00f3cio\t\t\t\t\t\t\t<\/label>\n\t\t\t\t\t\t\t\t\t\t\t\t\t\t<input size=\"1\" type=\"text\" name=\"form_fields[empresa]\" id=\"form-field-empresa\" class=\"elementor-field elementor-size-sm  elementor-field-textual\" required=\"required\">\n\t\t\t\t\t\t\t\t\t\t\t<\/div>\n\t\t\t\t\t\t\t\t<div class=\"elementor-field-type-select elementor-field-group elementor-column elementor-field-group-asunto elementor-col-50 elementor-field-required\">\n\t\t\t\t\t\t\t\t\t\t\t\t<label for=\"form-field-asunto\" class=\"elementor-field-label\">\n\t\t\t\t\t\t\t\tCaso\t\t\t\t\t\t\t<\/label>\n\t\t\t\t\t\t\t\t<div class=\"elementor-field elementor-select-wrapper remove-before \">\n\t\t\t<div class=\"select-caret-down-wrapper\">\n\t\t\t\t<svg aria-hidden=\"true\" class=\"e-font-icon-svg e-eicon-caret-down\" viewBox=\"0 0 571.4 571.4\" xmlns=\"http:\/\/www.w3.org\/2000\/svg\"><path d=\"M571 393Q571 407 561 418L311 668Q300 679 286 679T261 668L11 418Q0 407 0 393T11 368 36 357H536Q550 357 561 368T571 393Z\"><\/path><\/svg>\t\t\t<\/div>\n\t\t\t<select name=\"form_fields[asunto]\" id=\"form-field-asunto\" class=\"elementor-field-textual elementor-size-sm\" required=\"required\">\n\t\t\t\t\t\t\t\t\t<option value=\"Solicitar um or\u00e7amento \">Solicitar um or\u00e7amento <\/option>\n\t\t\t\t\t\t\t\t\t<option value=\" Quero que um vendedor entre em contacto comigo \"> Quero que um vendedor entre em contacto comigo <\/option>\n\t\t\t\t\t\t\t\t\t<option value=\" Solicitar uma amostra \"> Solicitar uma amostra <\/option>\n\t\t\t\t\t\t\t\t\t<option value=\" Mais informa\u00e7\u00f5es\"> Mais informa\u00e7\u00f5es<\/option>\n\t\t\t\t\t\t\t<\/select>\n\t\t<\/div>\n\t\t\t\t\t\t<\/div>\n\t\t\t\t\t\t\t\t<div class=\"elementor-field-type-textarea elementor-field-group elementor-column elementor-field-group-message elementor-col-100\">\n\t\t\t\t\t\t\t\t\t\t\t\t<label for=\"form-field-message\" class=\"elementor-field-label\">\n\t\t\t\t\t\t\t\tA sua mensagem\t\t\t\t\t\t\t<\/label>\n\t\t\t\t\t\t<textarea class=\"elementor-field-textual elementor-field  elementor-size-sm\" name=\"form_fields[message]\" id=\"form-field-message\" rows=\"4\"><\/textarea>\t\t\t\t<\/div>\n\t\t\t\t\t\t\t\t<div class=\"elementor-field-type-acceptance elementor-field-group elementor-column elementor-field-group-field_c2f3ea2 elementor-col-100 elementor-field-required\">\n\t\t\t\t\t\t\t<div class=\"elementor-field-subgroup\">\n\t\t\t<span class=\"elementor-field-option\">\n\t\t\t\t<input type=\"checkbox\" name=\"form_fields[field_c2f3ea2]\" id=\"form-field-field_c2f3ea2\" class=\"elementor-field elementor-size-sm  elementor-acceptance-field\" required=\"required\">\n\t\t\t\t<label for=\"form-field-field_c2f3ea2\">Li e concordo com a <a href=\"https:\/\/kadion.com\/pt-pt\/politica-de-privacidade\/\">Pol\u00edtica de Privacidade<\/a> da Kadion.<\/label>\t\t\t<\/span>\n\t\t<\/div>\n\t\t\t\t\t\t<\/div>\n\t\t\t\t\t\t\t\t<div class=\"elementor-field-type-recaptcha_v3 elementor-field-group elementor-column elementor-field-group-field_f2db3a8 elementor-col-100 recaptcha_v3-bottomright\">\n\t\t\t\t\t<div class=\"elementor-field\" id=\"form-field-field_f2db3a8\"><div class=\"elementor-g-recaptcha\" data-sitekey=\"6Lc3fC4sAAAAAM9j76-G2uJ1B99i1Oyaakdh6T0b\" data-type=\"v3\" data-action=\"Form\" data-badge=\"bottomright\" data-size=\"invisible\"><\/div><\/div>\t\t\t\t<\/div>\n\t\t\t\t\t\t\t\t<div class=\"elementor-field-type-text\">\n\t\t\t\t\t<input size=\"1\" type=\"text\" name=\"form_fields[field_e91f0c0]\" id=\"form-field-field_e91f0c0\" class=\"elementor-field elementor-size-sm \" style=\"display:none !important;\">\t\t\t\t<\/div>\n\t\t\t\t\t\t\t\t<div class=\"elementor-field-group elementor-column elementor-field-type-submit elementor-col-100 e-form__buttons\">\n\t\t\t\t\t<button class=\"elementor-button elementor-size-sm\" type=\"submit\">\n\t\t\t\t\t\t<span class=\"elementor-button-content-wrapper\">\n\t\t\t\t\t\t\t\t\t\t\t\t\t\t\t\t\t\t\t\t\t\t<span class=\"elementor-button-text\">Mandar<\/span>\n\t\t\t\t\t\t\t\t\t\t\t\t\t<\/span>\n\t\t\t\t\t<\/button>\n\t\t\t\t<\/div>\n\t\t\t<\/div>\n\t\t<\/form>\n\t\t\t\t\t\t<\/div>\n\t\t\t\t\t<\/div>\n\t\t\t\t<\/div>\n\t\t\t\t<\/div>\n\t\t","protected":false},"excerpt":{"rendered":"<p>Adesivos No sector das colas, a KADION oferece solu\u00e7\u00f5es com diferentes gamas de produtos, tais como agentes reol\u00f3gicos, absorvedores e filtros UV e aglutinantes (resinas) de natureza acr\u00edlica. Os agentes reol\u00f3gicos proporcionam novas funcionalidades, modificando as propriedades da formula\u00e7\u00e3o, melhorando efeitos como a flacidez ou variando o valor da viscosidade da mistura. No caso de [&hellip;]<\/p>\n","protected":false},"author":1,"featured_media":0,"parent":15302,"menu_order":0,"comment_status":"closed","ping_status":"closed","template":"elementor_header_footer","meta":{"_acf_changed":false,"footnotes":""},"class_list":["post-15342","page","type-page","status-publish","hentry"],"acf":[],"yoast_head":"<!-- This site is optimized with the Yoast SEO plugin v26.9 - https:\/\/yoast.com\/product\/yoast-seo-wordpress\/ -->\n<title>Kadion | Solu\u00e7\u00f5es qu\u00edmicas para adesivos industriais<\/title>\n<meta name=\"description\" content=\"Solu\u00e7\u00f5es qu\u00edmicas para adesivos industriais: resinas, aditivos e formula\u00e7\u00f5es para aplica\u00e7\u00f5es de colagem, selagem e t\u00e9cnicas.\" \/>\n<meta name=\"robots\" content=\"index, follow, max-snippet:-1, max-image-preview:large, max-video-preview:-1\" \/>\n<link rel=\"canonical\" href=\"https:\/\/kadion.com\/pt-pt\/mercados\/adesivos\/\" \/>\n<meta property=\"og:locale\" content=\"pt_PT\" \/>\n<meta property=\"og:type\" content=\"article\" \/>\n<meta property=\"og:title\" content=\"Kadion | Solu\u00e7\u00f5es qu\u00edmicas para adesivos industriais\" \/>\n<meta property=\"og:description\" content=\"Solu\u00e7\u00f5es qu\u00edmicas para adesivos industriais: resinas, aditivos e formula\u00e7\u00f5es para aplica\u00e7\u00f5es de colagem, selagem e t\u00e9cnicas.\" \/>\n<meta property=\"og:url\" content=\"https:\/\/kadion.com\/pt-pt\/mercados\/adesivos\/\" \/>\n<meta property=\"og:site_name\" content=\"Kadion\" \/>\n<meta property=\"article:modified_time\" content=\"2025-12-18T14:21:59+00:00\" \/>\n<meta property=\"og:image\" content=\"https:\/\/kadion.com\/wp-content\/uploads\/2025\/12\/kadion_producto_adhesivo_calidad.webp\" \/>\n\t<meta property=\"og:image:width\" content=\"827\" \/>\n\t<meta property=\"og:image:height\" content=\"551\" \/>\n\t<meta property=\"og:image:type\" content=\"image\/webp\" \/>\n<meta name=\"twitter:card\" content=\"summary_large_image\" \/>\n<meta name=\"twitter:label1\" content=\"Tempo estimado de leitura\" \/>\n\t<meta name=\"twitter:data1\" content=\"1 minuto\" \/>\n<script type=\"application\/ld+json\" class=\"yoast-schema-graph\">{\"@context\":\"https:\/\/schema.org\",\"@graph\":[{\"@type\":\"WebPage\",\"@id\":\"https:\/\/kadion.com\/pt-pt\/mercados\/adesivos\/\",\"url\":\"https:\/\/kadion.com\/pt-pt\/mercados\/adesivos\/\",\"name\":\"Kadion | Solu\u00e7\u00f5es qu\u00edmicas para adesivos industriais\",\"isPartOf\":{\"@id\":\"https:\/\/kadion.com\/pt-pt\/#website\"},\"primaryImageOfPage\":{\"@id\":\"https:\/\/kadion.com\/pt-pt\/mercados\/adesivos\/#primaryimage\"},\"image\":{\"@id\":\"https:\/\/kadion.com\/pt-pt\/mercados\/adesivos\/#primaryimage\"},\"thumbnailUrl\":\"https:\/\/kadion.com\/wp-content\/uploads\/2025\/12\/kadion_producto_adhesivo_calidad.webp\",\"datePublished\":\"2025-12-09T08:19:00+00:00\",\"dateModified\":\"2025-12-18T14:21:59+00:00\",\"description\":\"Solu\u00e7\u00f5es qu\u00edmicas para adesivos industriais: resinas, aditivos e formula\u00e7\u00f5es para aplica\u00e7\u00f5es de colagem, selagem e t\u00e9cnicas.\",\"breadcrumb\":{\"@id\":\"https:\/\/kadion.com\/pt-pt\/mercados\/adesivos\/#breadcrumb\"},\"inLanguage\":\"pt-PT\",\"potentialAction\":[{\"@type\":\"ReadAction\",\"target\":[\"https:\/\/kadion.com\/pt-pt\/mercados\/adesivos\/\"]}]},{\"@type\":\"ImageObject\",\"inLanguage\":\"pt-PT\",\"@id\":\"https:\/\/kadion.com\/pt-pt\/mercados\/adesivos\/#primaryimage\",\"url\":\"https:\/\/kadion.com\/wp-content\/uploads\/2025\/12\/kadion_producto_adhesivo_calidad.webp\",\"contentUrl\":\"https:\/\/kadion.com\/wp-content\/uploads\/2025\/12\/kadion_producto_adhesivo_calidad.webp\"},{\"@type\":\"BreadcrumbList\",\"@id\":\"https:\/\/kadion.com\/pt-pt\/mercados\/adesivos\/#breadcrumb\",\"itemListElement\":[{\"@type\":\"ListItem\",\"position\":1,\"name\":\"Portada\",\"item\":\"https:\/\/kadion.com\/pt-pt\/kadion\/\"},{\"@type\":\"ListItem\",\"position\":2,\"name\":\"Mercados\",\"item\":\"https:\/\/kadion.com\/pt-pt\/mercados\/\"},{\"@type\":\"ListItem\",\"position\":3,\"name\":\"Adesivos\"}]},{\"@type\":\"WebSite\",\"@id\":\"https:\/\/kadion.com\/pt-pt\/#website\",\"url\":\"https:\/\/kadion.com\/pt-pt\/\",\"name\":\"Kadion\",\"description\":\"\",\"publisher\":{\"@id\":\"https:\/\/kadion.com\/pt-pt\/#organization\"},\"potentialAction\":[{\"@type\":\"SearchAction\",\"target\":{\"@type\":\"EntryPoint\",\"urlTemplate\":\"https:\/\/kadion.com\/pt-pt\/?s={search_term_string}\"},\"query-input\":{\"@type\":\"PropertyValueSpecification\",\"valueRequired\":true,\"valueName\":\"search_term_string\"}}],\"inLanguage\":\"pt-PT\"},{\"@type\":\"Organization\",\"@id\":\"https:\/\/kadion.com\/pt-pt\/#organization\",\"name\":\"Distribution of chemical products\",\"url\":\"https:\/\/kadion.com\/pt-pt\/\",\"logo\":{\"@type\":\"ImageObject\",\"inLanguage\":\"pt-PT\",\"@id\":\"https:\/\/kadion.com\/pt-pt\/#\/schema\/logo\/image\/\",\"url\":\"https:\/\/kadion.com\/wp-content\/uploads\/2025\/12\/favicon-kadion.png\",\"contentUrl\":\"https:\/\/kadion.com\/wp-content\/uploads\/2025\/12\/favicon-kadion.png\",\"width\":512,\"height\":512,\"caption\":\"Distribution of chemical products\"},\"image\":{\"@id\":\"https:\/\/kadion.com\/pt-pt\/#\/schema\/logo\/image\/\"}}]}<\/script>\n<!-- \/ Yoast SEO plugin. -->","yoast_head_json":{"title":"Kadion | Solu\u00e7\u00f5es qu\u00edmicas para adesivos industriais","description":"Solu\u00e7\u00f5es qu\u00edmicas para adesivos industriais: resinas, aditivos e formula\u00e7\u00f5es para aplica\u00e7\u00f5es de colagem, selagem e t\u00e9cnicas.","robots":{"index":"index","follow":"follow","max-snippet":"max-snippet:-1","max-image-preview":"max-image-preview:large","max-video-preview":"max-video-preview:-1"},"canonical":"https:\/\/kadion.com\/pt-pt\/mercados\/adesivos\/","og_locale":"pt_PT","og_type":"article","og_title":"Kadion | Solu\u00e7\u00f5es qu\u00edmicas para adesivos industriais","og_description":"Solu\u00e7\u00f5es qu\u00edmicas para adesivos industriais: resinas, aditivos e formula\u00e7\u00f5es para aplica\u00e7\u00f5es de colagem, selagem e t\u00e9cnicas.","og_url":"https:\/\/kadion.com\/pt-pt\/mercados\/adesivos\/","og_site_name":"Kadion","article_modified_time":"2025-12-18T14:21:59+00:00","og_image":[{"width":827,"height":551,"url":"https:\/\/kadion.com\/wp-content\/uploads\/2025\/12\/kadion_producto_adhesivo_calidad.webp","type":"image\/webp"}],"twitter_card":"summary_large_image","twitter_misc":{"Tempo estimado de leitura":"1 minuto"},"schema":{"@context":"https:\/\/schema.org","@graph":[{"@type":"WebPage","@id":"https:\/\/kadion.com\/pt-pt\/mercados\/adesivos\/","url":"https:\/\/kadion.com\/pt-pt\/mercados\/adesivos\/","name":"Kadion | Solu\u00e7\u00f5es qu\u00edmicas para adesivos industriais","isPartOf":{"@id":"https:\/\/kadion.com\/pt-pt\/#website"},"primaryImageOfPage":{"@id":"https:\/\/kadion.com\/pt-pt\/mercados\/adesivos\/#primaryimage"},"image":{"@id":"https:\/\/kadion.com\/pt-pt\/mercados\/adesivos\/#primaryimage"},"thumbnailUrl":"https:\/\/kadion.com\/wp-content\/uploads\/2025\/12\/kadion_producto_adhesivo_calidad.webp","datePublished":"2025-12-09T08:19:00+00:00","dateModified":"2025-12-18T14:21:59+00:00","description":"Solu\u00e7\u00f5es qu\u00edmicas para adesivos industriais: resinas, aditivos e formula\u00e7\u00f5es para aplica\u00e7\u00f5es de colagem, selagem e t\u00e9cnicas.","breadcrumb":{"@id":"https:\/\/kadion.com\/pt-pt\/mercados\/adesivos\/#breadcrumb"},"inLanguage":"pt-PT","potentialAction":[{"@type":"ReadAction","target":["https:\/\/kadion.com\/pt-pt\/mercados\/adesivos\/"]}]},{"@type":"ImageObject","inLanguage":"pt-PT","@id":"https:\/\/kadion.com\/pt-pt\/mercados\/adesivos\/#primaryimage","url":"https:\/\/kadion.com\/wp-content\/uploads\/2025\/12\/kadion_producto_adhesivo_calidad.webp","contentUrl":"https:\/\/kadion.com\/wp-content\/uploads\/2025\/12\/kadion_producto_adhesivo_calidad.webp"},{"@type":"BreadcrumbList","@id":"https:\/\/kadion.com\/pt-pt\/mercados\/adesivos\/#breadcrumb","itemListElement":[{"@type":"ListItem","position":1,"name":"Portada","item":"https:\/\/kadion.com\/pt-pt\/kadion\/"},{"@type":"ListItem","position":2,"name":"Mercados","item":"https:\/\/kadion.com\/pt-pt\/mercados\/"},{"@type":"ListItem","position":3,"name":"Adesivos"}]},{"@type":"WebSite","@id":"https:\/\/kadion.com\/pt-pt\/#website","url":"https:\/\/kadion.com\/pt-pt\/","name":"Kadion","description":"","publisher":{"@id":"https:\/\/kadion.com\/pt-pt\/#organization"},"potentialAction":[{"@type":"SearchAction","target":{"@type":"EntryPoint","urlTemplate":"https:\/\/kadion.com\/pt-pt\/?s={search_term_string}"},"query-input":{"@type":"PropertyValueSpecification","valueRequired":true,"valueName":"search_term_string"}}],"inLanguage":"pt-PT"},{"@type":"Organization","@id":"https:\/\/kadion.com\/pt-pt\/#organization","name":"Distribution of chemical products","url":"https:\/\/kadion.com\/pt-pt\/","logo":{"@type":"ImageObject","inLanguage":"pt-PT","@id":"https:\/\/kadion.com\/pt-pt\/#\/schema\/logo\/image\/","url":"https:\/\/kadion.com\/wp-content\/uploads\/2025\/12\/favicon-kadion.png","contentUrl":"https:\/\/kadion.com\/wp-content\/uploads\/2025\/12\/favicon-kadion.png","width":512,"height":512,"caption":"Distribution of chemical products"},"image":{"@id":"https:\/\/kadion.com\/pt-pt\/#\/schema\/logo\/image\/"}}]}},"_links":{"self":[{"href":"https:\/\/kadion.com\/pt-pt\/wp-json\/wp\/v2\/pages\/15342","targetHints":{"allow":["GET"]}}],"collection":[{"href":"https:\/\/kadion.com\/pt-pt\/wp-json\/wp\/v2\/pages"}],"about":[{"href":"https:\/\/kadion.com\/pt-pt\/wp-json\/wp\/v2\/types\/page"}],"author":[{"embeddable":true,"href":"https:\/\/kadion.com\/pt-pt\/wp-json\/wp\/v2\/users\/1"}],"replies":[{"embeddable":true,"href":"https:\/\/kadion.com\/pt-pt\/wp-json\/wp\/v2\/comments?post=15342"}],"version-history":[{"count":2,"href":"https:\/\/kadion.com\/pt-pt\/wp-json\/wp\/v2\/pages\/15342\/revisions"}],"predecessor-version":[{"id":16326,"href":"https:\/\/kadion.com\/pt-pt\/wp-json\/wp\/v2\/pages\/15342\/revisions\/16326"}],"up":[{"embeddable":true,"href":"https:\/\/kadion.com\/pt-pt\/wp-json\/wp\/v2\/pages\/15302"}],"wp:attachment":[{"href":"https:\/\/kadion.com\/pt-pt\/wp-json\/wp\/v2\/media?parent=15342"}],"curies":[{"name":"wp","href":"https:\/\/api.w.org\/{rel}","templated":true}]}}