{"id":15324,"date":"2025-12-09T09:16:51","date_gmt":"2025-12-09T08:16:51","guid":{"rendered":"https:\/\/kadion.com\/aviso-legal\/"},"modified":"2025-12-15T11:08:34","modified_gmt":"2025-12-15T10:08:34","slug":"aviso-legal","status":"publish","type":"page","link":"https:\/\/kadion.com\/pt-pt\/aviso-legal\/","title":{"rendered":"Aviso Legal"},"content":{"rendered":"\t\t<div data-elementor-type=\"wp-page\" data-elementor-id=\"15324\" class=\"elementor elementor-15324 elementor-18\" data-elementor-post-type=\"page\">\n\t\t\t\t<div class=\"elementor-element elementor-element-8bf1122 e-flex e-con-boxed e-con e-parent\" data-id=\"8bf1122\" data-element_type=\"container\" data-e-type=\"container\" data-settings=\"{&quot;background_background&quot;:&quot;classic&quot;}\">\n\t\t\t\t\t<div class=\"e-con-inner\">\n\t\t<div class=\"elementor-element elementor-element-4f20554 e-con-full e-flex e-con e-child\" data-id=\"4f20554\" data-element_type=\"container\" data-e-type=\"container\">\n\t\t\t\t<div class=\"elementor-element elementor-element-c3cfda0 elementor-widget elementor-widget-heading\" data-id=\"c3cfda0\" data-element_type=\"widget\" data-e-type=\"widget\" data-widget_type=\"heading.default\">\n\t\t\t\t\t<h1 class=\"elementor-heading-title elementor-size-default\">Aviso legal<\/h1>\t\t\t\t<\/div>\n\t\t\t\t<div class=\"elementor-element elementor-element-2eca734 elementor-widget-divider--view-line elementor-widget elementor-widget-divider\" data-id=\"2eca734\" data-element_type=\"widget\" data-e-type=\"widget\" data-widget_type=\"divider.default\">\n\t\t\t\t\t\t\t<div class=\"elementor-divider\">\n\t\t\t<span class=\"elementor-divider-separator\">\n\t\t\t\t\t\t<\/span>\n\t\t<\/div>\n\t\t\t\t\t\t<\/div>\n\t\t\t\t<\/div>\n\t\t<div class=\"elementor-element elementor-element-f54e643 e-con-full elementor-hidden-mobile e-flex e-con e-child\" data-id=\"f54e643\" data-element_type=\"container\" data-e-type=\"container\">\n\t\t\t\t<\/div>\n\t\t\t\t\t<\/div>\n\t\t\t\t<\/div>\n\t\t<div class=\"elementor-element elementor-element-464e325 e-flex e-con-boxed e-con e-parent\" data-id=\"464e325\" data-element_type=\"container\" data-e-type=\"container\">\n\t\t\t\t\t<div class=\"e-con-inner\">\n\t\t\t\t<div class=\"elementor-element elementor-element-851398b elementor-widget elementor-widget-text-editor\" data-id=\"851398b\" data-element_type=\"widget\" data-e-type=\"widget\" data-widget_type=\"text-editor.default\">\n\t\t\t\t\t\t\t\t\t<p>TERMOS DE UTILIZA\u00c7\u00c3O DO SITE DA KADION SPECIALITIES CHEMICALS, SL<\/p><p>KADION ESPECIALIDADES QU\u00cdMICAS, SL, com sede social na Rua Can R\u00e0bia, n\u00ba 15, 08017 Barcelona, \u200b\u200b\u200b\u200bEspanha e NIF B-61502001, Telefone: +34 934 809 181. E-mail: <a href=\"mailto:contact@kadion.com\">contact@kadion.com<\/a> <\/p>\t\t\t\t\t\t\t\t<\/div>\n\t\t\t\t<div class=\"elementor-element elementor-element-aaf6b15 elementor-widget elementor-widget-text-editor\" data-id=\"aaf6b15\" data-element_type=\"widget\" data-e-type=\"widget\" data-widget_type=\"text-editor.default\">\n\t\t\t\t\t\t\t\t\t<h2>I. Em geral<\/h2><ol><li>A KADION ESPECIALIDADES QU\u00cdMICAS, SL \u00e9 propriet\u00e1ria do site www.kadion.com e informa que a utiliza\u00e7\u00e3o do referido site, bem como de todo o conte\u00fado nele oferecido, est\u00e1 sujeita \u00e0s presentes condi\u00e7\u00f5es gerais de utiliza\u00e7\u00e3o.<\/li><li>A utiliza\u00e7\u00e3o deste site \u00e9 gratuita e confere automaticamente o estatuto de Utilizador, implicando a aceita\u00e7\u00e3o integral dos presentes Termos e Condi\u00e7\u00f5es Gerais. Os presentes Termos e Condi\u00e7\u00f5es Gerais, bem como quaisquer altera\u00e7\u00f5es ou outros avisos legais, estar\u00e3o dispon\u00edveis no site e ser\u00e3o considerados v\u00e1lidos a partir da data da sua publica\u00e7\u00e3o. <\/li><li>Determinados Servi\u00e7os ou Conte\u00fados oferecidos no Site poder\u00e3o estar sujeitos a &#8220;Condi\u00e7\u00f5es Espec\u00edficas&#8221;, tamb\u00e9m disponibilizadas ao Utilizador, as quais poder\u00e3o complementar ou substituir as presentes Condi\u00e7\u00f5es Gerais no que respeita \u00e0 utiliza\u00e7\u00e3o do servi\u00e7o espec\u00edfico a que se referem.<\/li><\/ol>\t\t\t\t\t\t\t\t<\/div>\n\t\t\t\t<div class=\"elementor-element elementor-element-df97f9b elementor-widget elementor-widget-text-editor\" data-id=\"df97f9b\" data-element_type=\"widget\" data-e-type=\"widget\" data-widget_type=\"text-editor.default\">\n\t\t\t\t\t\t\t\t\t<h2>II. Contente <\/h2>\n<ol>\n \t<li>Este site oferece artigos, relat\u00f3rios, informa\u00e7\u00f5es e outros conte\u00fados produzidos pela KADION ESPECIALIDADES QU\u00cdMICAS, SL apenas para fins informativos. Os utilizadores devem estar cientes de que tais conte\u00fados podem n\u00e3o refletir os desenvolvimentos legislativos ou jurisprudenciais mais recentes, e a KADION ESPECIALIDADES QU\u00cdMICAS, SL poder\u00e1, unilateralmente, modific\u00e1-los, exclu\u00ed-los, ampli\u00e1-los ou atualiz\u00e1-los sem aviso pr\u00e9vio e sem assumir qualquer responsabilidade. <\/li>\n \t<li>O conte\u00fado deste site n\u00e3o deve ser considerado, em caso algum, como um substituto de aconselhamento jur\u00eddico ou outro tipo de aconselhamento profissional. O acesso a este conte\u00fado \u00e9 gratuito e n\u00e3o implica qualquer rela\u00e7\u00e3o consultor-cliente, nem qualquer outro tipo de rela\u00e7\u00e3o fiduci\u00e1ria ou profissional entre a KADION ESPECIALIDADES QU\u00cdMICAS, SL e o utilizador do site. Os utilizadores n\u00e3o devem agir com base nas informa\u00e7\u00f5es contidas neste site sem antes procurarem aconselhamento profissional adequado.  <\/li>\n \t<li>Os links de hipertexto contidos neste site para outros sites s\u00e3o inclu\u00eddos por serem considerados de interesse para o utilizador. A KADION ESPECIALIDADES QU\u00cdMICAS, SL n\u00e3o tem qualquer controlo sobre estes sites e, por conseguinte, n\u00e3o se responsabiliza pelos seus servi\u00e7os, conte\u00fados ou condi\u00e7\u00f5es. <\/li>\n \t<li>A t\u00edtulo de exemplo, o Utilizador, em conformidade com a legisla\u00e7\u00e3o em vigor, deve abster-se de:<\/li>\n<\/ol>\n<ul>\n \t\n<ul>\n \t<li>\u00c9 proibida a reprodu\u00e7\u00e3o, c\u00f3pia, distribui\u00e7\u00e3o, disponibiliza\u00e7\u00e3o, comunica\u00e7\u00e3o p\u00fablica, transforma\u00e7\u00e3o ou modifica\u00e7\u00e3o do Conte\u00fado, salvo nos casos autorizados por lei ou expressamente consentidos pela KADION ESPECIALIDADES QU\u00cdMICAS, SL ou pelo titular dos direitos de explora\u00e7\u00e3o, consoante o caso.<\/li>\n \t<li>\u00c9 proibida a reprodu\u00e7\u00e3o ou c\u00f3pia para uso privado do Conte\u00fado que possa ser considerado Software ou Base de Dados, em conformidade com a legisla\u00e7\u00e3o em vigor sobre propriedade intelectual, bem como a sua comunica\u00e7\u00e3o p\u00fablica ou disponibiliza\u00e7\u00e3o a terceiros, quando tais atos impliquem necessariamente a reprodu\u00e7\u00e3o pelo Utilizador ou por terceiros.<\/li>\n \t<li>Extrair e\/ou reutilizar a totalidade ou uma parte substancial dos Conte\u00fados que comp\u00f5em o website, bem como as bases de dados que a KADION ESPECIALIDADES QU\u00cdMICAS, SL disponibiliza aos Utilizadores.<\/li>\n<\/ul>\n<\/li>\n<\/ul>\t\t\t\t\t\t\t\t<\/div>\n\t\t\t\t<div class=\"elementor-element elementor-element-8ef09c6 elementor-widget elementor-widget-text-editor\" data-id=\"8ef09c6\" data-element_type=\"widget\" data-e-type=\"widget\" data-widget_type=\"text-editor.default\">\n\t\t\t\t\t\t\t\t\t<h3>III. Limita\u00e7\u00e3o de responsabilidade <\/h3><ol><li>Qualquer pessoa que utilize este site f\u00e1-lo por sua conta e risco. A KADION ESPECIALIDADES QU\u00cdMICAS, SL n\u00e3o garante que o site esteja dispon\u00edvel ininterruptamente, em tempo \u00fatil, livre de erros, omiss\u00f5es ou v\u00edrus. Consequentemente, o site e o seu conte\u00fado s\u00e3o fornecidos &#8220;tal como est\u00e3o&#8221;, sem garantias de qualquer tipo, expressas ou impl\u00edcitas. Fica entendido que nem a KADION ESPECIALIDADES QU\u00cdMICAS, SL, nem os seus parceiros, colaboradores, funcion\u00e1rios ou representantes ser\u00e3o respons\u00e1veis \u200b\u200bpor quaisquer erros ou omiss\u00f5es no conte\u00fado ou nos servi\u00e7os, ou por quaisquer danos decorrentes da utiliza\u00e7\u00e3o deste site, nem por quaisquer a\u00e7\u00f5es tomadas com base nas informa\u00e7\u00f5es aqui fornecidas.  <\/li><\/ol>\t\t\t\t\t\t\t\t<\/div>\n\t\t\t\t<div class=\"elementor-element elementor-element-f4056bf elementor-widget elementor-widget-text-editor\" data-id=\"f4056bf\" data-element_type=\"widget\" data-e-type=\"widget\" data-widget_type=\"text-editor.default\">\n\t\t\t\t\t\t\t\t\t<h3>IV. Propriedade Industrial e Intelectual <\/h3><ol><li>Todo o conte\u00fado deste site, incluindo textos, imagens, sons, ficheiros, marcas registadas, log\u00f3tipos, combina\u00e7\u00f5es de cores ou qualquer outro elemento, a sua estrutura e design, a sele\u00e7\u00e3o e apresenta\u00e7\u00e3o do conte\u00fado nele inclu\u00eddo e os programas de computador necess\u00e1rios ao seu funcionamento, acesso e utiliza\u00e7\u00e3o, est\u00e3o protegidos por direitos de propriedade industrial e intelectual, pertencentes \u00e0 KADION ESPECIALIDADES QU\u00cdMICAS, SL ou, quando aplic\u00e1vel, aos seus licenciadores, os quais o Utilizador deve respeitar.<\/li><li>O armazenamento tempor\u00e1rio e a reprodu\u00e7\u00e3o de parte ou da totalidade do Conte\u00fado do Site s\u00e3o autorizados para uso pessoal e n\u00e3o comercial. A reprodu\u00e7\u00e3o, o armazenamento permanente e a distribui\u00e7\u00e3o do Conte\u00fado do Site, ou qualquer utiliza\u00e7\u00e3o para fins p\u00fablicos ou comerciais, s\u00e3o estritamente proibidos sem o consentimento pr\u00e9vio e por escrito da KADION ESPECIALIDADES QU\u00cdMICAS, SL. <\/li><\/ol>\t\t\t\t\t\t\t\t<\/div>\n\t\t\t\t<div class=\"elementor-element elementor-element-0ea085d elementor-widget elementor-widget-text-editor\" data-id=\"0ea085d\" data-element_type=\"widget\" data-e-type=\"widget\" data-widget_type=\"text-editor.default\">\n\t\t\t\t\t\t\t\t\t<h3>V. Pol\u00edtica de Prote\u00e7\u00e3o de Dados Pessoais<\/h3><ol><li>Para efeitos da Lei Org\u00e2nica 3\/2018, de 5 de dezembro, sobre a Prote\u00e7\u00e3o de Dados Pessoais e a garantia dos direitos digitais e demais legisla\u00e7\u00e3o aplic\u00e1vel, a KADION ESPECIALIDADES QU\u00cdMICAS, SL informa os seus clientes e quaisquer terceiros que forne\u00e7am os seus Dados Pessoais a esta empresa sobre a sua pol\u00edtica de Prote\u00e7\u00e3o de Dados Pessoais, que se encontra dispon\u00edvel na Web, no link \u201cProte\u00e7\u00e3o de Dados\u201d.<\/li><\/ol>\t\t\t\t\t\t\t\t<\/div>\n\t\t\t\t<div class=\"elementor-element elementor-element-48270a8 elementor-widget elementor-widget-text-editor\" data-id=\"48270a8\" data-element_type=\"widget\" data-e-type=\"widget\" data-widget_type=\"text-editor.default\">\n\t\t\t\t\t\t\t\t\t<h3>VI. Legisla\u00e7\u00e3o aplic\u00e1vel <\/h3><ol><li>Os presentes Termos e Condi\u00e7\u00f5es Gerais de utiliza\u00e7\u00e3o do Website e todas as rela\u00e7\u00f5es estabelecidas entre o Utilizador e a KADION ESPECIALIDADES QU\u00cdMICAS, SL, regem-se pela legisla\u00e7\u00e3o espanhola.<\/li><\/ol>\t\t\t\t\t\t\t\t<\/div>\n\t\t\t\t\t<\/div>\n\t\t\t\t<\/div>\n\t\t\t\t<\/div>\n\t\t","protected":false},"excerpt":{"rendered":"<p>Aviso legal TERMOS DE UTILIZA\u00c7\u00c3O DO SITE DA KADION SPECIALITIES CHEMICALS, SL KADION ESPECIALIDADES QU\u00cdMICAS, SL, com sede social na Rua Can R\u00e0bia, n\u00ba 15, 08017 Barcelona, \u200b\u200b\u200b\u200bEspanha e NIF B-61502001, Telefone: +34 934 809 181. E-mail: contact@kadion.com I. Em geral A KADION ESPECIALIDADES QU\u00cdMICAS, SL \u00e9 propriet\u00e1ria do site www.kadion.com e informa que a [&hellip;]<\/p>\n","protected":false},"author":1,"featured_media":0,"parent":0,"menu_order":0,"comment_status":"closed","ping_status":"closed","template":"elementor_header_footer","meta":{"_acf_changed":false,"footnotes":""},"class_list":["post-15324","page","type-page","status-publish","hentry"],"acf":[],"yoast_head":"<!-- This site is optimized with the Yoast SEO plugin v26.9 - https:\/\/yoast.com\/product\/yoast-seo-wordpress\/ -->\n<title>Aviso Legal - Kadion<\/title>\n<meta name=\"robots\" content=\"noindex, follow\" \/>\n<meta property=\"og:locale\" content=\"pt_PT\" \/>\n<meta property=\"og:type\" content=\"article\" \/>\n<meta property=\"og:title\" content=\"Aviso Legal - Kadion\" \/>\n<meta property=\"og:description\" content=\"Aviso legal TERMOS DE UTILIZA\u00c7\u00c3O DO SITE DA KADION SPECIALITIES CHEMICALS, SL KADION ESPECIALIDADES QU\u00cdMICAS, SL, com sede social na Rua Can R\u00e0bia, n\u00ba 15, 08017 Barcelona, \u200b\u200b\u200b\u200bEspanha e NIF B-61502001, Telefone: +34 934 809 181. E-mail: contact@kadion.com I. Em geral A KADION ESPECIALIDADES QU\u00cdMICAS, SL \u00e9 propriet\u00e1ria do site www.kadion.com e informa que a [&hellip;]\" \/>\n<meta property=\"og:url\" content=\"https:\/\/kadion.com\/pt-pt\/aviso-legal\/\" \/>\n<meta property=\"og:site_name\" content=\"Kadion\" \/>\n<meta property=\"article:modified_time\" content=\"2025-12-15T10:08:34+00:00\" \/>\n<meta name=\"twitter:card\" content=\"summary_large_image\" \/>\n<meta name=\"twitter:label1\" content=\"Tempo estimado de leitura\" \/>\n\t<meta name=\"twitter:data1\" content=\"5 minutos\" \/>\n<script type=\"application\/ld+json\" class=\"yoast-schema-graph\">{\"@context\":\"https:\/\/schema.org\",\"@graph\":[{\"@type\":\"WebPage\",\"@id\":\"https:\/\/kadion.com\/pt-pt\/aviso-legal\/\",\"url\":\"https:\/\/kadion.com\/pt-pt\/aviso-legal\/\",\"name\":\"Aviso Legal - Kadion\",\"isPartOf\":{\"@id\":\"https:\/\/kadion.com\/pt-pt\/#website\"},\"datePublished\":\"2025-12-09T08:16:51+00:00\",\"dateModified\":\"2025-12-15T10:08:34+00:00\",\"breadcrumb\":{\"@id\":\"https:\/\/kadion.com\/pt-pt\/aviso-legal\/#breadcrumb\"},\"inLanguage\":\"pt-PT\",\"potentialAction\":[{\"@type\":\"ReadAction\",\"target\":[\"https:\/\/kadion.com\/pt-pt\/aviso-legal\/\"]}]},{\"@type\":\"BreadcrumbList\",\"@id\":\"https:\/\/kadion.com\/pt-pt\/aviso-legal\/#breadcrumb\",\"itemListElement\":[{\"@type\":\"ListItem\",\"position\":1,\"name\":\"Portada\",\"item\":\"https:\/\/kadion.com\/pt-pt\/kadion\/\"},{\"@type\":\"ListItem\",\"position\":2,\"name\":\"Aviso Legal\"}]},{\"@type\":\"WebSite\",\"@id\":\"https:\/\/kadion.com\/pt-pt\/#website\",\"url\":\"https:\/\/kadion.com\/pt-pt\/\",\"name\":\"Kadion\",\"description\":\"\",\"publisher\":{\"@id\":\"https:\/\/kadion.com\/pt-pt\/#organization\"},\"potentialAction\":[{\"@type\":\"SearchAction\",\"target\":{\"@type\":\"EntryPoint\",\"urlTemplate\":\"https:\/\/kadion.com\/pt-pt\/?s={search_term_string}\"},\"query-input\":{\"@type\":\"PropertyValueSpecification\",\"valueRequired\":true,\"valueName\":\"search_term_string\"}}],\"inLanguage\":\"pt-PT\"},{\"@type\":\"Organization\",\"@id\":\"https:\/\/kadion.com\/pt-pt\/#organization\",\"name\":\"Distribution of chemical products\",\"url\":\"https:\/\/kadion.com\/pt-pt\/\",\"logo\":{\"@type\":\"ImageObject\",\"inLanguage\":\"pt-PT\",\"@id\":\"https:\/\/kadion.com\/pt-pt\/#\/schema\/logo\/image\/\",\"url\":\"https:\/\/kadion.com\/wp-content\/uploads\/2025\/12\/favicon-kadion.png\",\"contentUrl\":\"https:\/\/kadion.com\/wp-content\/uploads\/2025\/12\/favicon-kadion.png\",\"width\":512,\"height\":512,\"caption\":\"Distribution of chemical products\"},\"image\":{\"@id\":\"https:\/\/kadion.com\/pt-pt\/#\/schema\/logo\/image\/\"}}]}<\/script>\n<!-- \/ Yoast SEO plugin. -->","yoast_head_json":{"title":"Aviso Legal - Kadion","robots":{"index":"noindex","follow":"follow"},"og_locale":"pt_PT","og_type":"article","og_title":"Aviso Legal - Kadion","og_description":"Aviso legal TERMOS DE UTILIZA\u00c7\u00c3O DO SITE DA KADION SPECIALITIES CHEMICALS, SL KADION ESPECIALIDADES QU\u00cdMICAS, SL, com sede social na Rua Can R\u00e0bia, n\u00ba 15, 08017 Barcelona, \u200b\u200b\u200b\u200bEspanha e NIF B-61502001, Telefone: +34 934 809 181. E-mail: contact@kadion.com I. Em geral A KADION ESPECIALIDADES QU\u00cdMICAS, SL \u00e9 propriet\u00e1ria do site www.kadion.com e informa que a [&hellip;]","og_url":"https:\/\/kadion.com\/pt-pt\/aviso-legal\/","og_site_name":"Kadion","article_modified_time":"2025-12-15T10:08:34+00:00","twitter_card":"summary_large_image","twitter_misc":{"Tempo estimado de leitura":"5 minutos"},"schema":{"@context":"https:\/\/schema.org","@graph":[{"@type":"WebPage","@id":"https:\/\/kadion.com\/pt-pt\/aviso-legal\/","url":"https:\/\/kadion.com\/pt-pt\/aviso-legal\/","name":"Aviso Legal - Kadion","isPartOf":{"@id":"https:\/\/kadion.com\/pt-pt\/#website"},"datePublished":"2025-12-09T08:16:51+00:00","dateModified":"2025-12-15T10:08:34+00:00","breadcrumb":{"@id":"https:\/\/kadion.com\/pt-pt\/aviso-legal\/#breadcrumb"},"inLanguage":"pt-PT","potentialAction":[{"@type":"ReadAction","target":["https:\/\/kadion.com\/pt-pt\/aviso-legal\/"]}]},{"@type":"BreadcrumbList","@id":"https:\/\/kadion.com\/pt-pt\/aviso-legal\/#breadcrumb","itemListElement":[{"@type":"ListItem","position":1,"name":"Portada","item":"https:\/\/kadion.com\/pt-pt\/kadion\/"},{"@type":"ListItem","position":2,"name":"Aviso Legal"}]},{"@type":"WebSite","@id":"https:\/\/kadion.com\/pt-pt\/#website","url":"https:\/\/kadion.com\/pt-pt\/","name":"Kadion","description":"","publisher":{"@id":"https:\/\/kadion.com\/pt-pt\/#organization"},"potentialAction":[{"@type":"SearchAction","target":{"@type":"EntryPoint","urlTemplate":"https:\/\/kadion.com\/pt-pt\/?s={search_term_string}"},"query-input":{"@type":"PropertyValueSpecification","valueRequired":true,"valueName":"search_term_string"}}],"inLanguage":"pt-PT"},{"@type":"Organization","@id":"https:\/\/kadion.com\/pt-pt\/#organization","name":"Distribution of chemical products","url":"https:\/\/kadion.com\/pt-pt\/","logo":{"@type":"ImageObject","inLanguage":"pt-PT","@id":"https:\/\/kadion.com\/pt-pt\/#\/schema\/logo\/image\/","url":"https:\/\/kadion.com\/wp-content\/uploads\/2025\/12\/favicon-kadion.png","contentUrl":"https:\/\/kadion.com\/wp-content\/uploads\/2025\/12\/favicon-kadion.png","width":512,"height":512,"caption":"Distribution of chemical products"},"image":{"@id":"https:\/\/kadion.com\/pt-pt\/#\/schema\/logo\/image\/"}}]}},"_links":{"self":[{"href":"https:\/\/kadion.com\/pt-pt\/wp-json\/wp\/v2\/pages\/15324","targetHints":{"allow":["GET"]}}],"collection":[{"href":"https:\/\/kadion.com\/pt-pt\/wp-json\/wp\/v2\/pages"}],"about":[{"href":"https:\/\/kadion.com\/pt-pt\/wp-json\/wp\/v2\/types\/page"}],"author":[{"embeddable":true,"href":"https:\/\/kadion.com\/pt-pt\/wp-json\/wp\/v2\/users\/1"}],"replies":[{"embeddable":true,"href":"https:\/\/kadion.com\/pt-pt\/wp-json\/wp\/v2\/comments?post=15324"}],"version-history":[{"count":1,"href":"https:\/\/kadion.com\/pt-pt\/wp-json\/wp\/v2\/pages\/15324\/revisions"}],"predecessor-version":[{"id":15325,"href":"https:\/\/kadion.com\/pt-pt\/wp-json\/wp\/v2\/pages\/15324\/revisions\/15325"}],"wp:attachment":[{"href":"https:\/\/kadion.com\/pt-pt\/wp-json\/wp\/v2\/media?parent=15324"}],"curies":[{"name":"wp","href":"https:\/\/api.w.org\/{rel}","templated":true}]}}