{"id":15321,"date":"2025-12-09T09:16:51","date_gmt":"2025-12-09T08:16:51","guid":{"rendered":"https:\/\/kadion.com\/legal-note\/"},"modified":"2025-12-15T11:04:02","modified_gmt":"2025-12-15T10:04:02","slug":"legal-note","status":"publish","type":"page","link":"https:\/\/kadion.com\/en\/legal-note\/","title":{"rendered":"Legal Note"},"content":{"rendered":"\t\t<div data-elementor-type=\"wp-page\" data-elementor-id=\"15321\" class=\"elementor elementor-15321 elementor-18\" data-elementor-post-type=\"page\">\n\t\t\t\t<div class=\"elementor-element elementor-element-8bf1122 e-flex e-con-boxed e-con e-parent\" data-id=\"8bf1122\" data-element_type=\"container\" data-e-type=\"container\" data-settings=\"{&quot;background_background&quot;:&quot;classic&quot;}\">\n\t\t\t\t\t<div class=\"e-con-inner\">\n\t\t<div class=\"elementor-element elementor-element-4f20554 e-con-full e-flex e-con e-child\" data-id=\"4f20554\" data-element_type=\"container\" data-e-type=\"container\">\n\t\t\t\t<div class=\"elementor-element elementor-element-c3cfda0 elementor-widget elementor-widget-heading\" data-id=\"c3cfda0\" data-element_type=\"widget\" data-e-type=\"widget\" data-widget_type=\"heading.default\">\n\t\t\t\t\t<h1 class=\"elementor-heading-title elementor-size-default\">Legal Note<\/h1>\t\t\t\t<\/div>\n\t\t\t\t<div class=\"elementor-element elementor-element-2eca734 elementor-widget-divider--view-line elementor-widget elementor-widget-divider\" data-id=\"2eca734\" data-element_type=\"widget\" data-e-type=\"widget\" data-widget_type=\"divider.default\">\n\t\t\t\t\t\t\t<div class=\"elementor-divider\">\n\t\t\t<span class=\"elementor-divider-separator\">\n\t\t\t\t\t\t<\/span>\n\t\t<\/div>\n\t\t\t\t\t\t<\/div>\n\t\t\t\t<\/div>\n\t\t<div class=\"elementor-element elementor-element-f54e643 e-con-full elementor-hidden-mobile e-flex e-con e-child\" data-id=\"f54e643\" data-element_type=\"container\" data-e-type=\"container\">\n\t\t\t\t<\/div>\n\t\t\t\t\t<\/div>\n\t\t\t\t<\/div>\n\t\t<div class=\"elementor-element elementor-element-464e325 e-flex e-con-boxed e-con e-parent\" data-id=\"464e325\" data-element_type=\"container\" data-e-type=\"container\">\n\t\t\t\t\t<div class=\"e-con-inner\">\n\t\t\t\t<div class=\"elementor-element elementor-element-851398b elementor-widget elementor-widget-text-editor\" data-id=\"851398b\" data-element_type=\"widget\" data-e-type=\"widget\" data-widget_type=\"text-editor.default\">\n\t\t\t\t\t\t\t\t\t<p>CONDITIONS OF USE OF THE WEBSITE OF KADION ESPECIALIDADES QU\u00cdMICAS, SL KADION ESPECIALIDADES QU\u00cdMICAS, SL<\/p><p>KADION ESPECIALIDADES QU\u00cdMICAS, SL, with registered office at Can R\u00e0bia Street, No. 15, 08017 Barcelona, Spain and C.I.F. number B-61502001, Telephone: +34 934 809 181. E-Mail: <a href=\"mailto:contact@kadion.com\">contact@kadion.com<\/a> <\/p>\t\t\t\t\t\t\t\t<\/div>\n\t\t\t\t<div class=\"elementor-element elementor-element-aaf6b15 elementor-widget elementor-widget-text-editor\" data-id=\"aaf6b15\" data-element_type=\"widget\" data-e-type=\"widget\" data-widget_type=\"text-editor.default\">\n\t\t\t\t\t\t\t\t\t<h2>I. General<\/h2><ol><li>KADION ESPECIALIDADES QU\u00cdMICAS, SL is the owner of the website www. kadion.com, and reports that the use of this website, as well as the use of all content offered on it is subject to these Terms and Conditions of Use.<\/li><li>The use of the Web is free and automatically attributes the condition of User, implying the full acceptance of these General Conditions. These General Conditions, as well as their modifications or other legal notices will be available on the Web and will be understood to be in force as of their publication on the same. <\/li><li>Certain Services or Content offered on the Web may be subject to \u201cSpecial Conditions\u201d, also made available to the User, which may supplement or replace these General Conditions with respect to the use of the specific service to which they refer.<\/li><\/ol>\t\t\t\t\t\t\t\t<\/div>\n\t\t\t\t<div class=\"elementor-element elementor-element-df97f9b elementor-widget elementor-widget-text-editor\" data-id=\"df97f9b\" data-element_type=\"widget\" data-e-type=\"widget\" data-widget_type=\"text-editor.default\">\n\t\t\t\t\t\t\t\t\t<h2>II. Content <\/h2>\n<ol>\n \t<li>The Web offers articles, reports, and information and other content made by KADION ESPECIALIDADES QU\u00cdMICAS, SL for informational purposes only. The user is informed that such content may not reflect the latest legislative or jurisprudential status, KADION SPECIALITIES CHEMICALS, SL may modify, delete, develop, or update unilaterally without notice and without as suming any responsibility. <\/li>\n \t<li>The contents of the Web cannot be considered, in any case, as a substitute for legal advice or otherwise. Access to them is free and does not imply any relationship between consultant and client, or any other type of relationship of trust or professional between KADION ESPECIALIDADES QU\u00cdMICAS, SL and the User of the Web. The user should not act based on the information contained in the Web, without prior recourse to the corresponding professional advice.  <\/li>\n \t<li>The hypertext links contained in the Web to other websites are included because they are considered of interest to the user. KADION ESPECIALIDADES QU\u00cdMICAS, SL has no control over these websites, so it is not responsible for their services, content, or the state of them. <\/li>\n \t<li>By way of example, the User in accordance with current legislation must refrain from:<\/li>\n<\/ol>\n<ul>\n \t\n<ul>\n \t<li>Reproduce, copy, distribute, make available, publicly communicate, transform or modify the Content, except as authorized by law or expressly consented to by KADION ESPECIALIDADES QU\u00cdMICAS, SL or by whoever holds the ownership of the exploitation rights, if any.<\/li>\n \t<li>Reproduce or copy for private use the Contents that may be considered as Software or Database, in accordance with the current legislation on intellectual property, as well as its public communication or making it available to third parties when these acts necessarily imply the reproduction by the User or a third party.<\/li>\n \t<li>Extract and\/or reuse all or a substantial part of the Contents of the web, as well as the databases that KADION ESPECIALIDADES QU\u00cdMICAS, SL makes available to Users.<\/li>\n<\/ul>\n<\/li>\n<\/ul>\t\t\t\t\t\t\t\t<\/div>\n\t\t\t\t<div class=\"elementor-element elementor-element-8ef09c6 elementor-widget elementor-widget-text-editor\" data-id=\"8ef09c6\" data-element_type=\"widget\" data-e-type=\"widget\" data-widget_type=\"text-editor.default\">\n\t\t\t\t\t\t\t\t\t<h3>III. Limitation of liability <\/h3><ol><li>Anyone who uses this website does so at their own risk. KADION ESPECIALIDADES QU\u00cdMICAS, SL does not guarantee that the Website will be uninterrupted, without delay, error, omission, or virus free. Consequently, the Web and its contents are provided \u201cas is\u201d without warranties of any kind, express or implied, it being clear that neither KADION ESPECIALIDADES QU\u00cdMICAS, SL, nor its partners, employees, or representatives, shall be liable for any errors or omissions in the Content or Services or for any damages arising from the use of this website, nor for any action taken on the basis of the information provided therein.  <\/li><\/ol>\t\t\t\t\t\t\t\t<\/div>\n\t\t\t\t<div class=\"elementor-element elementor-element-f4056bf elementor-widget elementor-widget-text-editor\" data-id=\"f4056bf\" data-element_type=\"widget\" data-e-type=\"widget\" data-widget_type=\"text-editor.default\">\n\t\t\t\t\t\t\t\t\t<h3>IV. Industrial and Intellectual Property <\/h3><ol><li>The entire contents of this website, whether text, images, sound, files, trademarks, logos, color combinations, or any other element, its structure and design, selection and form of presentation of the contents included therein, and computer programs necessary for its operation, access and use, are protected by industrial and intellectual property rights, owned by KADION ESPECIALIDADES QU\u00cdMICAS, SL or, where appropriate, its licensors, which the user must respect.<\/li><li>The temporary storage and reproduction of some or some of the contents of the Web, in order to be used for personal and non-commercial purposes is authorized. The reproduction, permanent storage and dissemination of the Contents of the Website or any use for public or commercial purposes is strictly prohibited without the prior written consent of KADION ESPECIALIDADES QU\u00cdMICAS, SL. <\/li><\/ol>\t\t\t\t\t\t\t\t<\/div>\n\t\t\t\t<div class=\"elementor-element elementor-element-0ea085d elementor-widget elementor-widget-text-editor\" data-id=\"0ea085d\" data-element_type=\"widget\" data-e-type=\"widget\" data-widget_type=\"text-editor.default\">\n\t\t\t\t\t\t\t\t\t<h3>V. Personal Data Protection Policy<\/h3><ol><li>For the purposes of the provisions of the Organic Law 3\/2018, of December 5, Protection of Personal Data and guarantee of digital rights and other applicable legislation, KADION ESPECIALIDADES QU\u00cdMICAS, SL informs its customers and any third party who provides their personal data to this site about its policy of Protection of Personal Data, which is available on the Web, in the link \u201cData Protection\u201d.<\/li><\/ol>\t\t\t\t\t\t\t\t<\/div>\n\t\t\t\t<div class=\"elementor-element elementor-element-48270a8 elementor-widget elementor-widget-text-editor\" data-id=\"48270a8\" data-element_type=\"widget\" data-e-type=\"widget\" data-widget_type=\"text-editor.default\">\n\t\t\t\t\t\t\t\t\t<h3>VI. Applicable Legislation <\/h3><ol><li>These General Conditions of use of the Web and all relations established between the User and KADION ESPECIALIDADES QU\u00cdMICAS, SL, shall be governed by Spanish law.<\/li><\/ol>\t\t\t\t\t\t\t\t<\/div>\n\t\t\t\t\t<\/div>\n\t\t\t\t<\/div>\n\t\t\t\t<\/div>\n\t\t","protected":false},"excerpt":{"rendered":"<p>Legal Note CONDITIONS OF USE OF THE WEBSITE OF KADION ESPECIALIDADES QU\u00cdMICAS, SL KADION ESPECIALIDADES QU\u00cdMICAS, SL KADION ESPECIALIDADES QU\u00cdMICAS, SL, with registered office at Can R\u00e0bia Street, No. 15, 08017 Barcelona, Spain and C.I.F. number B-61502001, Telephone: +34 934 809 181. E-Mail: contact@kadion.com I. General KADION ESPECIALIDADES QU\u00cdMICAS, SL is the owner of the [&hellip;]<\/p>\n","protected":false},"author":1,"featured_media":0,"parent":0,"menu_order":0,"comment_status":"closed","ping_status":"closed","template":"elementor_header_footer","meta":{"_acf_changed":false,"footnotes":""},"class_list":["post-15321","page","type-page","status-publish","hentry"],"acf":[],"yoast_head":"<!-- This site is optimized with the Yoast SEO plugin v26.9 - https:\/\/yoast.com\/product\/yoast-seo-wordpress\/ -->\n<title>Legal Note - Kadion<\/title>\n<meta name=\"robots\" content=\"noindex, follow\" \/>\n<meta property=\"og:locale\" content=\"en_US\" \/>\n<meta property=\"og:type\" content=\"article\" \/>\n<meta property=\"og:title\" content=\"Legal Note - Kadion\" \/>\n<meta property=\"og:description\" content=\"Legal Note CONDITIONS OF USE OF THE WEBSITE OF KADION ESPECIALIDADES QU\u00cdMICAS, SL KADION ESPECIALIDADES QU\u00cdMICAS, SL KADION ESPECIALIDADES QU\u00cdMICAS, SL, with registered office at Can R\u00e0bia Street, No. 15, 08017 Barcelona, Spain and C.I.F. number B-61502001, Telephone: +34 934 809 181. E-Mail: contact@kadion.com I. General KADION ESPECIALIDADES QU\u00cdMICAS, SL is the owner of the [&hellip;]\" \/>\n<meta property=\"og:url\" content=\"https:\/\/kadion.com\/en\/legal-note\/\" \/>\n<meta property=\"og:site_name\" content=\"Kadion\" \/>\n<meta property=\"article:modified_time\" content=\"2025-12-15T10:04:02+00:00\" \/>\n<meta name=\"twitter:card\" content=\"summary_large_image\" \/>\n<meta name=\"twitter:label1\" content=\"Est. reading time\" \/>\n\t<meta name=\"twitter:data1\" content=\"4 minutes\" \/>\n<script type=\"application\/ld+json\" class=\"yoast-schema-graph\">{\"@context\":\"https:\/\/schema.org\",\"@graph\":[{\"@type\":\"WebPage\",\"@id\":\"https:\/\/kadion.com\/en\/legal-note\/\",\"url\":\"https:\/\/kadion.com\/en\/legal-note\/\",\"name\":\"Legal Note - Kadion\",\"isPartOf\":{\"@id\":\"https:\/\/kadion.com\/en\/#website\"},\"datePublished\":\"2025-12-09T08:16:51+00:00\",\"dateModified\":\"2025-12-15T10:04:02+00:00\",\"breadcrumb\":{\"@id\":\"https:\/\/kadion.com\/en\/legal-note\/#breadcrumb\"},\"inLanguage\":\"en-US\",\"potentialAction\":[{\"@type\":\"ReadAction\",\"target\":[\"https:\/\/kadion.com\/en\/legal-note\/\"]}]},{\"@type\":\"BreadcrumbList\",\"@id\":\"https:\/\/kadion.com\/en\/legal-note\/#breadcrumb\",\"itemListElement\":[{\"@type\":\"ListItem\",\"position\":1,\"name\":\"Portada\",\"item\":\"https:\/\/kadion.com\/en\/kadion\/\"},{\"@type\":\"ListItem\",\"position\":2,\"name\":\"Legal Note\"}]},{\"@type\":\"WebSite\",\"@id\":\"https:\/\/kadion.com\/en\/#website\",\"url\":\"https:\/\/kadion.com\/en\/\",\"name\":\"Kadion\",\"description\":\"\",\"publisher\":{\"@id\":\"https:\/\/kadion.com\/en\/#organization\"},\"potentialAction\":[{\"@type\":\"SearchAction\",\"target\":{\"@type\":\"EntryPoint\",\"urlTemplate\":\"https:\/\/kadion.com\/en\/?s={search_term_string}\"},\"query-input\":{\"@type\":\"PropertyValueSpecification\",\"valueRequired\":true,\"valueName\":\"search_term_string\"}}],\"inLanguage\":\"en-US\"},{\"@type\":\"Organization\",\"@id\":\"https:\/\/kadion.com\/en\/#organization\",\"name\":\"Distribution of chemical products\",\"url\":\"https:\/\/kadion.com\/en\/\",\"logo\":{\"@type\":\"ImageObject\",\"inLanguage\":\"en-US\",\"@id\":\"https:\/\/kadion.com\/en\/#\/schema\/logo\/image\/\",\"url\":\"https:\/\/kadion.com\/wp-content\/uploads\/2025\/12\/favicon-kadion.png\",\"contentUrl\":\"https:\/\/kadion.com\/wp-content\/uploads\/2025\/12\/favicon-kadion.png\",\"width\":512,\"height\":512,\"caption\":\"Distribution of chemical products\"},\"image\":{\"@id\":\"https:\/\/kadion.com\/en\/#\/schema\/logo\/image\/\"}}]}<\/script>\n<!-- \/ Yoast SEO plugin. -->","yoast_head_json":{"title":"Legal Note - Kadion","robots":{"index":"noindex","follow":"follow"},"og_locale":"en_US","og_type":"article","og_title":"Legal Note - Kadion","og_description":"Legal Note CONDITIONS OF USE OF THE WEBSITE OF KADION ESPECIALIDADES QU\u00cdMICAS, SL KADION ESPECIALIDADES QU\u00cdMICAS, SL KADION ESPECIALIDADES QU\u00cdMICAS, SL, with registered office at Can R\u00e0bia Street, No. 15, 08017 Barcelona, Spain and C.I.F. number B-61502001, Telephone: +34 934 809 181. E-Mail: contact@kadion.com I. General KADION ESPECIALIDADES QU\u00cdMICAS, SL is the owner of the [&hellip;]","og_url":"https:\/\/kadion.com\/en\/legal-note\/","og_site_name":"Kadion","article_modified_time":"2025-12-15T10:04:02+00:00","twitter_card":"summary_large_image","twitter_misc":{"Est. reading time":"4 minutes"},"schema":{"@context":"https:\/\/schema.org","@graph":[{"@type":"WebPage","@id":"https:\/\/kadion.com\/en\/legal-note\/","url":"https:\/\/kadion.com\/en\/legal-note\/","name":"Legal Note - Kadion","isPartOf":{"@id":"https:\/\/kadion.com\/en\/#website"},"datePublished":"2025-12-09T08:16:51+00:00","dateModified":"2025-12-15T10:04:02+00:00","breadcrumb":{"@id":"https:\/\/kadion.com\/en\/legal-note\/#breadcrumb"},"inLanguage":"en-US","potentialAction":[{"@type":"ReadAction","target":["https:\/\/kadion.com\/en\/legal-note\/"]}]},{"@type":"BreadcrumbList","@id":"https:\/\/kadion.com\/en\/legal-note\/#breadcrumb","itemListElement":[{"@type":"ListItem","position":1,"name":"Portada","item":"https:\/\/kadion.com\/en\/kadion\/"},{"@type":"ListItem","position":2,"name":"Legal Note"}]},{"@type":"WebSite","@id":"https:\/\/kadion.com\/en\/#website","url":"https:\/\/kadion.com\/en\/","name":"Kadion","description":"","publisher":{"@id":"https:\/\/kadion.com\/en\/#organization"},"potentialAction":[{"@type":"SearchAction","target":{"@type":"EntryPoint","urlTemplate":"https:\/\/kadion.com\/en\/?s={search_term_string}"},"query-input":{"@type":"PropertyValueSpecification","valueRequired":true,"valueName":"search_term_string"}}],"inLanguage":"en-US"},{"@type":"Organization","@id":"https:\/\/kadion.com\/en\/#organization","name":"Distribution of chemical products","url":"https:\/\/kadion.com\/en\/","logo":{"@type":"ImageObject","inLanguage":"en-US","@id":"https:\/\/kadion.com\/en\/#\/schema\/logo\/image\/","url":"https:\/\/kadion.com\/wp-content\/uploads\/2025\/12\/favicon-kadion.png","contentUrl":"https:\/\/kadion.com\/wp-content\/uploads\/2025\/12\/favicon-kadion.png","width":512,"height":512,"caption":"Distribution of chemical products"},"image":{"@id":"https:\/\/kadion.com\/en\/#\/schema\/logo\/image\/"}}]}},"_links":{"self":[{"href":"https:\/\/kadion.com\/en\/wp-json\/wp\/v2\/pages\/15321","targetHints":{"allow":["GET"]}}],"collection":[{"href":"https:\/\/kadion.com\/en\/wp-json\/wp\/v2\/pages"}],"about":[{"href":"https:\/\/kadion.com\/en\/wp-json\/wp\/v2\/types\/page"}],"author":[{"embeddable":true,"href":"https:\/\/kadion.com\/en\/wp-json\/wp\/v2\/users\/1"}],"replies":[{"embeddable":true,"href":"https:\/\/kadion.com\/en\/wp-json\/wp\/v2\/comments?post=15321"}],"version-history":[{"count":1,"href":"https:\/\/kadion.com\/en\/wp-json\/wp\/v2\/pages\/15321\/revisions"}],"predecessor-version":[{"id":15322,"href":"https:\/\/kadion.com\/en\/wp-json\/wp\/v2\/pages\/15321\/revisions\/15322"}],"wp:attachment":[{"href":"https:\/\/kadion.com\/en\/wp-json\/wp\/v2\/media?parent=15321"}],"curies":[{"name":"wp","href":"https:\/\/api.w.org\/{rel}","templated":true}]}}