{"id":15855,"date":"2025-12-09T09:34:21","date_gmt":"2025-12-09T08:34:21","guid":{"rendered":"https:\/\/kadion.com\/politica-de-cookies\/"},"modified":"2025-12-15T14:57:29","modified_gmt":"2025-12-15T13:57:29","slug":"politica-de-cookies","status":"publish","type":"page","link":"https:\/\/kadion.com\/ca\/politica-de-cookies\/","title":{"rendered":"Pol\u00edtica de cookies"},"content":{"rendered":"\t\t<div data-elementor-type=\"wp-page\" data-elementor-id=\"15855\" class=\"elementor elementor-15855 elementor-53\" data-elementor-post-type=\"page\">\n\t\t\t\t<div class=\"elementor-element elementor-element-e77c49f e-flex e-con-boxed e-con e-parent\" data-id=\"e77c49f\" data-element_type=\"container\" data-e-type=\"container\" data-settings=\"{&quot;background_background&quot;:&quot;classic&quot;}\">\n\t\t\t\t\t<div class=\"e-con-inner\">\n\t\t<div class=\"elementor-element elementor-element-1738e7a e-con-full e-flex e-con e-child\" data-id=\"1738e7a\" data-element_type=\"container\" data-e-type=\"container\">\n\t\t\t\t<div class=\"elementor-element elementor-element-8e0aacf elementor-widget elementor-widget-heading\" data-id=\"8e0aacf\" data-element_type=\"widget\" data-e-type=\"widget\" data-widget_type=\"heading.default\">\n\t\t\t\t\t<h1 class=\"elementor-heading-title elementor-size-default\">Pol\u00edtica de cookies<\/h1>\t\t\t\t<\/div>\n\t\t\t\t<div class=\"elementor-element elementor-element-8eb1c82 elementor-widget-divider--view-line elementor-widget elementor-widget-divider\" data-id=\"8eb1c82\" data-element_type=\"widget\" data-e-type=\"widget\" data-widget_type=\"divider.default\">\n\t\t\t\t\t\t\t<div class=\"elementor-divider\">\n\t\t\t<span class=\"elementor-divider-separator\">\n\t\t\t\t\t\t<\/span>\n\t\t<\/div>\n\t\t\t\t\t\t<\/div>\n\t\t\t\t<\/div>\n\t\t<div class=\"elementor-element elementor-element-c042838 e-con-full elementor-hidden-mobile e-flex e-con e-child\" data-id=\"c042838\" data-element_type=\"container\" data-e-type=\"container\">\n\t\t\t\t<\/div>\n\t\t\t\t\t<\/div>\n\t\t\t\t<\/div>\n\t\t<div class=\"elementor-element elementor-element-b1b3ae0 e-flex e-con-boxed e-con e-parent\" data-id=\"b1b3ae0\" data-element_type=\"container\" data-e-type=\"container\">\n\t\t\t\t\t<div class=\"e-con-inner\">\n\t\t\t\t<div class=\"elementor-element elementor-element-b9e9430 elementor-widget elementor-widget-text-editor\" data-id=\"b9e9430\" data-element_type=\"widget\" data-e-type=\"widget\" data-widget_type=\"text-editor.default\">\n\t\t\t\t\t\t\t\t\t<p>Conformement amb la Llei 34\/2002, d&#8217;11 de juliol, de serveis de la societat de la informaci\u00f3 i de comer\u00e7 electr\u00f2nic (LSSI), en relaci\u00f3 amb el Reglament (UE) 2016\/679 del Parlament Europeu i del Consell, de 27 d&#8217;abril de 2016, General de Protecci\u00f3 de Dades (GDPR), 2 Dades i Garantia dels Drets Digitals (LOPDGDD), \u00e9s obligat obtenir el consentiment expr\u00e9s de l&#8217;usuari de totes les p\u00e0gines web que usen cookies prescindibles, abans que aquest hi navegui.<\/p><p>Segons la directiva de la UE, les galetes que requereixen el consentiment informat per part de l&#8217;usuari s\u00f3n les galetes d&#8217;an\u00e0lisi i les de publicitat i afiliaci\u00f3, i queden exceptuades les de car\u00e0cter t\u00e8cnic i les necess\u00e0ries per al funcionament del lloc web o la prestaci\u00f3 de serveis expressament sol\u00b7licitats per l&#8217;usuari.<\/p><p>Posem a la teva disposici\u00f3 informaci\u00f3 clara i completa sobre el responsable del web i la utilitzaci\u00f3 de galetes, en particular, sobre els fins de tractament de dades personals.<\/p><p>El responsable d&#8217;aquesta WEB \u00e9s KADIO ESPECIALITATS QU\u00cdMIQUES, SL amb CIF B-61502001 i domicili al carrer Can R\u00e0bia, N\u00ba 15, 08017 de Barcelona, \u200b\u200bEspanya. Qualsevol usuari que vulgui posar-se en contacte amb nosaltres pot fer-ho a l&#8217;adre\u00e7a anteriorment esmentada o mitjan\u00e7ant correu electr\u00f2nic a <a href=\"mailto:contact@kadion.com\" target=\"_blank\" rel=\"noopener\">contact@kadion.com<\/a> o al tel\u00e8fon <strong>+34 934 809 181<\/strong> <\/p>\t\t\t\t\t\t\t\t<\/div>\n\t\t\t\t<div class=\"elementor-element elementor-element-1625070 elementor-widget elementor-widget-text-editor\" data-id=\"1625070\" data-element_type=\"widget\" data-e-type=\"widget\" data-widget_type=\"text-editor.default\">\n\t\t\t\t\t\t\t\t\t<h5>COOKIES QUE UTILITZEM:<\/h5><p>Aquesta p\u00e0gina utilitza tipus diferents de galetes. Algunes galetes s\u00f3n col\u00b7locades per serveis de tercers que apareixen a les nostres p\u00e0gines. <\/p><p>Les galetes t\u00e8cniques s\u00f3n necess\u00e0ries ja que ajuden a fer una p\u00e0gina web utilitzable activant funcions b\u00e0siques com la navegaci\u00f3 a la p\u00e0gina i l&#8217;acc\u00e9s a \u00e0rees segures de la p\u00e0gina web. La p\u00e0gina web no pot funcionar adequadament sense aquestes galetes <\/p><p>En qualsevol moment podeu canviar o retirar el vostre consentiment des de la [configuraci\u00f3n de cookies] al nostre lloc web.<\/p><p>M\u00e9s informaci\u00f3 sobre com tractem les dades personals a la nostra <span style=\"text-decoration: underline;\"><strong><a href=\"https:\/\/kadion.com\/politica-privacidad\">Pol\u00edtica de Privacitat<\/a><\/strong><\/span><\/p>\t\t\t\t\t\t\t\t<\/div>\n\t\t\t\t<div class=\"elementor-element elementor-element-2b64969 elementor-widget elementor-widget-text-editor\" data-id=\"2b64969\" data-element_type=\"widget\" data-e-type=\"widget\" data-widget_type=\"text-editor.default\">\n\t\t\t\t\t\t\t\t\t<p><b>Cookies tercers:<\/b> Google Analytics \u00e9s un servei gratu\u00eft que ofereix Google Inc., i que recull informaci\u00f3 per elaborar informes estad\u00edstics sobre quines p\u00e0gines del lloc web s&#8217;han consultat, com s&#8217;ha accedit al lloc web, en quin moment, amb quin navegador, etc.<\/p><p>Posteriorment aquesta informaci\u00f3 s&#8217;envia als servidors de Google Inc. Podeu obtenir m\u00e9s informaci\u00f3 sobre les cookies que utilitza el servei Google Analytics a <span style=\"text-decoration: underline;\"><a href=\"https:\/\/developers.google.com\/analytics\/devguides\/collection\/analyticsjs\/cookie-usage?hl=es-419\">https:\/\/developers.google.com\/analytics\/devguides\/collection\/analyticsjs\/cookie-usage?hl=es-419<\/a><\/span> <a href=\"https:\/\/developers.google.com\/analytics\/devguides\/collection\/analyticsjs\/cookie-usage?hl=es-419\"><br><\/a>Google Analytics ha desenvolupat una eina que es pot instal\u00b7lar al navegador en cas que no es vulgui rastrejar per les cookies: <span style=\"text-decoration: underline;\"><a href=\"https:\/\/tools.google.com\/dlpage\/gaoptout?hl=es\"><span class=\"s1\">https:\/\/tools.google.com\/dlpage\/gaoptout?hl=es<\/span><\/a><\/span><\/p><p><span class=\"TextRun SCXW31333784 BCX0\" lang=\"ES-ES\" xml:lang=\"ES-ES\" data-contrast=\"none\"><span class=\"NormalTextRun SCXW31333784 BCX0\">Per poder Acceptar o rebutjar les galetes d&#8217;an\u00e0lisi, que requereixen consentiment, s&#8217;han habilitat uns botons que us apareixen en entrar a la web. Si vost\u00e8 accepta la instal\u00b7laci\u00f3 de les galetes d&#8217;an\u00e0lisi i posteriorment desitja desinstal\u00b7lar-les, haur\u00e0 de procedir a esborrar-les des del navegador, que pot configurar per rebutjar o acceptar galetes, esborrar-les manualment o b\u00e9 per al seu esborrat. M\u00e9s informaci\u00f3 al seg\u00fcent apt. <\/span><\/span><\/p>\t\t\t\t\t\t\t\t<\/div>\n\t\t\t\t<div class=\"elementor-element elementor-element-7963a58 elementor-widget elementor-widget-text-editor\" data-id=\"7963a58\" data-element_type=\"widget\" data-e-type=\"widget\" data-widget_type=\"text-editor.default\">\n\t\t\t\t\t\t\t\t\t<h5>TRANSFER\u00c8NCIA DE DADES A TERCERS PA\u00cfSOS:<\/h5><p>Pots informar-te de les transfer\u00e8ncies a tercers pa\u00efsos que, en el teu cas, duen a terme els tercers identificats en aquesta pol\u00edtica de cookies a trav\u00e9s de les seves pol\u00edtiques corresponents (consulta els enlla\u00e7os facilitats a l\u2019apartat \u00abCookies de tercers\u00bb). Per\u00edode de conservaci\u00f3 de les dades dels usuaris i dels esdeveniments associats a les cookies. Els identificadors d\u2019usuari (per exemple, User-ID) i els identificadors publicitaris (per exemple, les cookies de DoubleClick, l\u2019ID de publicitat d\u2019Android [AAID o AdID] i l\u2019identificador d\u2019anunciants d\u2019Apple [IDFA]). Google Analytics elimina de manera predeterminada algunes dades identificatives (per exemple, l\u2019edat, el sexe i els interessos) dels usuaris que hagin estat inactius durant m\u00e9s de 6 mesos (en el cas de les propietats Universal Analytics) o durant m\u00e9s de 2 mesos (en el cas de les propietats Google Analytics 4). El temps m\u00e0xim durant el qual Analytics conservar\u00e0 les dades de Google Signals \u00e9s de 26 mesos, independentment de la configuraci\u00f3 que tri\u00efs. De manera predeterminada, les dades dels usuaris que han iniciat sessi\u00f3 a Google caduquen al cap de 26 mesos. No obstant aix\u00f2, si s\u2019assigna un valor inferior a aquest a l\u2019opci\u00f3 Conservaci\u00f3 de dades, Google respectar\u00e0 el per\u00edode m\u00e9s curt que s\u2019hagi definit. En el cas de les propietats Google Analytics 4 (versi\u00f3 diferent d\u2019Analytics 360), la conservaci\u00f3 de les dades a nivell d\u2019usuari, incloses les conversions, es pot establir fins a un m\u00e0xim de 14 mesos. Pel que fa a la resta de dades d\u2019esdeveniments, es pot escollir la durada de la conservaci\u00f3: 2 mesos o 14 mesos.        <\/p>\t\t\t\t\t\t\t\t<\/div>\n\t\t\t\t<div class=\"elementor-element elementor-element-9033b1c elementor-widget elementor-widget-text-editor\" data-id=\"9033b1c\" data-element_type=\"widget\" data-e-type=\"widget\" data-widget_type=\"text-editor.default\">\n\t\t\t\t\t\t\t\t\t<h5>DRETS DELS INTERESSATS:<\/h5><p class=\"p1\">Tota persona que accedeixi a aquesta web assumeix el seu paper d&#8217;usuari i us compromet al compliment de les condicions aqu\u00ed disposades, aix\u00ed com qualsevol altra disposici\u00f3 legal que sigui d&#8217;aplicaci\u00f3. Per aix\u00f2 us aconsellem a revisar aquest text, aix\u00ed com la nostra <span style=\"text-decoration: underline;\"><a href=\"https:\/\/kadion.com\/politica-privacidad\"><span class=\"s1\"><b>Pol\u00edtica de Privacitat<\/b><\/span><\/a>.<\/span> <\/p>\t\t\t\t\t\t\t\t<\/div>\n\t\t\t\t<div class=\"elementor-element elementor-element-2a57be0 elementor-widget elementor-widget-text-editor\" data-id=\"2a57be0\" data-element_type=\"widget\" data-e-type=\"widget\" data-widget_type=\"text-editor.default\">\n\t\t\t\t\t\t\t\t\t<h5>CONSENTIMIENT:<\/h5><p>El consentiment prestat per un usuari per a l&#8217;\u00fas d&#8217;una determinada galeta no tindr\u00e0 una durada superior a 24 mesos i durant aquest temps es conservar\u00e0 la selecci\u00f3 realitzada per l&#8217;usuari sobre les seves prefer\u00e8ncies, sense que se us demani un nou consentiment cada vegada que visiteu la nostra web.<\/p>\t\t\t\t\t\t\t\t<\/div>\n\t\t\t\t<div class=\"elementor-element elementor-element-00e44cc elementor-widget elementor-widget-text-editor\" data-id=\"00e44cc\" data-element_type=\"widget\" data-e-type=\"widget\" data-widget_type=\"text-editor.default\">\n\t\t\t\t\t\t\t\t\t<h5>LEGITIMACI\u00d3:<\/h5><p>L&#8217;inter\u00e8s leg\u00edtim del tractament de dades rau en l&#8217;optimitzaci\u00f3 de la p\u00e0gina web, l&#8217;an\u00e0lisi de l&#8217;\u00fas de la p\u00e0gina web i l&#8217;adaptaci\u00f3 del contingut. Els interessos de lusuari estan garantits adequadament mitjan\u00e7ant la pseudominitzaci\u00f3. (Art. 6 apart. 1 lletra f) RGPD).   <\/p>\t\t\t\t\t\t\t\t<\/div>\n\t\t\t\t<div class=\"elementor-element elementor-element-dd1439f elementor-widget elementor-widget-text-editor\" data-id=\"dd1439f\" data-element_type=\"widget\" data-e-type=\"widget\" data-widget_type=\"text-editor.default\">\n\t\t\t\t\t\t\t\t\t<h5>SEGURETAT:<\/h5><p>Google LLC est\u00e0 certificat conforme a l&#8217;anomenat <strong><span style=\"text-decoration: underline;\"><a href=\"https:\/\/www.privacyshield.gov\/ps\/participant?id=a2zt000000001L5AAI\">Privacy Shield<\/a><\/span><\/strong>per tant, queda garantit un nivell de protecci\u00f3 de dades adequat. El registre realitzat per Google Analytics es pot impedir si el visitant de la p\u00e0gina configura els par\u00e0metres de Cookies per a aquesta p\u00e0gina web. El registre i emmagatzematge de l&#8217;adre\u00e7a IP i de les dades generades per les galetes es poden anul\u00b7lar en qualsevol moment sense efectes retroactius. El corresponent plugin del navegador es pot descarregar i instal\u00b7lar a trav\u00e9s del seg\u00fcent enlla\u00e7<span style=\"text-decoration: underline;\"><a href=\"https:\/\/tools.google.com\/dlpage\/gaoptout\"> https:\/\/tools.google.com\/dlpage\/gaoptout.<\/a><\/span>   <\/p><p>M\u00e9s informaci\u00f3 sobre l&#8217;\u00fas de dades per Google, les opcions de configuraci\u00f3 i anul\u00b7laci\u00f3 es pot trobar a la <a href=\"https:\/\/policies.google.com\/privacy\"><span style=\"text-decoration: underline;\"><strong>Pol\u00edtica de Privacitat de Google<\/strong><\/span><\/a>, aix\u00ed com als <span style=\"text-decoration: underline;\"><strong><a href=\"https:\/\/accounts.google.com\/v3\/signin\/identifier?continue=https%3A%2F%2Fadssettings.google.com%2Fauthenticated&amp;followup=https%3A%2F%2Fadssettings.google.com%2Fauthenticated&amp;ifkv=AXo7B7Xw6LWa86GAqwyrtBv23elYo86Yzb2R3QbKz27NWWuBuSBz6CrascVNfev3YWB2UxGBO3WOaA&amp;passive=1209600&amp;flowName=GlifWebSignIn&amp;flowEntry=ServiceLogin&amp;dsh=S1175281880%3A1692832904841539\">ajustaments per a la publicitat de Google<\/a><\/strong><\/span>L&#8217;usuari pot rebutjar el tractament de les dades o la informaci\u00f3 rebutjant l&#8217;\u00fas de cookies mitjan\u00e7ant la selecci\u00f3 de la configuraci\u00f3 apropiada del vostre navegador, per\u00f2, si ho fa pot ser que no pugui utilitzar la plenament la website. En utilitzar la website i donar el seu consentiment, es consent el tractament d&#8217;informaci\u00f3 per Google en la forma i per als fins indicats m\u00e9s amunt. <\/p>\t\t\t\t\t\t\t\t<\/div>\n\t\t\t\t<div class=\"elementor-element elementor-element-d72f51a elementor-widget elementor-widget-text-editor\" data-id=\"d72f51a\" data-element_type=\"widget\" data-e-type=\"widget\" data-widget_type=\"text-editor.default\">\n\t\t\t\t\t\t\t\t\t<h5 class=\"p1\">COM ELMINAR COOKIES:<\/h5><p class=\"p1\">Podeu restringir, bloquejar o esborrar les cookies de KADION ESPECIALIDADES QU\u00cdMICA, SL o qualsevol altra p\u00e0gina web, utilitzant el vostre navegador. A cada navegador l&#8217;operativa \u00e9s diferent, la funci\u00f3 de \u201cAjuda\u201d us mostrar\u00e0 com fer-ho. <\/p><ul><li><strong>Internet Explorer: <\/strong><a href=\"https:\/\/support.microsoft.com\/es-es\/windows\/eliminar-y-administrar-cookies-168dab11-0753-043d-7c16-ede5947fc64d\"><span style=\"text-decoration: underline;\">windows.microsoft.com\/es-xl\/internet-explorer\/delete-manage-cookies#ie=ie-10<\/span> <span style=\"text-decoration: underline;\">https:\/\/support.microsoft.com\/es-es\/windows\/eliminar-y-administrar-cookies-168dab11-0753-043d-7c16-ede5947fc64d<\/span><\/a><\/li><li><strong>Firefox:<\/strong> <span style=\"text-decoration: underline;\"><a href=\"https:\/\/support.mozilla.org\/es\/kb\/Borrar%20cookies\">support.mozilla.org\/es\/kb\/Borrar%20cookies<\/a><\/span><\/li><li><strong>Chrome:<\/strong> <span style=\"text-decoration: underline;\"><a href=\"https:\/\/support.google.com\/chrome\/answer\/95647?hl=es&amp;hlrm=en\">support.google.com\/chrome\/answer\/95647?hl=es <\/a><\/span> <\/li><li><strong>Safari:<\/strong> <span style=\"text-decoration: underline;\"><a href=\"https:\/\/www.apple.com\/legal\/privacy\/es\/cookies\/\">www.apple.com\/es\/privacy\/use-of-cookies\/ <\/a><\/span> <\/li><\/ul><p class=\"p1\">A m\u00e9s, tamb\u00e9 podeu gestionar el magatzem de cookies al vostre navegador a trav\u00e9s d&#8217;eines com les seg\u00fcents:<\/p><ul><li>Ghostery: <span style=\"text-decoration: underline;\"><a href=\"https:\/\/www.ghostery.com\/\">https:\/\/www.ghostery.com\/<\/a><\/span><\/li><li>Your online choices: <span style=\"text-decoration: underline;\"><a href=\"https:\/\/www.youronlinechoices.com\/es\/\">https:\/\/www.youronlinechoices.com\/es\/<\/a><\/span><\/li><\/ul><p><span data-contrast=\"none\">Per a la resta d&#8217;informaci\u00f3 sobre tractament de dades veure enlla\u00e7 <\/span><span style=\"text-decoration: underline;\"><strong><a href=\"https:\/\/kadion.com\/politica-privacidad\">Pol\u00edtica de privacitat<\/a>.<\/strong><\/span> <\/p>\t\t\t\t\t\t\t\t<\/div>\n\t\t\t\t\t<\/div>\n\t\t\t\t<\/div>\n\t\t\t\t<\/div>\n\t\t","protected":false},"excerpt":{"rendered":"<p>Pol\u00edtica de cookies Conformement amb la Llei 34\/2002, d&#8217;11 de juliol, de serveis de la societat de la informaci\u00f3 i de comer\u00e7 electr\u00f2nic (LSSI), en relaci\u00f3 amb el Reglament (UE) 2016\/679 del Parlament Europeu i del Consell, de 27 d&#8217;abril de 2016, General de Protecci\u00f3 de Dades (GDPR), 2 Dades i Garantia dels Drets Digitals [&hellip;]<\/p>\n","protected":false},"author":1,"featured_media":0,"parent":0,"menu_order":0,"comment_status":"closed","ping_status":"closed","template":"elementor_header_footer","meta":{"_acf_changed":false,"footnotes":""},"class_list":["post-15855","page","type-page","status-publish","hentry"],"acf":[],"yoast_head":"<!-- This site is optimized with the Yoast SEO plugin v26.9 - https:\/\/yoast.com\/product\/yoast-seo-wordpress\/ -->\n<title>Pol\u00edtica de cookies - Kadion<\/title>\n<meta name=\"robots\" content=\"noindex, follow\" \/>\n<meta property=\"og:locale\" content=\"ca_ES\" \/>\n<meta property=\"og:type\" content=\"article\" \/>\n<meta property=\"og:title\" content=\"Pol\u00edtica de cookies - Kadion\" \/>\n<meta property=\"og:description\" content=\"Pol\u00edtica de cookies Conformement amb la Llei 34\/2002, d&#8217;11 de juliol, de serveis de la societat de la informaci\u00f3 i de comer\u00e7 electr\u00f2nic (LSSI), en relaci\u00f3 amb el Reglament (UE) 2016\/679 del Parlament Europeu i del Consell, de 27 d&#8217;abril de 2016, General de Protecci\u00f3 de Dades (GDPR), 2 Dades i Garantia dels Drets Digitals [&hellip;]\" \/>\n<meta property=\"og:url\" content=\"https:\/\/kadion.com\/ca\/politica-de-cookies\/\" \/>\n<meta property=\"og:site_name\" content=\"Kadion\" \/>\n<meta property=\"article:modified_time\" content=\"2025-12-15T13:57:29+00:00\" \/>\n<meta name=\"twitter:card\" content=\"summary_large_image\" \/>\n<meta name=\"twitter:label1\" content=\"Temps estimat de lectura\" \/>\n\t<meta name=\"twitter:data1\" content=\"6 minuts\" \/>\n<script type=\"application\/ld+json\" class=\"yoast-schema-graph\">{\"@context\":\"https:\/\/schema.org\",\"@graph\":[{\"@type\":\"WebPage\",\"@id\":\"https:\/\/kadion.com\/ca\/politica-de-cookies\/\",\"url\":\"https:\/\/kadion.com\/ca\/politica-de-cookies\/\",\"name\":\"Pol\u00edtica de cookies - Kadion\",\"isPartOf\":{\"@id\":\"https:\/\/kadion.com\/ca\/#website\"},\"datePublished\":\"2025-12-09T08:34:21+00:00\",\"dateModified\":\"2025-12-15T13:57:29+00:00\",\"breadcrumb\":{\"@id\":\"https:\/\/kadion.com\/ca\/politica-de-cookies\/#breadcrumb\"},\"inLanguage\":\"ca\",\"potentialAction\":[{\"@type\":\"ReadAction\",\"target\":[\"https:\/\/kadion.com\/ca\/politica-de-cookies\/\"]}]},{\"@type\":\"BreadcrumbList\",\"@id\":\"https:\/\/kadion.com\/ca\/politica-de-cookies\/#breadcrumb\",\"itemListElement\":[{\"@type\":\"ListItem\",\"position\":1,\"name\":\"Portada\",\"item\":\"https:\/\/kadion.com\/ca\/kadion\/\"},{\"@type\":\"ListItem\",\"position\":2,\"name\":\"Pol\u00edtica de cookies\"}]},{\"@type\":\"WebSite\",\"@id\":\"https:\/\/kadion.com\/ca\/#website\",\"url\":\"https:\/\/kadion.com\/ca\/\",\"name\":\"Kadion\",\"description\":\"\",\"publisher\":{\"@id\":\"https:\/\/kadion.com\/ca\/#organization\"},\"potentialAction\":[{\"@type\":\"SearchAction\",\"target\":{\"@type\":\"EntryPoint\",\"urlTemplate\":\"https:\/\/kadion.com\/ca\/?s={search_term_string}\"},\"query-input\":{\"@type\":\"PropertyValueSpecification\",\"valueRequired\":true,\"valueName\":\"search_term_string\"}}],\"inLanguage\":\"ca\"},{\"@type\":\"Organization\",\"@id\":\"https:\/\/kadion.com\/ca\/#organization\",\"name\":\"Distribution of chemical products\",\"url\":\"https:\/\/kadion.com\/ca\/\",\"logo\":{\"@type\":\"ImageObject\",\"inLanguage\":\"ca\",\"@id\":\"https:\/\/kadion.com\/ca\/#\/schema\/logo\/image\/\",\"url\":\"https:\/\/kadion.com\/wp-content\/uploads\/2025\/12\/favicon-kadion.png\",\"contentUrl\":\"https:\/\/kadion.com\/wp-content\/uploads\/2025\/12\/favicon-kadion.png\",\"width\":512,\"height\":512,\"caption\":\"Distribution of chemical products\"},\"image\":{\"@id\":\"https:\/\/kadion.com\/ca\/#\/schema\/logo\/image\/\"}}]}<\/script>\n<!-- \/ Yoast SEO plugin. -->","yoast_head_json":{"title":"Pol\u00edtica de cookies - Kadion","robots":{"index":"noindex","follow":"follow"},"og_locale":"ca_ES","og_type":"article","og_title":"Pol\u00edtica de cookies - Kadion","og_description":"Pol\u00edtica de cookies Conformement amb la Llei 34\/2002, d&#8217;11 de juliol, de serveis de la societat de la informaci\u00f3 i de comer\u00e7 electr\u00f2nic (LSSI), en relaci\u00f3 amb el Reglament (UE) 2016\/679 del Parlament Europeu i del Consell, de 27 d&#8217;abril de 2016, General de Protecci\u00f3 de Dades (GDPR), 2 Dades i Garantia dels Drets Digitals [&hellip;]","og_url":"https:\/\/kadion.com\/ca\/politica-de-cookies\/","og_site_name":"Kadion","article_modified_time":"2025-12-15T13:57:29+00:00","twitter_card":"summary_large_image","twitter_misc":{"Temps estimat de lectura":"6 minuts"},"schema":{"@context":"https:\/\/schema.org","@graph":[{"@type":"WebPage","@id":"https:\/\/kadion.com\/ca\/politica-de-cookies\/","url":"https:\/\/kadion.com\/ca\/politica-de-cookies\/","name":"Pol\u00edtica de cookies - Kadion","isPartOf":{"@id":"https:\/\/kadion.com\/ca\/#website"},"datePublished":"2025-12-09T08:34:21+00:00","dateModified":"2025-12-15T13:57:29+00:00","breadcrumb":{"@id":"https:\/\/kadion.com\/ca\/politica-de-cookies\/#breadcrumb"},"inLanguage":"ca","potentialAction":[{"@type":"ReadAction","target":["https:\/\/kadion.com\/ca\/politica-de-cookies\/"]}]},{"@type":"BreadcrumbList","@id":"https:\/\/kadion.com\/ca\/politica-de-cookies\/#breadcrumb","itemListElement":[{"@type":"ListItem","position":1,"name":"Portada","item":"https:\/\/kadion.com\/ca\/kadion\/"},{"@type":"ListItem","position":2,"name":"Pol\u00edtica de cookies"}]},{"@type":"WebSite","@id":"https:\/\/kadion.com\/ca\/#website","url":"https:\/\/kadion.com\/ca\/","name":"Kadion","description":"","publisher":{"@id":"https:\/\/kadion.com\/ca\/#organization"},"potentialAction":[{"@type":"SearchAction","target":{"@type":"EntryPoint","urlTemplate":"https:\/\/kadion.com\/ca\/?s={search_term_string}"},"query-input":{"@type":"PropertyValueSpecification","valueRequired":true,"valueName":"search_term_string"}}],"inLanguage":"ca"},{"@type":"Organization","@id":"https:\/\/kadion.com\/ca\/#organization","name":"Distribution of chemical products","url":"https:\/\/kadion.com\/ca\/","logo":{"@type":"ImageObject","inLanguage":"ca","@id":"https:\/\/kadion.com\/ca\/#\/schema\/logo\/image\/","url":"https:\/\/kadion.com\/wp-content\/uploads\/2025\/12\/favicon-kadion.png","contentUrl":"https:\/\/kadion.com\/wp-content\/uploads\/2025\/12\/favicon-kadion.png","width":512,"height":512,"caption":"Distribution of chemical products"},"image":{"@id":"https:\/\/kadion.com\/ca\/#\/schema\/logo\/image\/"}}]}},"_links":{"self":[{"href":"https:\/\/kadion.com\/ca\/wp-json\/wp\/v2\/pages\/15855","targetHints":{"allow":["GET"]}}],"collection":[{"href":"https:\/\/kadion.com\/ca\/wp-json\/wp\/v2\/pages"}],"about":[{"href":"https:\/\/kadion.com\/ca\/wp-json\/wp\/v2\/types\/page"}],"author":[{"embeddable":true,"href":"https:\/\/kadion.com\/ca\/wp-json\/wp\/v2\/users\/1"}],"replies":[{"embeddable":true,"href":"https:\/\/kadion.com\/ca\/wp-json\/wp\/v2\/comments?post=15855"}],"version-history":[{"count":1,"href":"https:\/\/kadion.com\/ca\/wp-json\/wp\/v2\/pages\/15855\/revisions"}],"predecessor-version":[{"id":15856,"href":"https:\/\/kadion.com\/ca\/wp-json\/wp\/v2\/pages\/15855\/revisions\/15856"}],"wp:attachment":[{"href":"https:\/\/kadion.com\/ca\/wp-json\/wp\/v2\/media?parent=15855"}],"curies":[{"name":"wp","href":"https:\/\/api.w.org\/{rel}","templated":true}]}}