{"id":15822,"date":"2025-12-02T17:02:39","date_gmt":"2025-12-02T16:02:39","guid":{"rendered":"https:\/\/kadion.com\/politica-de-privacitat\/"},"modified":"2025-12-15T14:31:57","modified_gmt":"2025-12-15T13:31:57","slug":"politica-de-privacitat","status":"publish","type":"page","link":"https:\/\/kadion.com\/ca\/politica-de-privacitat\/","title":{"rendered":"Pol\u00edtica de privacitat"},"content":{"rendered":"\t\t<div data-elementor-type=\"wp-page\" data-elementor-id=\"15822\" class=\"elementor elementor-15822 elementor-3\" data-elementor-post-type=\"page\">\n\t\t\t\t<div class=\"elementor-element elementor-element-912d582 e-flex e-con-boxed e-con e-parent\" data-id=\"912d582\" data-element_type=\"container\" data-e-type=\"container\" data-settings=\"{&quot;background_background&quot;:&quot;classic&quot;}\">\n\t\t\t\t\t<div class=\"e-con-inner\">\n\t\t<div class=\"elementor-element elementor-element-32b83a4 e-con-full e-flex e-con e-child\" data-id=\"32b83a4\" data-element_type=\"container\" data-e-type=\"container\">\n\t\t\t\t<div class=\"elementor-element elementor-element-226a210 elementor-widget elementor-widget-heading\" data-id=\"226a210\" data-element_type=\"widget\" data-e-type=\"widget\" data-widget_type=\"heading.default\">\n\t\t\t\t\t<h1 class=\"elementor-heading-title elementor-size-default\">Pol\u00edtica de privacitat<\/h1>\t\t\t\t<\/div>\n\t\t\t\t<div class=\"elementor-element elementor-element-3b288e5 elementor-widget-divider--view-line elementor-widget elementor-widget-divider\" data-id=\"3b288e5\" data-element_type=\"widget\" data-e-type=\"widget\" data-widget_type=\"divider.default\">\n\t\t\t\t\t\t\t<div class=\"elementor-divider\">\n\t\t\t<span class=\"elementor-divider-separator\">\n\t\t\t\t\t\t<\/span>\n\t\t<\/div>\n\t\t\t\t\t\t<\/div>\n\t\t\t\t<\/div>\n\t\t<div class=\"elementor-element elementor-element-9be7830 e-con-full elementor-hidden-mobile e-flex e-con e-child\" data-id=\"9be7830\" data-element_type=\"container\" data-e-type=\"container\">\n\t\t\t\t<\/div>\n\t\t\t\t\t<\/div>\n\t\t\t\t<\/div>\n\t\t<div class=\"elementor-element elementor-element-4b1d65a e-flex e-con-boxed e-con e-parent\" data-id=\"4b1d65a\" data-element_type=\"container\" data-e-type=\"container\">\n\t\t\t\t\t<div class=\"e-con-inner\">\n\t\t\t\t<div class=\"elementor-element elementor-element-c6f0a33 elementor-widget elementor-widget-text-editor\" data-id=\"c6f0a33\" data-element_type=\"widget\" data-e-type=\"widget\" data-widget_type=\"text-editor.default\">\n\t\t\t\t\t\t\t\t\t<h2>1. Pol\u00edtica de privacitat<\/h2>\n<p>KADION ESPECIALIDADES QU\u00cdMICAS, SL informa els usuaris del lloc web sobre la seva pol\u00edtica respecte del tractament i protecci\u00f3 de les dades de car\u00e0cter personal dels usuaris i clients que puguin ser demanats per la navegaci\u00f3 o sol\u00b7licitud d\u2019informaci\u00f3 a trav\u00e9s d\u2019aquest lloc web, aix\u00ed com de les dades personals de qu\u00e8 disposi KADION ESPECIALIDADES QU\u00cdMICAS, SL recollides per qualsevol altre mitj\u00e0 o motiu. En aquest sentit, KADION ESPECIALIDADES QU\u00cdMICAS, SL garanteix el compliment de la normativa vigent en mat\u00e8ria de protecci\u00f3 de dades personals, reflectida al Reglament General de Protecci\u00f3 de Dades (UE) 2016\/679 i manifesta el seu comprom\u00eds amb la confidencialitat i seguretat dels dades. RESPONSABLE DEL TRACTAMENT: KADION ESPECIALIDADES QU\u00cdMICAS, SL, amb domicili social al carrer Can R\u00e0bia, N\u00ba 15, 08017 de Barcelona, Espanya i C.I.F. n\u00famero B-61502001, Tel\u00e8fon: +34 934 809 181. E-Mail: <a href=\"mailto:contact@kadion.com\" target=\"_blank\" rel=\"noopener\">contact@kadion.com<\/a>   <\/p>\t\t\t\t\t\t\t\t<\/div>\n\t\t\t\t<div class=\"elementor-element elementor-element-4685d3d elementor-widget elementor-widget-text-editor\" data-id=\"4685d3d\" data-element_type=\"widget\" data-e-type=\"widget\" data-widget_type=\"text-editor.default\">\n\t\t\t\t\t\t\t\t\t<h2>2. Recollida, finalitat i tractaments de dades<\/h2>\n<p>KADION ESPECIALIDADES QU\u00cdMICAS, SL t\u00e9 el deure d\u2019informar els usuaris del seu lloc web sobre la recollida de dades de car\u00e0cter personal que es poden dur a terme, ja sigui mitjan\u00e7ant l\u2019enviament d\u2019un correu electr\u00f2nic o en emplenar els formularis inclosos al lloc web. En aquest sentit, KADION ESPECIALIDADES QU\u00cdMICAS, SL ser\u00e0 considerada com a Responsable del tractament de les dades recollides mitjan\u00e7ant els mitjans anteriorment descrits. Alhora, KADION ESPECIALIDADES QU\u00cdMICAS, SL informa els usuaris que la finalitat del tractament de les dades recollides contempla: L\u2019atenci\u00f3 de sol\u00b7licituds realitzades pels usuaris, la inclusi\u00f3 a l\u2019agenda de contactes, la prestaci\u00f3 de serveis i la gesti\u00f3 de la relaci\u00f3 comercial, aix\u00ed com l\u2019enviament d\u2019informacions i ofertes que s\u2019assimilin a la informaci\u00f3 sol\u00b7licitada. Les vostres dades seran degudament conservades i protegides contra p\u00e8rdua o alteraci\u00f3 de la d\u2019informaci\u00f3 i accessos no autoritzats mentre existeixi la relaci\u00f3 comercial i fins a 5 anys despr\u00e9s d\u2019haver cessat la mateixa, llevat que ens indiqueu el contrari i sempre que la normativa vigent permeti la supressi\u00f3 de les dades.   <\/p>\t\t\t\t\t\t\t\t<\/div>\n\t\t\t\t<div class=\"elementor-element elementor-element-58e9516 elementor-widget elementor-widget-text-editor\" data-id=\"58e9516\" data-element_type=\"widget\" data-e-type=\"widget\" data-widget_type=\"text-editor.default\">\n\t\t\t\t\t\t\t\t\t<h2>3. Comunicaci\u00f3 d\u2019informaci\u00f3 a tercers<\/h2>\n<p>KADION ESPECIALIDADES QU\u00cdMICAS, SL informa als usuaris que les seves dades personals no seran cedides ni comunicades a terceres organitzacions, llevat que aquesta cessi\u00f3 de dades estigui emparada en una obligaci\u00f3 legal o quan la prestaci\u00f3 d\u2019un servei impliqui la necessitat d\u2019una relaci\u00f3 contractual amb un encarregat de tractament el qual haur\u00e0 estat degudament contractat amb totes les garanties que estableix el Reglament General (UE) 2016\/679.<\/p>\t\t\t\t\t\t\t\t<\/div>\n\t\t\t\t<div class=\"elementor-element elementor-element-abb9a77 elementor-widget elementor-widget-text-editor\" data-id=\"abb9a77\" data-element_type=\"widget\" data-e-type=\"widget\" data-widget_type=\"text-editor.default\">\n\t\t\t\t\t\t\t\t\t<h2>4. Drets dels usuaris<\/h2>\n<p>El Reglament General de Protecci\u00f3 de Dades de Car\u00e0cter Personal (UE) 2016\/679 concedeix als interessats la possibilitat d\u2019exercir una s\u00e8rie de drets relacionats amb el tractament de les vostres dades personals. Mentre que les dades de l\u2019usuari s\u00f3n objecte de tractament o s\u00f3n conservades per part de KADION ESPECIALIDADES QU\u00cdMICAS, SL., Els usuaris podran exercir els drets d\u2019acc\u00e9s, rectificaci\u00f3, supressi\u00f3 i oposici\u00f3 d\u2019acord amb el que preveu la normativa legal vigent en mat\u00e8ria de protecci\u00f3 de dades personals. Per fer \u00fas de l\u2019exercici d\u2019aquests drets, l\u2019usuari haur\u00e0 d\u2019adre\u00e7ar-se mitjan\u00e7ant comunicaci\u00f3 escrita a l\u2019adre\u00e7a seg\u00fcent: KADION ESPECIALIDADES QU\u00cdMICAS, SL, carrer Can R\u00e0bia, n\u00fam. 15, 08017 de Barcelona, Espanya, o enviant un correu electr\u00f2nic a: contact@kadion.com, aportant fotoc\u00f2pia de la documentaci\u00f3 que acrediti la seva identitat (DNI o passaport) en tots dos casos. Aquesta comunicaci\u00f3 ha de reflectir la informaci\u00f3 seg\u00fcent: Nom i cognoms de l\u2019usuari, el domicili i les dades acreditatives i la petici\u00f3 de sol\u00b7licitud del dret que vulgui exercir. L\u2019exercici de drets l\u2019ha de fer el mateix usuari, el seu hereu o una persona autoritzada com a representant legal de l\u2019autoritzat. En aquest cas, cal aportar la documentaci\u00f3 que acrediti aquesta representaci\u00f3 de linteressat, acceptaci\u00f3 de lher\u00e8ncia o poders. Tamb\u00e9 us informem que podeu presentar una reclamaci\u00f3 davant l\u2019Ag\u00e8ncia Espanyola de Protecci\u00f3 de Dades si considera que han estat vulnerats els seus drets.      <\/p>\t\t\t\t\t\t\t\t<\/div>\n\t\t\t\t\t<\/div>\n\t\t\t\t<\/div>\n\t\t\t\t<\/div>\n\t\t","protected":false},"excerpt":{"rendered":"<p>Pol\u00edtica de privacitat 1. Pol\u00edtica de privacitat KADION ESPECIALIDADES QU\u00cdMICAS, SL informa els usuaris del lloc web sobre la seva pol\u00edtica respecte del tractament i protecci\u00f3 de les dades de car\u00e0cter personal dels usuaris i clients que puguin ser demanats per la navegaci\u00f3 o sol\u00b7licitud d\u2019informaci\u00f3 a trav\u00e9s d\u2019aquest lloc web, aix\u00ed com de les [&hellip;]<\/p>\n","protected":false},"author":1,"featured_media":0,"parent":0,"menu_order":0,"comment_status":"closed","ping_status":"closed","template":"elementor_header_footer","meta":{"_acf_changed":false,"footnotes":""},"class_list":["post-15822","page","type-page","status-publish","hentry"],"acf":[],"yoast_head":"<!-- This site is optimized with the Yoast SEO plugin v26.9 - https:\/\/yoast.com\/product\/yoast-seo-wordpress\/ -->\n<title>Pol\u00edtica de privacitat - Kadion<\/title>\n<meta name=\"robots\" content=\"noindex, follow\" \/>\n<meta property=\"og:locale\" content=\"ca_ES\" \/>\n<meta property=\"og:type\" content=\"article\" \/>\n<meta property=\"og:title\" content=\"Pol\u00edtica de privacitat - Kadion\" \/>\n<meta property=\"og:description\" content=\"Pol\u00edtica de privacitat 1. Pol\u00edtica de privacitat KADION ESPECIALIDADES QU\u00cdMICAS, SL informa els usuaris del lloc web sobre la seva pol\u00edtica respecte del tractament i protecci\u00f3 de les dades de car\u00e0cter personal dels usuaris i clients que puguin ser demanats per la navegaci\u00f3 o sol\u00b7licitud d\u2019informaci\u00f3 a trav\u00e9s d\u2019aquest lloc web, aix\u00ed com de les [&hellip;]\" \/>\n<meta property=\"og:url\" content=\"https:\/\/kadion.com\/ca\/politica-de-privacitat\/\" \/>\n<meta property=\"og:site_name\" content=\"Kadion\" \/>\n<meta property=\"article:modified_time\" content=\"2025-12-15T13:31:57+00:00\" \/>\n<meta name=\"twitter:card\" content=\"summary_large_image\" \/>\n<meta name=\"twitter:label1\" content=\"Temps estimat de lectura\" \/>\n\t<meta name=\"twitter:data1\" content=\"3 minuts\" \/>\n<script type=\"application\/ld+json\" class=\"yoast-schema-graph\">{\"@context\":\"https:\/\/schema.org\",\"@graph\":[{\"@type\":\"WebPage\",\"@id\":\"https:\/\/kadion.com\/ca\/politica-de-privacitat\/\",\"url\":\"https:\/\/kadion.com\/ca\/politica-de-privacitat\/\",\"name\":\"Pol\u00edtica de privacitat - Kadion\",\"isPartOf\":{\"@id\":\"https:\/\/kadion.com\/ca\/#website\"},\"datePublished\":\"2025-12-02T16:02:39+00:00\",\"dateModified\":\"2025-12-15T13:31:57+00:00\",\"breadcrumb\":{\"@id\":\"https:\/\/kadion.com\/ca\/politica-de-privacitat\/#breadcrumb\"},\"inLanguage\":\"ca\",\"potentialAction\":[{\"@type\":\"ReadAction\",\"target\":[\"https:\/\/kadion.com\/ca\/politica-de-privacitat\/\"]}]},{\"@type\":\"BreadcrumbList\",\"@id\":\"https:\/\/kadion.com\/ca\/politica-de-privacitat\/#breadcrumb\",\"itemListElement\":[{\"@type\":\"ListItem\",\"position\":1,\"name\":\"Portada\",\"item\":\"https:\/\/kadion.com\/ca\/kadion\/\"},{\"@type\":\"ListItem\",\"position\":2,\"name\":\"Pol\u00edtica de privacitat\"}]},{\"@type\":\"WebSite\",\"@id\":\"https:\/\/kadion.com\/ca\/#website\",\"url\":\"https:\/\/kadion.com\/ca\/\",\"name\":\"Kadion\",\"description\":\"\",\"publisher\":{\"@id\":\"https:\/\/kadion.com\/ca\/#organization\"},\"potentialAction\":[{\"@type\":\"SearchAction\",\"target\":{\"@type\":\"EntryPoint\",\"urlTemplate\":\"https:\/\/kadion.com\/ca\/?s={search_term_string}\"},\"query-input\":{\"@type\":\"PropertyValueSpecification\",\"valueRequired\":true,\"valueName\":\"search_term_string\"}}],\"inLanguage\":\"ca\"},{\"@type\":\"Organization\",\"@id\":\"https:\/\/kadion.com\/ca\/#organization\",\"name\":\"Distribution of chemical products\",\"url\":\"https:\/\/kadion.com\/ca\/\",\"logo\":{\"@type\":\"ImageObject\",\"inLanguage\":\"ca\",\"@id\":\"https:\/\/kadion.com\/ca\/#\/schema\/logo\/image\/\",\"url\":\"https:\/\/kadion.com\/wp-content\/uploads\/2025\/12\/favicon-kadion.png\",\"contentUrl\":\"https:\/\/kadion.com\/wp-content\/uploads\/2025\/12\/favicon-kadion.png\",\"width\":512,\"height\":512,\"caption\":\"Distribution of chemical products\"},\"image\":{\"@id\":\"https:\/\/kadion.com\/ca\/#\/schema\/logo\/image\/\"}}]}<\/script>\n<!-- \/ Yoast SEO plugin. -->","yoast_head_json":{"title":"Pol\u00edtica de privacitat - Kadion","robots":{"index":"noindex","follow":"follow"},"og_locale":"ca_ES","og_type":"article","og_title":"Pol\u00edtica de privacitat - Kadion","og_description":"Pol\u00edtica de privacitat 1. Pol\u00edtica de privacitat KADION ESPECIALIDADES QU\u00cdMICAS, SL informa els usuaris del lloc web sobre la seva pol\u00edtica respecte del tractament i protecci\u00f3 de les dades de car\u00e0cter personal dels usuaris i clients que puguin ser demanats per la navegaci\u00f3 o sol\u00b7licitud d\u2019informaci\u00f3 a trav\u00e9s d\u2019aquest lloc web, aix\u00ed com de les [&hellip;]","og_url":"https:\/\/kadion.com\/ca\/politica-de-privacitat\/","og_site_name":"Kadion","article_modified_time":"2025-12-15T13:31:57+00:00","twitter_card":"summary_large_image","twitter_misc":{"Temps estimat de lectura":"3 minuts"},"schema":{"@context":"https:\/\/schema.org","@graph":[{"@type":"WebPage","@id":"https:\/\/kadion.com\/ca\/politica-de-privacitat\/","url":"https:\/\/kadion.com\/ca\/politica-de-privacitat\/","name":"Pol\u00edtica de privacitat - Kadion","isPartOf":{"@id":"https:\/\/kadion.com\/ca\/#website"},"datePublished":"2025-12-02T16:02:39+00:00","dateModified":"2025-12-15T13:31:57+00:00","breadcrumb":{"@id":"https:\/\/kadion.com\/ca\/politica-de-privacitat\/#breadcrumb"},"inLanguage":"ca","potentialAction":[{"@type":"ReadAction","target":["https:\/\/kadion.com\/ca\/politica-de-privacitat\/"]}]},{"@type":"BreadcrumbList","@id":"https:\/\/kadion.com\/ca\/politica-de-privacitat\/#breadcrumb","itemListElement":[{"@type":"ListItem","position":1,"name":"Portada","item":"https:\/\/kadion.com\/ca\/kadion\/"},{"@type":"ListItem","position":2,"name":"Pol\u00edtica de privacitat"}]},{"@type":"WebSite","@id":"https:\/\/kadion.com\/ca\/#website","url":"https:\/\/kadion.com\/ca\/","name":"Kadion","description":"","publisher":{"@id":"https:\/\/kadion.com\/ca\/#organization"},"potentialAction":[{"@type":"SearchAction","target":{"@type":"EntryPoint","urlTemplate":"https:\/\/kadion.com\/ca\/?s={search_term_string}"},"query-input":{"@type":"PropertyValueSpecification","valueRequired":true,"valueName":"search_term_string"}}],"inLanguage":"ca"},{"@type":"Organization","@id":"https:\/\/kadion.com\/ca\/#organization","name":"Distribution of chemical products","url":"https:\/\/kadion.com\/ca\/","logo":{"@type":"ImageObject","inLanguage":"ca","@id":"https:\/\/kadion.com\/ca\/#\/schema\/logo\/image\/","url":"https:\/\/kadion.com\/wp-content\/uploads\/2025\/12\/favicon-kadion.png","contentUrl":"https:\/\/kadion.com\/wp-content\/uploads\/2025\/12\/favicon-kadion.png","width":512,"height":512,"caption":"Distribution of chemical products"},"image":{"@id":"https:\/\/kadion.com\/ca\/#\/schema\/logo\/image\/"}}]}},"_links":{"self":[{"href":"https:\/\/kadion.com\/ca\/wp-json\/wp\/v2\/pages\/15822","targetHints":{"allow":["GET"]}}],"collection":[{"href":"https:\/\/kadion.com\/ca\/wp-json\/wp\/v2\/pages"}],"about":[{"href":"https:\/\/kadion.com\/ca\/wp-json\/wp\/v2\/types\/page"}],"author":[{"embeddable":true,"href":"https:\/\/kadion.com\/ca\/wp-json\/wp\/v2\/users\/1"}],"replies":[{"embeddable":true,"href":"https:\/\/kadion.com\/ca\/wp-json\/wp\/v2\/comments?post=15822"}],"version-history":[{"count":2,"href":"https:\/\/kadion.com\/ca\/wp-json\/wp\/v2\/pages\/15822\/revisions"}],"predecessor-version":[{"id":15827,"href":"https:\/\/kadion.com\/ca\/wp-json\/wp\/v2\/pages\/15822\/revisions\/15827"}],"wp:attachment":[{"href":"https:\/\/kadion.com\/ca\/wp-json\/wp\/v2\/media?parent=15822"}],"curies":[{"name":"wp","href":"https:\/\/api.w.org\/{rel}","templated":true}]}}