{"id":15624,"date":"2025-12-09T09:35:51","date_gmt":"2025-12-09T08:35:51","guid":{"rendered":"https:\/\/kadion.com\/productes\/"},"modified":"2025-12-15T12:48:43","modified_gmt":"2025-12-15T11:48:43","slug":"productes","status":"publish","type":"page","link":"https:\/\/kadion.com\/ca\/productes\/","title":{"rendered":"Productes"},"content":{"rendered":"\t\t<div data-elementor-type=\"wp-page\" data-elementor-id=\"15624\" class=\"elementor elementor-15624 elementor-56\" data-elementor-post-type=\"page\">\n\t\t\t\t<div class=\"elementor-element elementor-element-c3e957a e-flex e-con-boxed e-con e-parent\" data-id=\"c3e957a\" data-element_type=\"container\" data-e-type=\"container\" data-settings=\"{&quot;background_background&quot;:&quot;classic&quot;}\">\n\t\t\t\t\t<div class=\"e-con-inner\">\n\t\t<div class=\"elementor-element elementor-element-73fb25b e-con-full e-flex e-con e-child\" data-id=\"73fb25b\" data-element_type=\"container\" data-e-type=\"container\">\n\t\t\t\t<div class=\"elementor-element elementor-element-57ac01c elementor-widget elementor-widget-heading\" data-id=\"57ac01c\" data-element_type=\"widget\" data-e-type=\"widget\" data-widget_type=\"heading.default\">\n\t\t\t\t\t<h1 class=\"elementor-heading-title elementor-size-default\">Productes<\/h1>\t\t\t\t<\/div>\n\t\t\t\t<div class=\"elementor-element elementor-element-2f6e2a1 elementor-widget-divider--view-line elementor-widget elementor-widget-divider\" data-id=\"2f6e2a1\" data-element_type=\"widget\" data-e-type=\"widget\" data-widget_type=\"divider.default\">\n\t\t\t\t\t\t\t<div class=\"elementor-divider\">\n\t\t\t<span class=\"elementor-divider-separator\">\n\t\t\t\t\t\t<\/span>\n\t\t<\/div>\n\t\t\t\t\t\t<\/div>\n\t\t\t\t<div class=\"elementor-element elementor-element-b42d099 elementor-widget elementor-widget-heading\" data-id=\"b42d099\" data-element_type=\"widget\" data-e-type=\"widget\" data-widget_type=\"heading.default\">\n\t\t\t\t\t<p class=\"elementor-heading-title elementor-size-default\">Els nostres productes estan basats en especialitats qu\u00edmiques<\/p>\t\t\t\t<\/div>\n\t\t\t\t<\/div>\n\t\t<div class=\"elementor-element elementor-element-593c0d8 e-con-full elementor-hidden-mobile e-flex e-con e-child\" data-id=\"593c0d8\" data-element_type=\"container\" data-e-type=\"container\">\n\t\t\t\t<\/div>\n\t\t\t\t\t<\/div>\n\t\t\t\t<\/div>\n\t\t<div class=\"elementor-element elementor-element-07cb237 e-flex e-con-boxed e-con e-parent\" data-id=\"07cb237\" data-element_type=\"container\" data-e-type=\"container\">\n\t\t\t\t\t<div class=\"e-con-inner\">\n\t\t<div class=\"elementor-element elementor-element-3ecd11d e-con-full e-flex e-con e-child\" data-id=\"3ecd11d\" data-element_type=\"container\" data-e-type=\"container\">\n\t\t\t\t<div class=\"elementor-element elementor-element-e0ffa91 elementor-widget elementor-widget-text-editor\" data-id=\"e0ffa91\" data-element_type=\"widget\" data-e-type=\"widget\" data-widget_type=\"text-editor.default\">\n\t\t\t\t\t\t\t\t\t<p>A KADION us proposem una soluci\u00f3 integral basada en productes i solucions qu\u00edmiques adaptades a les necessitats espec\u00edfiques de la vostra empresa i sector.<\/p><p>Distribu\u00efm productes qu\u00edmics des de fa m\u00e9s de 24 anys i, gr\u00e0cies a aquesta experi\u00e8ncia, disposem dels coneixements necessaris per posar a la vostra disposici\u00f3 una \u00e0mplia i completa gamma de productes i ingredients. Gr\u00e0cies a la nostra capacitat de compra, som capa\u00e7os d\u2019incorporar constantment nous productes al nostre portfoli. <\/p>\t\t\t\t\t\t\t\t<\/div>\n\t\t\t\t<\/div>\n\t\t<div class=\"elementor-element elementor-element-d65088c e-con-full e-flex e-con e-child\" data-id=\"d65088c\" data-element_type=\"container\" data-e-type=\"container\">\n\t\t\t\t<div class=\"elementor-element elementor-element-93a2b14 elementor-widget elementor-widget-image\" data-id=\"93a2b14\" data-element_type=\"widget\" data-e-type=\"widget\" data-widget_type=\"image.default\">\n\t\t\t\t\t\t\t\t\t\t\t\t\t\t\t<img fetchpriority=\"high\" decoding=\"async\" width=\"800\" height=\"530\" src=\"https:\/\/kadion.com\/wp-content\/uploads\/2025\/12\/kadion_productos_inicio.webp\" class=\"attachment-large size-large wp-image-15619\" alt=\"\" srcset=\"https:\/\/kadion.com\/wp-content\/uploads\/2025\/12\/kadion_productos_inicio.webp 996w, https:\/\/kadion.com\/wp-content\/uploads\/2025\/12\/kadion_productos_inicio-300x199.webp 300w, https:\/\/kadion.com\/wp-content\/uploads\/2025\/12\/kadion_productos_inicio-768x509.webp 768w\" sizes=\"(max-width: 800px) 100vw, 800px\" \/>\t\t\t\t\t\t\t\t\t\t\t\t\t\t\t<\/div>\n\t\t\t\t<\/div>\n\t\t\t\t\t<\/div>\n\t\t\t\t<\/div>\n\t\t<div class=\"elementor-element elementor-element-84eea3a e-flex e-con-boxed e-con e-child\" data-id=\"84eea3a\" data-element_type=\"container\" data-e-type=\"container\">\n\t\t\t\t\t<div class=\"e-con-inner\">\n\t\t<div class=\"elementor-element elementor-element-98b011a e-con-full e-flex e-con e-child\" data-id=\"98b011a\" data-element_type=\"container\" data-e-type=\"container\" data-settings=\"{&quot;background_background&quot;:&quot;classic&quot;}\">\n\t\t\t\t<div class=\"elementor-element elementor-element-12c4e21 elementor-widget elementor-widget-heading\" data-id=\"12c4e21\" data-element_type=\"widget\" data-e-type=\"widget\" data-widget_type=\"heading.default\">\n\t\t\t\t\t<h3 class=\"elementor-heading-title elementor-size-default\">Pigments <\/h3>\t\t\t\t<\/div>\n\t\t\t\t<div class=\"elementor-element elementor-element-9ec2e02 elementor-widget elementor-widget-text-editor\" data-id=\"9ec2e02\" data-element_type=\"widget\" data-e-type=\"widget\" data-widget_type=\"text-editor.default\">\n\t\t\t\t\t\t\t\t\t<p>Els pigments, tant org\u00e0nics com inorg\u00e0nics i els colorants solubles, ofereixen solucions crom\u00e0tiques adaptades a m\u00faltiples ind\u00fastries. Des de tons intensos i vers\u00e0tils fins a opcions de gran estabilitat i puresa, cada fam\u00edlia aporta propietats espec\u00edfiques que permeten obtenir resultats precisos i d&#8217;alta qualitat a diferents aplicacions. <\/p>\t\t\t\t\t\t\t\t<\/div>\n\t\t\t\t<div class=\"elementor-element elementor-element-7e727d6 elementor-align-left elementor-mobile-align-center elementor-widget elementor-widget-button\" data-id=\"7e727d6\" data-element_type=\"widget\" data-e-type=\"widget\" data-widget_type=\"button.default\">\n\t\t\t\t\t\t\t\t\t\t<a class=\"elementor-button elementor-button-link elementor-size-sm\" href=\"https:\/\/kadion.com\/pigmentos\/\">\n\t\t\t\t\t\t<span class=\"elementor-button-content-wrapper\">\n\t\t\t\t\t\t\t\t\t<span class=\"elementor-button-text\">Veure gammes de pigments<\/span>\n\t\t\t\t\t<\/span>\n\t\t\t\t\t<\/a>\n\t\t\t\t\t\t\t\t<\/div>\n\t\t\t\t<\/div>\n\t\t<div class=\"elementor-element elementor-element-c761149 e-con-full elementor-hidden-mobile e-flex e-con e-child\" data-id=\"c761149\" data-element_type=\"container\" data-e-type=\"container\" data-settings=\"{&quot;background_background&quot;:&quot;classic&quot;}\">\n\t\t\t\t<\/div>\n\t\t\t\t\t<\/div>\n\t\t\t\t<\/div>\n\t\t<div class=\"elementor-element elementor-element-9894d28 e-flex e-con-boxed e-con e-child\" data-id=\"9894d28\" data-element_type=\"container\" data-e-type=\"container\">\n\t\t\t\t\t<div class=\"e-con-inner\">\n\t\t<div class=\"elementor-element elementor-element-985ebc5 e-con-full e-flex e-con e-child\" data-id=\"985ebc5\" data-element_type=\"container\" data-e-type=\"container\" data-settings=\"{&quot;background_background&quot;:&quot;classic&quot;}\">\n\t\t\t\t<div class=\"elementor-element elementor-element-94c8bf2 elementor-widget elementor-widget-heading\" data-id=\"94c8bf2\" data-element_type=\"widget\" data-e-type=\"widget\" data-widget_type=\"heading.default\">\n\t\t\t\t\t<h3 class=\"elementor-heading-title elementor-size-default\">Pigments d'efecte<\/h3>\t\t\t\t<\/div>\n\t\t\t\t<div class=\"elementor-element elementor-element-f8ed8be elementor-widget elementor-widget-text-editor\" data-id=\"f8ed8be\" data-element_type=\"widget\" data-e-type=\"widget\" data-widget_type=\"text-editor.default\">\n\t\t\t\t\t\t\t\t\t<p>Els pigments amb efecte aporten brillantor, profunditat i variacions \u00f2ptiques que enriqueixen tota mena de superf\u00edcies. Dins aquesta fam\u00edlia s&#8217;hi inclouen pigments met\u00e0l\u00b7lics i perlats, capa\u00e7os de generar reflexos intensos, jocs de llum i acabats \u00fanics en aplicacions tant interiors com exteriors. La seva versatilitat permet obtenir resultats diferenciats i altament visuals segons el material i la formulaci\u00f3 emprada.  <\/p>\t\t\t\t\t\t\t\t<\/div>\n\t\t\t\t<div class=\"elementor-element elementor-element-880a57c elementor-align-left elementor-mobile-align-center elementor-widget elementor-widget-button\" data-id=\"880a57c\" data-element_type=\"widget\" data-e-type=\"widget\" data-widget_type=\"button.default\">\n\t\t\t\t\t\t\t\t\t\t<a class=\"elementor-button elementor-button-link elementor-size-sm\" href=\"https:\/\/kadion.com\/pigmentos-de-efecto\/\">\n\t\t\t\t\t\t<span class=\"elementor-button-content-wrapper\">\n\t\t\t\t\t\t\t\t\t<span class=\"elementor-button-text\">Veure gamma completa<\/span>\n\t\t\t\t\t<\/span>\n\t\t\t\t\t<\/a>\n\t\t\t\t\t\t\t\t<\/div>\n\t\t\t\t<\/div>\n\t\t<div class=\"elementor-element elementor-element-f6a6a90 e-con-full elementor-hidden-mobile e-flex e-con e-child\" data-id=\"f6a6a90\" data-element_type=\"container\" data-e-type=\"container\" data-settings=\"{&quot;background_background&quot;:&quot;classic&quot;}\">\n\t\t\t\t<\/div>\n\t\t\t\t\t<\/div>\n\t\t\t\t<\/div>\n\t\t<div class=\"elementor-element elementor-element-e7eaffe e-flex e-con-boxed e-con e-child\" data-id=\"e7eaffe\" data-element_type=\"container\" data-e-type=\"container\">\n\t\t\t\t\t<div class=\"e-con-inner\">\n\t\t<div class=\"elementor-element elementor-element-b273f43 e-con-full e-flex e-con e-child\" data-id=\"b273f43\" data-element_type=\"container\" data-e-type=\"container\" data-settings=\"{&quot;background_background&quot;:&quot;classic&quot;}\">\n\t\t\t\t<div class=\"elementor-element elementor-element-c9dae13 elementor-widget elementor-widget-heading\" data-id=\"c9dae13\" data-element_type=\"widget\" data-e-type=\"widget\" data-widget_type=\"heading.default\">\n\t\t\t\t\t<h3 class=\"elementor-heading-title elementor-size-default\">Additius<\/h3>\t\t\t\t<\/div>\n\t\t\t\t<div class=\"elementor-element elementor-element-d2d45b5 elementor-widget elementor-widget-text-editor\" data-id=\"d2d45b5\" data-element_type=\"widget\" data-e-type=\"widget\" data-widget_type=\"text-editor.default\">\n\t\t\t\t\t\t\t\t\tEls additius tenen un paper essencial en la ind\u00fastria qu\u00edmica i en la transformaci\u00f3 de materials, ja que permeten millorar propietats, optimitzar processos i garantir el rendiment final del producte. Des de dispersants i modificadors reol\u00f2gics fins a antioxidants, ceres i agents de curaci\u00f3, cada additiu compleix una funci\u00f3 espec\u00edfica que ajuda a obtenir acabats m\u00e9s estables, resistents i eficients segons l&#8217;aplicaci\u00f3. \t\t\t\t\t\t\t\t<\/div>\n\t\t\t\t<div class=\"elementor-element elementor-element-ac3df96 elementor-align-left elementor-mobile-align-center elementor-widget elementor-widget-button\" data-id=\"ac3df96\" data-element_type=\"widget\" data-e-type=\"widget\" data-widget_type=\"button.default\">\n\t\t\t\t\t\t\t\t\t\t<a class=\"elementor-button elementor-button-link elementor-size-sm\" href=\"https:\/\/kadion.com\/productos-kadion\/aditivos\/\">\n\t\t\t\t\t\t<span class=\"elementor-button-content-wrapper\">\n\t\t\t\t\t\t\t\t\t<span class=\"elementor-button-text\">M\u00e9s informaci\u00f3<\/span>\n\t\t\t\t\t<\/span>\n\t\t\t\t\t<\/a>\n\t\t\t\t\t\t\t\t<\/div>\n\t\t\t\t<\/div>\n\t\t<div class=\"elementor-element elementor-element-b035879 e-con-full elementor-hidden-mobile e-flex e-con e-child\" data-id=\"b035879\" data-element_type=\"container\" data-e-type=\"container\" data-settings=\"{&quot;background_background&quot;:&quot;classic&quot;}\">\n\t\t\t\t<\/div>\n\t\t\t\t\t<\/div>\n\t\t\t\t<\/div>\n\t\t<div class=\"elementor-element elementor-element-5d1ac9f e-flex e-con-boxed e-con e-child\" data-id=\"5d1ac9f\" data-element_type=\"container\" data-e-type=\"container\">\n\t\t\t\t\t<div class=\"e-con-inner\">\n\t\t<div class=\"elementor-element elementor-element-aae1639 e-con-full e-flex e-con e-child\" data-id=\"aae1639\" data-element_type=\"container\" data-e-type=\"container\" data-settings=\"{&quot;background_background&quot;:&quot;classic&quot;}\">\n\t\t\t\t<div class=\"elementor-element elementor-element-423d376 elementor-widget elementor-widget-heading\" data-id=\"423d376\" data-element_type=\"widget\" data-e-type=\"widget\" data-widget_type=\"heading.default\">\n\t\t\t\t\t<h3 class=\"elementor-heading-title elementor-size-default\">Resines<\/h3>\t\t\t\t<\/div>\n\t\t\t\t<div class=\"elementor-element elementor-element-1e2137e elementor-widget elementor-widget-text-editor\" data-id=\"1e2137e\" data-element_type=\"widget\" data-e-type=\"widget\" data-widget_type=\"text-editor.default\">\n\t\t\t\t\t\t\t\t\tLes resines s\u00f3n un component clau en la fabricaci\u00f3 de pintures, tintes i revestiments, i tamb\u00e9 actuen com a aglutinants o vehicles de pigments segons l&#8217;aplicaci\u00f3. La ind\u00fastria actual empra una \u00e0mplia varietat de resines per obtenir propietats espec\u00edfiques, ja sigui en sistemes Epoxi, Vin\u00edlics, Poliuretans o Acr\u00edlics. Cada tipus ofereix caracter\u00edstiques \u00faniques que permeten millorar adher\u00e8ncia, durabilitat, acabat i rendiment a m\u00faltiples processos industrials.  \t\t\t\t\t\t\t\t<\/div>\n\t\t\t\t<div class=\"elementor-element elementor-element-469eda3 elementor-align-left elementor-mobile-align-center elementor-widget elementor-widget-button\" data-id=\"469eda3\" data-element_type=\"widget\" data-e-type=\"widget\" data-widget_type=\"button.default\">\n\t\t\t\t\t\t\t\t\t\t<a class=\"elementor-button elementor-button-link elementor-size-sm\" href=\"https:\/\/kadion.com\/productos-kadion\/resinas\/\">\n\t\t\t\t\t\t<span class=\"elementor-button-content-wrapper\">\n\t\t\t\t\t\t\t\t\t<span class=\"elementor-button-text\">Consulteu gamma<\/span>\n\t\t\t\t\t<\/span>\n\t\t\t\t\t<\/a>\n\t\t\t\t\t\t\t\t<\/div>\n\t\t\t\t<\/div>\n\t\t<div class=\"elementor-element elementor-element-09791ca e-con-full elementor-hidden-mobile e-flex e-con e-child\" data-id=\"09791ca\" data-element_type=\"container\" data-e-type=\"container\" data-settings=\"{&quot;background_background&quot;:&quot;classic&quot;}\">\n\t\t\t\t<\/div>\n\t\t\t\t\t<\/div>\n\t\t\t\t<\/div>\n\t\t\t\t<\/div>\n\t\t","protected":false},"excerpt":{"rendered":"<p>Productes Els nostres productes estan basats en especialitats qu\u00edmiques A KADION us proposem una soluci\u00f3 integral basada en productes i solucions qu\u00edmiques adaptades a les necessitats espec\u00edfiques de la vostra empresa i sector. Distribu\u00efm productes qu\u00edmics des de fa m\u00e9s de 24 anys i, gr\u00e0cies a aquesta experi\u00e8ncia, disposem dels coneixements necessaris per posar a [&hellip;]<\/p>\n","protected":false},"author":1,"featured_media":0,"parent":0,"menu_order":0,"comment_status":"closed","ping_status":"closed","template":"elementor_header_footer","meta":{"_acf_changed":false,"footnotes":""},"class_list":["post-15624","page","type-page","status-publish","hentry"],"acf":[],"yoast_head":"<!-- This site is optimized with the Yoast SEO plugin v26.9 - https:\/\/yoast.com\/product\/yoast-seo-wordpress\/ -->\n<title>Kadion | Productes qu\u00edmics industrials i especialitats<\/title>\n<meta name=\"description\" content=\"Gamma de productes qu\u00edmics industrials: pigments, pigments d&#039;efecte, additius i resines per a m\u00faltiples aplicacions i sectors.\" \/>\n<meta name=\"robots\" content=\"index, follow, max-snippet:-1, max-image-preview:large, max-video-preview:-1\" \/>\n<link rel=\"canonical\" href=\"https:\/\/kadion.com\/ca\/productes\/\" \/>\n<meta property=\"og:locale\" content=\"ca_ES\" \/>\n<meta property=\"og:type\" content=\"article\" \/>\n<meta property=\"og:title\" content=\"Kadion | Productes qu\u00edmics industrials i especialitats\" \/>\n<meta property=\"og:description\" content=\"Gamma de productes qu\u00edmics industrials: pigments, pigments d&#039;efecte, additius i resines per a m\u00faltiples aplicacions i sectors.\" \/>\n<meta property=\"og:url\" content=\"https:\/\/kadion.com\/ca\/productes\/\" \/>\n<meta property=\"og:site_name\" content=\"Kadion\" \/>\n<meta property=\"article:modified_time\" content=\"2025-12-15T11:48:43+00:00\" \/>\n<meta property=\"og:image\" content=\"https:\/\/kadion.com\/wp-content\/uploads\/2025\/12\/kadion_productos_inicio.webp\" \/>\n\t<meta property=\"og:image:width\" content=\"996\" \/>\n\t<meta property=\"og:image:height\" content=\"660\" \/>\n\t<meta property=\"og:image:type\" content=\"image\/webp\" \/>\n<meta name=\"twitter:card\" content=\"summary_large_image\" \/>\n<meta name=\"twitter:label1\" content=\"Temps estimat de lectura\" \/>\n\t<meta name=\"twitter:data1\" content=\"2 minuts\" \/>\n<script type=\"application\/ld+json\" class=\"yoast-schema-graph\">{\"@context\":\"https:\/\/schema.org\",\"@graph\":[{\"@type\":\"WebPage\",\"@id\":\"https:\/\/kadion.com\/ca\/productes\/\",\"url\":\"https:\/\/kadion.com\/ca\/productes\/\",\"name\":\"Kadion | Productes qu\u00edmics industrials i especialitats\",\"isPartOf\":{\"@id\":\"https:\/\/kadion.com\/ca\/#website\"},\"primaryImageOfPage\":{\"@id\":\"https:\/\/kadion.com\/ca\/productes\/#primaryimage\"},\"image\":{\"@id\":\"https:\/\/kadion.com\/ca\/productes\/#primaryimage\"},\"thumbnailUrl\":\"https:\/\/kadion.com\/wp-content\/uploads\/2025\/12\/kadion_productos_inicio.webp\",\"datePublished\":\"2025-12-09T08:35:51+00:00\",\"dateModified\":\"2025-12-15T11:48:43+00:00\",\"description\":\"Gamma de productes qu\u00edmics industrials: pigments, pigments d'efecte, additius i resines per a m\u00faltiples aplicacions i sectors.\",\"breadcrumb\":{\"@id\":\"https:\/\/kadion.com\/ca\/productes\/#breadcrumb\"},\"inLanguage\":\"ca\",\"potentialAction\":[{\"@type\":\"ReadAction\",\"target\":[\"https:\/\/kadion.com\/ca\/productes\/\"]}]},{\"@type\":\"ImageObject\",\"inLanguage\":\"ca\",\"@id\":\"https:\/\/kadion.com\/ca\/productes\/#primaryimage\",\"url\":\"https:\/\/kadion.com\/wp-content\/uploads\/2025\/12\/kadion_productos_inicio.webp\",\"contentUrl\":\"https:\/\/kadion.com\/wp-content\/uploads\/2025\/12\/kadion_productos_inicio.webp\"},{\"@type\":\"BreadcrumbList\",\"@id\":\"https:\/\/kadion.com\/ca\/productes\/#breadcrumb\",\"itemListElement\":[{\"@type\":\"ListItem\",\"position\":1,\"name\":\"Portada\",\"item\":\"https:\/\/kadion.com\/ca\/kadion\/\"},{\"@type\":\"ListItem\",\"position\":2,\"name\":\"Productes\"}]},{\"@type\":\"WebSite\",\"@id\":\"https:\/\/kadion.com\/ca\/#website\",\"url\":\"https:\/\/kadion.com\/ca\/\",\"name\":\"Kadion\",\"description\":\"\",\"publisher\":{\"@id\":\"https:\/\/kadion.com\/ca\/#organization\"},\"potentialAction\":[{\"@type\":\"SearchAction\",\"target\":{\"@type\":\"EntryPoint\",\"urlTemplate\":\"https:\/\/kadion.com\/ca\/?s={search_term_string}\"},\"query-input\":{\"@type\":\"PropertyValueSpecification\",\"valueRequired\":true,\"valueName\":\"search_term_string\"}}],\"inLanguage\":\"ca\"},{\"@type\":\"Organization\",\"@id\":\"https:\/\/kadion.com\/ca\/#organization\",\"name\":\"Distribution of chemical products\",\"url\":\"https:\/\/kadion.com\/ca\/\",\"logo\":{\"@type\":\"ImageObject\",\"inLanguage\":\"ca\",\"@id\":\"https:\/\/kadion.com\/ca\/#\/schema\/logo\/image\/\",\"url\":\"https:\/\/kadion.com\/wp-content\/uploads\/2025\/12\/favicon-kadion.png\",\"contentUrl\":\"https:\/\/kadion.com\/wp-content\/uploads\/2025\/12\/favicon-kadion.png\",\"width\":512,\"height\":512,\"caption\":\"Distribution of chemical products\"},\"image\":{\"@id\":\"https:\/\/kadion.com\/ca\/#\/schema\/logo\/image\/\"}}]}<\/script>\n<!-- \/ Yoast SEO plugin. -->","yoast_head_json":{"title":"Kadion | Productes qu\u00edmics industrials i especialitats","description":"Gamma de productes qu\u00edmics industrials: pigments, pigments d'efecte, additius i resines per a m\u00faltiples aplicacions i sectors.","robots":{"index":"index","follow":"follow","max-snippet":"max-snippet:-1","max-image-preview":"max-image-preview:large","max-video-preview":"max-video-preview:-1"},"canonical":"https:\/\/kadion.com\/ca\/productes\/","og_locale":"ca_ES","og_type":"article","og_title":"Kadion | Productes qu\u00edmics industrials i especialitats","og_description":"Gamma de productes qu\u00edmics industrials: pigments, pigments d'efecte, additius i resines per a m\u00faltiples aplicacions i sectors.","og_url":"https:\/\/kadion.com\/ca\/productes\/","og_site_name":"Kadion","article_modified_time":"2025-12-15T11:48:43+00:00","og_image":[{"width":996,"height":660,"url":"https:\/\/kadion.com\/wp-content\/uploads\/2025\/12\/kadion_productos_inicio.webp","type":"image\/webp"}],"twitter_card":"summary_large_image","twitter_misc":{"Temps estimat de lectura":"2 minuts"},"schema":{"@context":"https:\/\/schema.org","@graph":[{"@type":"WebPage","@id":"https:\/\/kadion.com\/ca\/productes\/","url":"https:\/\/kadion.com\/ca\/productes\/","name":"Kadion | Productes qu\u00edmics industrials i especialitats","isPartOf":{"@id":"https:\/\/kadion.com\/ca\/#website"},"primaryImageOfPage":{"@id":"https:\/\/kadion.com\/ca\/productes\/#primaryimage"},"image":{"@id":"https:\/\/kadion.com\/ca\/productes\/#primaryimage"},"thumbnailUrl":"https:\/\/kadion.com\/wp-content\/uploads\/2025\/12\/kadion_productos_inicio.webp","datePublished":"2025-12-09T08:35:51+00:00","dateModified":"2025-12-15T11:48:43+00:00","description":"Gamma de productes qu\u00edmics industrials: pigments, pigments d'efecte, additius i resines per a m\u00faltiples aplicacions i sectors.","breadcrumb":{"@id":"https:\/\/kadion.com\/ca\/productes\/#breadcrumb"},"inLanguage":"ca","potentialAction":[{"@type":"ReadAction","target":["https:\/\/kadion.com\/ca\/productes\/"]}]},{"@type":"ImageObject","inLanguage":"ca","@id":"https:\/\/kadion.com\/ca\/productes\/#primaryimage","url":"https:\/\/kadion.com\/wp-content\/uploads\/2025\/12\/kadion_productos_inicio.webp","contentUrl":"https:\/\/kadion.com\/wp-content\/uploads\/2025\/12\/kadion_productos_inicio.webp"},{"@type":"BreadcrumbList","@id":"https:\/\/kadion.com\/ca\/productes\/#breadcrumb","itemListElement":[{"@type":"ListItem","position":1,"name":"Portada","item":"https:\/\/kadion.com\/ca\/kadion\/"},{"@type":"ListItem","position":2,"name":"Productes"}]},{"@type":"WebSite","@id":"https:\/\/kadion.com\/ca\/#website","url":"https:\/\/kadion.com\/ca\/","name":"Kadion","description":"","publisher":{"@id":"https:\/\/kadion.com\/ca\/#organization"},"potentialAction":[{"@type":"SearchAction","target":{"@type":"EntryPoint","urlTemplate":"https:\/\/kadion.com\/ca\/?s={search_term_string}"},"query-input":{"@type":"PropertyValueSpecification","valueRequired":true,"valueName":"search_term_string"}}],"inLanguage":"ca"},{"@type":"Organization","@id":"https:\/\/kadion.com\/ca\/#organization","name":"Distribution of chemical products","url":"https:\/\/kadion.com\/ca\/","logo":{"@type":"ImageObject","inLanguage":"ca","@id":"https:\/\/kadion.com\/ca\/#\/schema\/logo\/image\/","url":"https:\/\/kadion.com\/wp-content\/uploads\/2025\/12\/favicon-kadion.png","contentUrl":"https:\/\/kadion.com\/wp-content\/uploads\/2025\/12\/favicon-kadion.png","width":512,"height":512,"caption":"Distribution of chemical products"},"image":{"@id":"https:\/\/kadion.com\/ca\/#\/schema\/logo\/image\/"}}]}},"_links":{"self":[{"href":"https:\/\/kadion.com\/ca\/wp-json\/wp\/v2\/pages\/15624","targetHints":{"allow":["GET"]}}],"collection":[{"href":"https:\/\/kadion.com\/ca\/wp-json\/wp\/v2\/pages"}],"about":[{"href":"https:\/\/kadion.com\/ca\/wp-json\/wp\/v2\/types\/page"}],"author":[{"embeddable":true,"href":"https:\/\/kadion.com\/ca\/wp-json\/wp\/v2\/users\/1"}],"replies":[{"embeddable":true,"href":"https:\/\/kadion.com\/ca\/wp-json\/wp\/v2\/comments?post=15624"}],"version-history":[{"count":1,"href":"https:\/\/kadion.com\/ca\/wp-json\/wp\/v2\/pages\/15624\/revisions"}],"predecessor-version":[{"id":15642,"href":"https:\/\/kadion.com\/ca\/wp-json\/wp\/v2\/pages\/15624\/revisions\/15642"}],"wp:attachment":[{"href":"https:\/\/kadion.com\/ca\/wp-json\/wp\/v2\/media?parent=15624"}],"curies":[{"name":"wp","href":"https:\/\/api.w.org\/{rel}","templated":true}]}}