{"id":15386,"date":"2025-12-09T09:30:25","date_gmt":"2025-12-09T08:30:25","guid":{"rendered":"https:\/\/kadion.com\/mercats\/fusta\/"},"modified":"2025-12-15T11:38:23","modified_gmt":"2025-12-15T10:38:23","slug":"fusta","status":"publish","type":"page","link":"https:\/\/kadion.com\/ca\/mercats\/fusta\/","title":{"rendered":"Fusta"},"content":{"rendered":"\t\t<div data-elementor-type=\"wp-page\" data-elementor-id=\"15386\" class=\"elementor elementor-15386 elementor-35\" data-elementor-post-type=\"page\">\n\t\t\t\t<div class=\"elementor-element elementor-element-68c0d31 e-flex e-con-boxed e-con e-parent\" data-id=\"68c0d31\" data-element_type=\"container\" data-e-type=\"container\" data-settings=\"{&quot;background_background&quot;:&quot;classic&quot;}\">\n\t\t\t\t\t<div class=\"e-con-inner\">\n\t\t<div class=\"elementor-element elementor-element-e16dccf e-con-full e-flex e-con e-child\" data-id=\"e16dccf\" data-element_type=\"container\" data-e-type=\"container\">\n\t\t\t\t<div class=\"elementor-element elementor-element-4dff958 elementor-widget elementor-widget-heading\" data-id=\"4dff958\" data-element_type=\"widget\" data-e-type=\"widget\" data-widget_type=\"heading.default\">\n\t\t\t\t\t<h1 class=\"elementor-heading-title elementor-size-default\">Fusta<\/h1>\t\t\t\t<\/div>\n\t\t\t\t<div class=\"elementor-element elementor-element-bd61e62 elementor-widget-divider--view-line elementor-widget elementor-widget-divider\" data-id=\"bd61e62\" data-element_type=\"widget\" data-e-type=\"widget\" data-widget_type=\"divider.default\">\n\t\t\t\t\t\t\t<div class=\"elementor-divider\">\n\t\t\t<span class=\"elementor-divider-separator\">\n\t\t\t\t\t\t<\/span>\n\t\t<\/div>\n\t\t\t\t\t\t<\/div>\n\t\t\t\t<\/div>\n\t\t<div class=\"elementor-element elementor-element-d5c8224 e-con-full elementor-hidden-mobile e-flex e-con e-child\" data-id=\"d5c8224\" data-element_type=\"container\" data-e-type=\"container\">\n\t\t\t\t<\/div>\n\t\t\t\t\t<\/div>\n\t\t\t\t<\/div>\n\t\t<div class=\"elementor-element elementor-element-a619c7e e-flex e-con-boxed e-con e-parent\" data-id=\"a619c7e\" data-element_type=\"container\" data-e-type=\"container\">\n\t\t\t\t\t<div class=\"e-con-inner\">\n\t\t<div class=\"elementor-element elementor-element-6b96956 e-con-full e-flex e-con e-child\" data-id=\"6b96956\" data-element_type=\"container\" data-e-type=\"container\">\n\t\t<div class=\"elementor-element elementor-element-1dab0fa e-con-full e-flex e-con e-child\" data-id=\"1dab0fa\" data-element_type=\"container\" data-e-type=\"container\" data-settings=\"{&quot;background_background&quot;:&quot;classic&quot;}\">\n\t\t\t\t<div class=\"elementor-element elementor-element-f4aba30 elementor-widget elementor-widget-text-editor\" data-id=\"f4aba30\" data-element_type=\"widget\" data-e-type=\"widget\" data-widget_type=\"text-editor.default\">\n\t\t\t\t\t\t\t\t\t<p>Kadion tamb\u00e9 t\u00e9 pres\u00e8ncia al mercat de la Fusta. Per aquest sector disposem de colorants per a fabricants de tauler de fusta, com el verd malaquita (BG 4), BR 14, AB 9 i pastes pigment\u00e0ries com el PG 7 o el PB 15.3. <\/p><p>A KADION tamb\u00e9 disposem de solucions per al recobriment de la fusta. Tamb\u00e9 comptem amb la gamma de ceres i resines de Lubrizol espec\u00edfiques per a fusta, com les gammes CARBOSET, APTALON, TURBOSET, SANCURE <\/p>\t\t\t\t\t\t\t\t<\/div>\n\t\t\t\t<\/div>\n\t\t<div class=\"elementor-element elementor-element-47aed35 e-con-full elementor-hidden-tablet elementor-hidden-mobile e-flex e-con e-child\" data-id=\"47aed35\" data-element_type=\"container\" data-e-type=\"container\">\n\t\t\t\t<div class=\"elementor-element elementor-element-ca13c8f elementor-widget elementor-widget-image\" data-id=\"ca13c8f\" data-element_type=\"widget\" data-e-type=\"widget\" data-widget_type=\"image.default\">\n\t\t\t\t\t\t\t\t\t\t\t\t\t\t\t<img fetchpriority=\"high\" decoding=\"async\" width=\"800\" height=\"533\" src=\"https:\/\/kadion.com\/wp-content\/uploads\/2025\/12\/1_kadion_producto_madera_presentacion.webp\" class=\"attachment-large size-large wp-image-15384\" alt=\"\" srcset=\"https:\/\/kadion.com\/wp-content\/uploads\/2025\/12\/1_kadion_producto_madera_presentacion.webp 827w, https:\/\/kadion.com\/wp-content\/uploads\/2025\/12\/1_kadion_producto_madera_presentacion-300x200.webp 300w, https:\/\/kadion.com\/wp-content\/uploads\/2025\/12\/1_kadion_producto_madera_presentacion-768x512.webp 768w\" sizes=\"(max-width: 800px) 100vw, 800px\" \/>\t\t\t\t\t\t\t\t\t\t\t\t\t\t\t<\/div>\n\t\t\t\t<\/div>\n\t\t\t\t<\/div>\n\t\t\t\t\t<\/div>\n\t\t\t\t<\/div>\n\t\t<div class=\"elementor-element elementor-element-b3188bd e-flex e-con-boxed e-con e-parent\" data-id=\"b3188bd\" data-element_type=\"container\" data-e-type=\"container\" data-settings=\"{&quot;background_background&quot;:&quot;classic&quot;}\">\n\t\t\t\t\t<div class=\"e-con-inner\">\n\t\t<div class=\"elementor-element elementor-element-14ddd28 e-con-full e-flex e-con e-child\" data-id=\"14ddd28\" data-element_type=\"container\" data-e-type=\"container\">\n\t\t<div class=\"elementor-element elementor-element-d49f98e e-con-full e-flex e-con e-child\" data-id=\"d49f98e\" data-element_type=\"container\" data-e-type=\"container\">\n\t\t\t\t<div class=\"elementor-element elementor-element-0ca59b9 elementor-widget elementor-widget-heading\" data-id=\"0ca59b9\" data-element_type=\"widget\" data-e-type=\"widget\" data-widget_type=\"heading.default\">\n\t\t\t\t\t<h2 class=\"elementor-heading-title elementor-size-default\">Llistat de productes disponibles<\/h2>\t\t\t\t<\/div>\n\t\t\t\t<div class=\"elementor-element elementor-element-219b67f elementor-align-center elementor-widget elementor-widget-button\" data-id=\"219b67f\" data-element_type=\"widget\" data-e-type=\"widget\" data-widget_type=\"button.default\">\n\t\t\t\t\t\t\t\t\t\t<a class=\"elementor-button elementor-button-link elementor-size-sm\" href=\"https:\/\/kadion.com\/ca\/llista-de-productes\/\">\n\t\t\t\t\t\t<span class=\"elementor-button-content-wrapper\">\n\t\t\t\t\t\t\t\t\t<span class=\"elementor-button-text\">CERCAR<\/span>\n\t\t\t\t\t<\/span>\n\t\t\t\t\t<\/a>\n\t\t\t\t\t\t\t\t<\/div>\n\t\t\t\t<\/div>\n\t\t\t\t<\/div>\n\t\t\t\t\t<\/div>\n\t\t\t\t<\/div>\n\t\t<div class=\"elementor-element elementor-element-c79e6da e-flex e-con-boxed e-con e-parent\" data-id=\"c79e6da\" data-element_type=\"container\" data-e-type=\"container\">\n\t\t\t\t\t<div class=\"e-con-inner\">\n\t\t<div class=\"elementor-element elementor-element-1b6cb5d e-con-full e-flex e-con e-child\" data-id=\"1b6cb5d\" data-element_type=\"container\" data-e-type=\"container\">\n\t\t\t\t<div class=\"elementor-element elementor-element-83efe2b elementor-widget elementor-widget-text-editor\" data-id=\"83efe2b\" data-element_type=\"widget\" data-e-type=\"widget\" data-widget_type=\"text-editor.default\">\n\t\t\t\t\t\t\t\t\t<p>Els nostres productes es caracteritzen per passar estrictes controls de seguretat per garantir-ne la qualitat, a m\u00e9s de comptar amb totes les certificacions necess\u00e0ries.<\/p><p>Comptem amb ampli cat\u00e0leg de productes, i treballem en estreta col\u00b7laboraci\u00f3 amb fabricants i clients, cercant els productes que cobreixin les necessitats de cada projecte.<\/p>\t\t\t\t\t\t\t\t<\/div>\n\t\t\t\t<\/div>\n\t\t<div class=\"elementor-element elementor-element-edd770e e-con-full e-flex e-con e-child\" data-id=\"edd770e\" data-element_type=\"container\" data-e-type=\"container\">\n\t\t\t\t<div class=\"elementor-element elementor-element-0221e8d elementor-widget elementor-widget-image\" data-id=\"0221e8d\" data-element_type=\"widget\" data-e-type=\"widget\" data-widget_type=\"image.default\">\n\t\t\t\t\t\t\t\t\t\t\t\t\t\t\t<img decoding=\"async\" width=\"800\" height=\"533\" src=\"https:\/\/kadion.com\/wp-content\/uploads\/2025\/12\/2_kadion_producto_madera_calidad.webp\" class=\"attachment-large size-large wp-image-15385\" alt=\"\" srcset=\"https:\/\/kadion.com\/wp-content\/uploads\/2025\/12\/2_kadion_producto_madera_calidad.webp 827w, https:\/\/kadion.com\/wp-content\/uploads\/2025\/12\/2_kadion_producto_madera_calidad-300x200.webp 300w, https:\/\/kadion.com\/wp-content\/uploads\/2025\/12\/2_kadion_producto_madera_calidad-768x512.webp 768w\" sizes=\"(max-width: 800px) 100vw, 800px\" \/>\t\t\t\t\t\t\t\t\t\t\t\t\t\t\t<\/div>\n\t\t\t\t<\/div>\n\t\t\t\t\t<\/div>\n\t\t\t\t<\/div>\n\t\t<div class=\"elementor-element elementor-element-072d071 e-flex e-con-boxed e-con e-parent\" data-id=\"072d071\" data-element_type=\"container\" data-e-type=\"container\" data-settings=\"{&quot;background_background&quot;:&quot;classic&quot;}\">\n\t\t\t\t\t<div class=\"e-con-inner\">\n\t\t\t\t<div class=\"elementor-element elementor-element-43f54b1 elementor-widget elementor-widget-heading\" data-id=\"43f54b1\" data-element_type=\"widget\" data-e-type=\"widget\" data-widget_type=\"heading.default\">\n\t\t\t\t\t<h2 class=\"elementor-heading-title elementor-size-default\">Vols m\u00e9s informaci\u00f3?<\/h2>\t\t\t\t<\/div>\n\t\t\t\t<div class=\"elementor-element elementor-element-eafce76 elementor-button-align-stretch elementor-widget elementor-widget-form\" data-id=\"eafce76\" data-element_type=\"widget\" data-e-type=\"widget\" data-settings=\"{&quot;step_next_label&quot;:&quot;Seg\\u00fcent&quot;,&quot;step_previous_label&quot;:&quot;Anterior&quot;,&quot;button_width&quot;:&quot;100&quot;,&quot;step_type&quot;:&quot;number_text&quot;,&quot;step_icon_shape&quot;:&quot;circle&quot;}\" data-widget_type=\"form.default\">\n\t\t\t\t\t\t\t<form class=\"elementor-form\" method=\"post\" name=\"Formulari mercats\" aria-label=\"Formulari mercats\">\n\t\t\t<input type=\"hidden\" name=\"post_id\" value=\"15386\"\/>\n\t\t\t<input type=\"hidden\" name=\"form_id\" value=\"eafce76\"\/>\n\t\t\t<input type=\"hidden\" name=\"referer_title\" value=\"Kadion | Solucions qu\u00edmiques per a fusta industrial\" \/>\n\n\t\t\t\t\t\t\t<input type=\"hidden\" name=\"queried_id\" value=\"15386\"\/>\n\t\t\t\n\t\t\t<div class=\"elementor-form-fields-wrapper elementor-labels-above\">\n\t\t\t\t\t\t\t\t<div class=\"elementor-field-type-text elementor-field-group elementor-column elementor-field-group-name elementor-col-50 elementor-field-required\">\n\t\t\t\t\t\t\t\t\t\t\t\t<label for=\"form-field-name\" class=\"elementor-field-label\">\n\t\t\t\t\t\t\t\tEl teu nom\t\t\t\t\t\t\t<\/label>\n\t\t\t\t\t\t\t\t\t\t\t\t\t\t<input size=\"1\" type=\"text\" name=\"form_fields[name]\" id=\"form-field-name\" class=\"elementor-field elementor-size-sm  elementor-field-textual\" required=\"required\">\n\t\t\t\t\t\t\t\t\t\t\t<\/div>\n\t\t\t\t\t\t\t\t<div class=\"elementor-field-type-text elementor-field-group elementor-column elementor-field-group-apellidos elementor-col-50 elementor-field-required\">\n\t\t\t\t\t\t\t\t\t\t\t\t<label for=\"form-field-apellidos\" class=\"elementor-field-label\">\n\t\t\t\t\t\t\t\tCognoms\t\t\t\t\t\t\t<\/label>\n\t\t\t\t\t\t\t\t\t\t\t\t\t\t<input size=\"1\" type=\"text\" name=\"form_fields[apellidos]\" id=\"form-field-apellidos\" class=\"elementor-field elementor-size-sm  elementor-field-textual\" required=\"required\">\n\t\t\t\t\t\t\t\t\t\t\t<\/div>\n\t\t\t\t\t\t\t\t<div class=\"elementor-field-type-email elementor-field-group elementor-column elementor-field-group-email elementor-col-50 elementor-field-required\">\n\t\t\t\t\t\t\t\t\t\t\t\t<label for=\"form-field-email\" class=\"elementor-field-label\">\n\t\t\t\t\t\t\t\tEmail\t\t\t\t\t\t\t<\/label>\n\t\t\t\t\t\t\t\t\t\t\t\t\t\t<input size=\"1\" type=\"email\" name=\"form_fields[email]\" id=\"form-field-email\" class=\"elementor-field elementor-size-sm  elementor-field-textual\" required=\"required\">\n\t\t\t\t\t\t\t\t\t\t\t<\/div>\n\t\t\t\t\t\t\t\t<div class=\"elementor-field-type-tel elementor-field-group elementor-column elementor-field-group-tel elementor-col-50 elementor-field-required\">\n\t\t\t\t\t\t\t\t\t\t\t\t<label for=\"form-field-tel\" class=\"elementor-field-label\">\n\t\t\t\t\t\t\t\tTel\u00e8fon\t\t\t\t\t\t\t<\/label>\n\t\t\t\t\t\t\t\t<input size=\"1\" type=\"tel\" name=\"form_fields[tel]\" id=\"form-field-tel\" class=\"elementor-field elementor-size-sm  elementor-field-textual\" required=\"required\" pattern=\"[0-9()#&amp;+*-=.]+\" title=\"Only numbers and phone characters (#, -, *, etc) are accepted.\">\n\n\t\t\t\t\t\t<\/div>\n\t\t\t\t\t\t\t\t<div class=\"elementor-field-type-text elementor-field-group elementor-column elementor-field-group-empresa elementor-col-50 elementor-field-required\">\n\t\t\t\t\t\t\t\t\t\t\t\t<label for=\"form-field-empresa\" class=\"elementor-field-label\">\n\t\t\t\t\t\t\t\tEmpresa\t\t\t\t\t\t\t<\/label>\n\t\t\t\t\t\t\t\t\t\t\t\t\t\t<input size=\"1\" type=\"text\" name=\"form_fields[empresa]\" id=\"form-field-empresa\" class=\"elementor-field elementor-size-sm  elementor-field-textual\" required=\"required\">\n\t\t\t\t\t\t\t\t\t\t\t<\/div>\n\t\t\t\t\t\t\t\t<div class=\"elementor-field-type-select elementor-field-group elementor-column elementor-field-group-field_1a6e1d1 elementor-col-50 elementor-field-required\">\n\t\t\t\t\t\t\t\t\t\t\t\t<label for=\"form-field-field_1a6e1d1\" class=\"elementor-field-label\">\n\t\t\t\t\t\t\t\tAssumpte\t\t\t\t\t\t\t<\/label>\n\t\t\t\t\t\t\t\t<div class=\"elementor-field elementor-select-wrapper remove-before \">\n\t\t\t<div class=\"select-caret-down-wrapper\">\n\t\t\t\t<svg aria-hidden=\"true\" class=\"e-font-icon-svg e-eicon-caret-down\" viewBox=\"0 0 571.4 571.4\" xmlns=\"http:\/\/www.w3.org\/2000\/svg\"><path d=\"M571 393Q571 407 561 418L311 668Q300 679 286 679T261 668L11 418Q0 407 0 393T11 368 36 357H536Q550 357 561 368T571 393Z\"><\/path><\/svg>\t\t\t<\/div>\n\t\t\t<select name=\"form_fields[field_1a6e1d1]\" id=\"form-field-field_1a6e1d1\" class=\"elementor-field-textual elementor-size-sm\" required=\"required\">\n\t\t\t\t\t\t\t\t\t<option value=\"Demana una cotitzaci\u00f3\">Demana una cotitzaci\u00f3<\/option>\n\t\t\t\t\t\t\t\t\t<option value=\" Vull que em truqui un comercial \"> Vull que em truqui un comercial <\/option>\n\t\t\t\t\t\t\t\t\t<option value=\"Sol\u00b7licitar una mostra \">Sol\u00b7licitar una mostra <\/option>\n\t\t\t\t\t\t\t\t\t<option value=\"M\u00e9s informaci\u00f3\">M\u00e9s informaci\u00f3<\/option>\n\t\t\t\t\t\t\t<\/select>\n\t\t<\/div>\n\t\t\t\t\t\t<\/div>\n\t\t\t\t\t\t\t\t<div class=\"elementor-field-type-textarea elementor-field-group elementor-column elementor-field-group-message elementor-col-100\">\n\t\t\t\t\t\t\t\t\t\t\t\t<label for=\"form-field-message\" class=\"elementor-field-label\">\n\t\t\t\t\t\t\t\tEl teu missatge\t\t\t\t\t\t\t<\/label>\n\t\t\t\t\t\t<textarea class=\"elementor-field-textual elementor-field  elementor-size-sm\" name=\"form_fields[message]\" id=\"form-field-message\" rows=\"4\"><\/textarea>\t\t\t\t<\/div>\n\t\t\t\t\t\t\t\t<div class=\"elementor-field-type-acceptance elementor-field-group elementor-column elementor-field-group-field_c2f3ea2 elementor-col-100 elementor-field-required\">\n\t\t\t\t\t\t\t<div class=\"elementor-field-subgroup\">\n\t\t\t<span class=\"elementor-field-option\">\n\t\t\t\t<input type=\"checkbox\" name=\"form_fields[field_c2f3ea2]\" id=\"form-field-field_c2f3ea2\" class=\"elementor-field elementor-size-sm  elementor-acceptance-field\" required=\"required\">\n\t\t\t\t<label for=\"form-field-field_c2f3ea2\">He llegit i accepto la Pol\u00edtica de Privacitat de kadion.<\/label>\t\t\t<\/span>\n\t\t<\/div>\n\t\t\t\t\t\t<\/div>\n\t\t\t\t\t\t\t\t<div class=\"elementor-field-type-recaptcha_v3 elementor-field-group elementor-column elementor-field-group-field_f2db3a8 elementor-col-100 recaptcha_v3-bottomright\">\n\t\t\t\t\t<div class=\"elementor-field\" id=\"form-field-field_f2db3a8\"><div class=\"elementor-g-recaptcha\" data-sitekey=\"6Lc3fC4sAAAAAM9j76-G2uJ1B99i1Oyaakdh6T0b\" data-type=\"v3\" data-action=\"Form\" data-badge=\"bottomright\" data-size=\"invisible\"><\/div><\/div>\t\t\t\t<\/div>\n\t\t\t\t\t\t\t\t<div class=\"elementor-field-type-text\">\n\t\t\t\t\t<input size=\"1\" type=\"text\" name=\"form_fields[field_e91f0c0]\" id=\"form-field-field_e91f0c0\" class=\"elementor-field elementor-size-sm \" style=\"display:none !important;\">\t\t\t\t<\/div>\n\t\t\t\t\t\t\t\t<div class=\"elementor-field-group elementor-column elementor-field-type-submit elementor-col-100 e-form__buttons\">\n\t\t\t\t\t<button class=\"elementor-button elementor-size-sm\" type=\"submit\">\n\t\t\t\t\t\t<span class=\"elementor-button-content-wrapper\">\n\t\t\t\t\t\t\t\t\t\t\t\t\t\t\t\t\t\t\t\t\t\t<span class=\"elementor-button-text\">Enviar<\/span>\n\t\t\t\t\t\t\t\t\t\t\t\t\t<\/span>\n\t\t\t\t\t<\/button>\n\t\t\t\t<\/div>\n\t\t\t<\/div>\n\t\t<\/form>\n\t\t\t\t\t\t<\/div>\n\t\t\t\t\t<\/div>\n\t\t\t\t<\/div>\n\t\t\t\t<\/div>\n\t\t","protected":false},"excerpt":{"rendered":"<p>Fusta Kadion tamb\u00e9 t\u00e9 pres\u00e8ncia al mercat de la Fusta. Per aquest sector disposem de colorants per a fabricants de tauler de fusta, com el verd malaquita (BG 4), BR 14, AB 9 i pastes pigment\u00e0ries com el PG 7 o el PB 15.3. A KADION tamb\u00e9 disposem de solucions per al recobriment de la [&hellip;]<\/p>\n","protected":false},"author":1,"featured_media":0,"parent":15218,"menu_order":0,"comment_status":"closed","ping_status":"closed","template":"elementor_header_footer","meta":{"_acf_changed":false,"footnotes":""},"class_list":["post-15386","page","type-page","status-publish","hentry"],"acf":[],"yoast_head":"<!-- This site is optimized with the Yoast SEO plugin v26.9 - https:\/\/yoast.com\/product\/yoast-seo-wordpress\/ -->\n<title>Kadion | Solucions qu\u00edmiques per a fusta industrial<\/title>\n<meta name=\"description\" content=\"Solucions qu\u00edmiques per a fusta industrial: pigments, colorants i resines per a recobriments, protecci\u00f3 i acabat.\" \/>\n<meta name=\"robots\" content=\"index, follow, max-snippet:-1, max-image-preview:large, max-video-preview:-1\" \/>\n<link rel=\"canonical\" href=\"https:\/\/kadion.com\/ca\/mercats\/fusta\/\" \/>\n<meta property=\"og:locale\" content=\"ca_ES\" \/>\n<meta property=\"og:type\" content=\"article\" \/>\n<meta property=\"og:title\" content=\"Kadion | Solucions qu\u00edmiques per a fusta industrial\" \/>\n<meta property=\"og:description\" content=\"Solucions qu\u00edmiques per a fusta industrial: pigments, colorants i resines per a recobriments, protecci\u00f3 i acabat.\" \/>\n<meta property=\"og:url\" content=\"https:\/\/kadion.com\/ca\/mercats\/fusta\/\" \/>\n<meta property=\"og:site_name\" content=\"Kadion\" \/>\n<meta property=\"article:modified_time\" content=\"2025-12-15T10:38:23+00:00\" \/>\n<meta property=\"og:image\" content=\"https:\/\/kadion.com\/wp-content\/uploads\/2025\/12\/1_kadion_producto_madera_presentacion.webp\" \/>\n\t<meta property=\"og:image:width\" content=\"827\" \/>\n\t<meta property=\"og:image:height\" content=\"551\" \/>\n\t<meta property=\"og:image:type\" content=\"image\/webp\" \/>\n<meta name=\"twitter:card\" content=\"summary_large_image\" \/>\n<meta name=\"twitter:label1\" content=\"Temps estimat de lectura\" \/>\n\t<meta name=\"twitter:data1\" content=\"1 minut\" \/>\n<script type=\"application\/ld+json\" class=\"yoast-schema-graph\">{\"@context\":\"https:\/\/schema.org\",\"@graph\":[{\"@type\":\"WebPage\",\"@id\":\"https:\/\/kadion.com\/ca\/mercats\/fusta\/\",\"url\":\"https:\/\/kadion.com\/ca\/mercats\/fusta\/\",\"name\":\"Kadion | Solucions qu\u00edmiques per a fusta industrial\",\"isPartOf\":{\"@id\":\"https:\/\/kadion.com\/ca\/#website\"},\"primaryImageOfPage\":{\"@id\":\"https:\/\/kadion.com\/ca\/mercats\/fusta\/#primaryimage\"},\"image\":{\"@id\":\"https:\/\/kadion.com\/ca\/mercats\/fusta\/#primaryimage\"},\"thumbnailUrl\":\"https:\/\/kadion.com\/wp-content\/uploads\/2025\/12\/1_kadion_producto_madera_presentacion.webp\",\"datePublished\":\"2025-12-09T08:30:25+00:00\",\"dateModified\":\"2025-12-15T10:38:23+00:00\",\"description\":\"Solucions qu\u00edmiques per a fusta industrial: pigments, colorants i resines per a recobriments, protecci\u00f3 i acabat.\",\"breadcrumb\":{\"@id\":\"https:\/\/kadion.com\/ca\/mercats\/fusta\/#breadcrumb\"},\"inLanguage\":\"ca\",\"potentialAction\":[{\"@type\":\"ReadAction\",\"target\":[\"https:\/\/kadion.com\/ca\/mercats\/fusta\/\"]}]},{\"@type\":\"ImageObject\",\"inLanguage\":\"ca\",\"@id\":\"https:\/\/kadion.com\/ca\/mercats\/fusta\/#primaryimage\",\"url\":\"https:\/\/kadion.com\/wp-content\/uploads\/2025\/12\/1_kadion_producto_madera_presentacion.webp\",\"contentUrl\":\"https:\/\/kadion.com\/wp-content\/uploads\/2025\/12\/1_kadion_producto_madera_presentacion.webp\"},{\"@type\":\"BreadcrumbList\",\"@id\":\"https:\/\/kadion.com\/ca\/mercats\/fusta\/#breadcrumb\",\"itemListElement\":[{\"@type\":\"ListItem\",\"position\":1,\"name\":\"Portada\",\"item\":\"https:\/\/kadion.com\/ca\/kadion\/\"},{\"@type\":\"ListItem\",\"position\":2,\"name\":\"Mercats\",\"item\":\"https:\/\/kadion.com\/ca\/mercats\/\"},{\"@type\":\"ListItem\",\"position\":3,\"name\":\"Fusta\"}]},{\"@type\":\"WebSite\",\"@id\":\"https:\/\/kadion.com\/ca\/#website\",\"url\":\"https:\/\/kadion.com\/ca\/\",\"name\":\"Kadion\",\"description\":\"\",\"publisher\":{\"@id\":\"https:\/\/kadion.com\/ca\/#organization\"},\"potentialAction\":[{\"@type\":\"SearchAction\",\"target\":{\"@type\":\"EntryPoint\",\"urlTemplate\":\"https:\/\/kadion.com\/ca\/?s={search_term_string}\"},\"query-input\":{\"@type\":\"PropertyValueSpecification\",\"valueRequired\":true,\"valueName\":\"search_term_string\"}}],\"inLanguage\":\"ca\"},{\"@type\":\"Organization\",\"@id\":\"https:\/\/kadion.com\/ca\/#organization\",\"name\":\"Distribution of chemical products\",\"url\":\"https:\/\/kadion.com\/ca\/\",\"logo\":{\"@type\":\"ImageObject\",\"inLanguage\":\"ca\",\"@id\":\"https:\/\/kadion.com\/ca\/#\/schema\/logo\/image\/\",\"url\":\"https:\/\/kadion.com\/wp-content\/uploads\/2025\/12\/favicon-kadion.png\",\"contentUrl\":\"https:\/\/kadion.com\/wp-content\/uploads\/2025\/12\/favicon-kadion.png\",\"width\":512,\"height\":512,\"caption\":\"Distribution of chemical products\"},\"image\":{\"@id\":\"https:\/\/kadion.com\/ca\/#\/schema\/logo\/image\/\"}}]}<\/script>\n<!-- \/ Yoast SEO plugin. -->","yoast_head_json":{"title":"Kadion | Solucions qu\u00edmiques per a fusta industrial","description":"Solucions qu\u00edmiques per a fusta industrial: pigments, colorants i resines per a recobriments, protecci\u00f3 i acabat.","robots":{"index":"index","follow":"follow","max-snippet":"max-snippet:-1","max-image-preview":"max-image-preview:large","max-video-preview":"max-video-preview:-1"},"canonical":"https:\/\/kadion.com\/ca\/mercats\/fusta\/","og_locale":"ca_ES","og_type":"article","og_title":"Kadion | Solucions qu\u00edmiques per a fusta industrial","og_description":"Solucions qu\u00edmiques per a fusta industrial: pigments, colorants i resines per a recobriments, protecci\u00f3 i acabat.","og_url":"https:\/\/kadion.com\/ca\/mercats\/fusta\/","og_site_name":"Kadion","article_modified_time":"2025-12-15T10:38:23+00:00","og_image":[{"width":827,"height":551,"url":"https:\/\/kadion.com\/wp-content\/uploads\/2025\/12\/1_kadion_producto_madera_presentacion.webp","type":"image\/webp"}],"twitter_card":"summary_large_image","twitter_misc":{"Temps estimat de lectura":"1 minut"},"schema":{"@context":"https:\/\/schema.org","@graph":[{"@type":"WebPage","@id":"https:\/\/kadion.com\/ca\/mercats\/fusta\/","url":"https:\/\/kadion.com\/ca\/mercats\/fusta\/","name":"Kadion | Solucions qu\u00edmiques per a fusta industrial","isPartOf":{"@id":"https:\/\/kadion.com\/ca\/#website"},"primaryImageOfPage":{"@id":"https:\/\/kadion.com\/ca\/mercats\/fusta\/#primaryimage"},"image":{"@id":"https:\/\/kadion.com\/ca\/mercats\/fusta\/#primaryimage"},"thumbnailUrl":"https:\/\/kadion.com\/wp-content\/uploads\/2025\/12\/1_kadion_producto_madera_presentacion.webp","datePublished":"2025-12-09T08:30:25+00:00","dateModified":"2025-12-15T10:38:23+00:00","description":"Solucions qu\u00edmiques per a fusta industrial: pigments, colorants i resines per a recobriments, protecci\u00f3 i acabat.","breadcrumb":{"@id":"https:\/\/kadion.com\/ca\/mercats\/fusta\/#breadcrumb"},"inLanguage":"ca","potentialAction":[{"@type":"ReadAction","target":["https:\/\/kadion.com\/ca\/mercats\/fusta\/"]}]},{"@type":"ImageObject","inLanguage":"ca","@id":"https:\/\/kadion.com\/ca\/mercats\/fusta\/#primaryimage","url":"https:\/\/kadion.com\/wp-content\/uploads\/2025\/12\/1_kadion_producto_madera_presentacion.webp","contentUrl":"https:\/\/kadion.com\/wp-content\/uploads\/2025\/12\/1_kadion_producto_madera_presentacion.webp"},{"@type":"BreadcrumbList","@id":"https:\/\/kadion.com\/ca\/mercats\/fusta\/#breadcrumb","itemListElement":[{"@type":"ListItem","position":1,"name":"Portada","item":"https:\/\/kadion.com\/ca\/kadion\/"},{"@type":"ListItem","position":2,"name":"Mercats","item":"https:\/\/kadion.com\/ca\/mercats\/"},{"@type":"ListItem","position":3,"name":"Fusta"}]},{"@type":"WebSite","@id":"https:\/\/kadion.com\/ca\/#website","url":"https:\/\/kadion.com\/ca\/","name":"Kadion","description":"","publisher":{"@id":"https:\/\/kadion.com\/ca\/#organization"},"potentialAction":[{"@type":"SearchAction","target":{"@type":"EntryPoint","urlTemplate":"https:\/\/kadion.com\/ca\/?s={search_term_string}"},"query-input":{"@type":"PropertyValueSpecification","valueRequired":true,"valueName":"search_term_string"}}],"inLanguage":"ca"},{"@type":"Organization","@id":"https:\/\/kadion.com\/ca\/#organization","name":"Distribution of chemical products","url":"https:\/\/kadion.com\/ca\/","logo":{"@type":"ImageObject","inLanguage":"ca","@id":"https:\/\/kadion.com\/ca\/#\/schema\/logo\/image\/","url":"https:\/\/kadion.com\/wp-content\/uploads\/2025\/12\/favicon-kadion.png","contentUrl":"https:\/\/kadion.com\/wp-content\/uploads\/2025\/12\/favicon-kadion.png","width":512,"height":512,"caption":"Distribution of chemical products"},"image":{"@id":"https:\/\/kadion.com\/ca\/#\/schema\/logo\/image\/"}}]}},"_links":{"self":[{"href":"https:\/\/kadion.com\/ca\/wp-json\/wp\/v2\/pages\/15386","targetHints":{"allow":["GET"]}}],"collection":[{"href":"https:\/\/kadion.com\/ca\/wp-json\/wp\/v2\/pages"}],"about":[{"href":"https:\/\/kadion.com\/ca\/wp-json\/wp\/v2\/types\/page"}],"author":[{"embeddable":true,"href":"https:\/\/kadion.com\/ca\/wp-json\/wp\/v2\/users\/1"}],"replies":[{"embeddable":true,"href":"https:\/\/kadion.com\/ca\/wp-json\/wp\/v2\/comments?post=15386"}],"version-history":[{"count":1,"href":"https:\/\/kadion.com\/ca\/wp-json\/wp\/v2\/pages\/15386\/revisions"}],"predecessor-version":[{"id":15387,"href":"https:\/\/kadion.com\/ca\/wp-json\/wp\/v2\/pages\/15386\/revisions\/15387"}],"up":[{"embeddable":true,"href":"https:\/\/kadion.com\/ca\/wp-json\/wp\/v2\/pages\/15218"}],"wp:attachment":[{"href":"https:\/\/kadion.com\/ca\/wp-json\/wp\/v2\/media?parent=15386"}],"curies":[{"name":"wp","href":"https:\/\/api.w.org\/{rel}","templated":true}]}}