{"id":15347,"date":"2025-12-09T09:29:08","date_gmt":"2025-12-09T08:29:08","guid":{"rendered":"https:\/\/kadion.com\/mercats\/agroquimics\/"},"modified":"2025-12-18T15:23:05","modified_gmt":"2025-12-18T14:23:05","slug":"agroquimics","status":"publish","type":"page","link":"https:\/\/kadion.com\/ca\/mercats\/agroquimics\/","title":{"rendered":"Agroqu\u00edmics"},"content":{"rendered":"\t\t<div data-elementor-type=\"wp-page\" data-elementor-id=\"15347\" class=\"elementor elementor-15347 elementor-31\" data-elementor-post-type=\"page\">\n\t\t\t\t<div class=\"elementor-element elementor-element-2e8879a e-flex e-con-boxed e-con e-parent\" data-id=\"2e8879a\" data-element_type=\"container\" data-e-type=\"container\" data-settings=\"{&quot;background_background&quot;:&quot;classic&quot;}\">\n\t\t\t\t\t<div class=\"e-con-inner\">\n\t\t<div class=\"elementor-element elementor-element-77a5645 e-con-full e-flex e-con e-child\" data-id=\"77a5645\" data-element_type=\"container\" data-e-type=\"container\">\n\t\t\t\t<div class=\"elementor-element elementor-element-7356845 elementor-widget elementor-widget-heading\" data-id=\"7356845\" data-element_type=\"widget\" data-e-type=\"widget\" data-widget_type=\"heading.default\">\n\t\t\t\t\t<h1 class=\"elementor-heading-title elementor-size-default\">Agroqu\u00edmics\n<\/h1>\t\t\t\t<\/div>\n\t\t\t\t<div class=\"elementor-element elementor-element-30d3d86 elementor-widget-divider--view-line elementor-widget elementor-widget-divider\" data-id=\"30d3d86\" data-element_type=\"widget\" data-e-type=\"widget\" data-widget_type=\"divider.default\">\n\t\t\t\t\t\t\t<div class=\"elementor-divider\">\n\t\t\t<span class=\"elementor-divider-separator\">\n\t\t\t\t\t\t<\/span>\n\t\t<\/div>\n\t\t\t\t\t\t<\/div>\n\t\t\t\t<\/div>\n\t\t<div class=\"elementor-element elementor-element-eb49355 e-con-full elementor-hidden-mobile e-flex e-con e-child\" data-id=\"eb49355\" data-element_type=\"container\" data-e-type=\"container\">\n\t\t\t\t<\/div>\n\t\t\t\t\t<\/div>\n\t\t\t\t<\/div>\n\t\t<div class=\"elementor-element elementor-element-1fb4913 e-flex e-con-boxed e-con e-parent\" data-id=\"1fb4913\" data-element_type=\"container\" data-e-type=\"container\">\n\t\t\t\t\t<div class=\"e-con-inner\">\n\t\t<div class=\"elementor-element elementor-element-e523a5e e-con-full e-flex e-con e-child\" data-id=\"e523a5e\" data-element_type=\"container\" data-e-type=\"container\">\n\t\t<div class=\"elementor-element elementor-element-e43f023 e-con-full e-flex e-con e-child\" data-id=\"e43f023\" data-element_type=\"container\" data-e-type=\"container\" data-settings=\"{&quot;background_background&quot;:&quot;classic&quot;}\">\n\t\t\t\t<div class=\"elementor-element elementor-element-05d55c2 elementor-widget elementor-widget-text-editor\" data-id=\"05d55c2\" data-element_type=\"widget\" data-e-type=\"widget\" data-widget_type=\"text-editor.default\">\n\t\t\t\t\t\t\t\t\t<p>Les solucions al sector de l\u2019agroqu\u00edmica tampoc no s\u00f3n un repte per a KADION. Treballem amb pigments, pastes pigment\u00e0ries, colorants i antiescumants. <\/p><p>Al sector de l\u2019agroqu\u00edmica, s\u2019usen una gran varietat de productes qu\u00edmics com poden ser fertilitzants, herbicides, pesticides, insecticides, b\u00e0sicament biocides que protegeixen i milloren els productes agr\u00edcoles.<\/p><p>Els nostres pigments i colorants s\u00f3n aplicats a aquests productes per donar-los una coloraci\u00f3 espec\u00edfica i aportar-los un tret diferenciatiu segons on i en qu\u00e8 s\u2019apliquin. En el cas dels antiescumants, aquests s\u00f3n aplicats a formulacions que produeixin una quantitat d\u2019escuma tal, que empitjori les propietats funcionals dels productes agroqu\u00edmics o b\u00e9 que en compliquin l\u2019emmagatzematge o l\u2019aplicaci\u00f3. <\/p>\t\t\t\t\t\t\t\t<\/div>\n\t\t\t\t<\/div>\n\t\t<div class=\"elementor-element elementor-element-8848c69 e-con-full elementor-hidden-tablet elementor-hidden-mobile e-flex e-con e-child\" data-id=\"8848c69\" data-element_type=\"container\" data-e-type=\"container\" data-settings=\"{&quot;background_background&quot;:&quot;classic&quot;}\">\n\t\t\t\t<\/div>\n\t\t\t\t<\/div>\n\t\t\t\t\t<\/div>\n\t\t\t\t<\/div>\n\t\t<div class=\"elementor-element elementor-element-dcb9702 e-flex e-con-boxed e-con e-parent\" data-id=\"dcb9702\" data-element_type=\"container\" data-e-type=\"container\" data-settings=\"{&quot;background_background&quot;:&quot;classic&quot;}\">\n\t\t\t\t\t<div class=\"e-con-inner\">\n\t\t<div class=\"elementor-element elementor-element-6b4d831 e-con-full e-flex e-con e-child\" data-id=\"6b4d831\" data-element_type=\"container\" data-e-type=\"container\">\n\t\t<div class=\"elementor-element elementor-element-8545ec6 e-con-full e-flex e-con e-child\" data-id=\"8545ec6\" data-element_type=\"container\" data-e-type=\"container\">\n\t\t\t\t<div class=\"elementor-element elementor-element-0b02f9c elementor-widget elementor-widget-heading\" data-id=\"0b02f9c\" data-element_type=\"widget\" data-e-type=\"widget\" data-widget_type=\"heading.default\">\n\t\t\t\t\t<h2 class=\"elementor-heading-title elementor-size-default\">Llistat de productes disponibles<\/h2>\t\t\t\t<\/div>\n\t\t\t\t<div class=\"elementor-element elementor-element-07fd8b1 elementor-align-center elementor-widget elementor-widget-button\" data-id=\"07fd8b1\" data-element_type=\"widget\" data-e-type=\"widget\" data-widget_type=\"button.default\">\n\t\t\t\t\t\t\t\t\t\t<a class=\"elementor-button elementor-button-link elementor-size-sm\" href=\"https:\/\/kadion.com\/ca\/llista-de-productes\/\">\n\t\t\t\t\t\t<span class=\"elementor-button-content-wrapper\">\n\t\t\t\t\t\t\t\t\t<span class=\"elementor-button-text\">CERCAR<\/span>\n\t\t\t\t\t<\/span>\n\t\t\t\t\t<\/a>\n\t\t\t\t\t\t\t\t<\/div>\n\t\t\t\t<\/div>\n\t\t\t\t<\/div>\n\t\t\t\t\t<\/div>\n\t\t\t\t<\/div>\n\t\t<div class=\"elementor-element elementor-element-48ca861 e-flex e-con-boxed e-con e-parent\" data-id=\"48ca861\" data-element_type=\"container\" data-e-type=\"container\">\n\t\t\t\t\t<div class=\"e-con-inner\">\n\t\t<div class=\"elementor-element elementor-element-28ee806 e-con-full e-flex e-con e-child\" data-id=\"28ee806\" data-element_type=\"container\" data-e-type=\"container\">\n\t\t\t\t<div class=\"elementor-element elementor-element-1a2f10f elementor-widget elementor-widget-text-editor\" data-id=\"1a2f10f\" data-element_type=\"widget\" data-e-type=\"widget\" data-widget_type=\"text-editor.default\">\n\t\t\t\t\t\t\t\t\t<p>Els nostres productes es caracteritzen per passar estrictes controls de seguretat per garantir-ne la qualitat, a m\u00e9s de comptar amb totes les certificacions necess\u00e0ries.<\/p><p>A KADION Comptem amb ampli cat\u00e0leg de productes, i treballem en estreta col\u00b7laboraci\u00f3 amb fabricants i clients, buscant els productes que cobreixin les necessitats de cada projecte.<\/p>\t\t\t\t\t\t\t\t<\/div>\n\t\t\t\t<\/div>\n\t\t<div class=\"elementor-element elementor-element-a612152 e-con-full e-flex e-con e-child\" data-id=\"a612152\" data-element_type=\"container\" data-e-type=\"container\">\n\t\t\t\t<div class=\"elementor-element elementor-element-6c8199a elementor-widget elementor-widget-image\" data-id=\"6c8199a\" data-element_type=\"widget\" data-e-type=\"widget\" data-widget_type=\"image.default\">\n\t\t\t\t\t\t\t\t\t\t\t\t\t\t\t<img fetchpriority=\"high\" decoding=\"async\" width=\"800\" height=\"533\" src=\"https:\/\/kadion.com\/wp-content\/uploads\/2025\/12\/2-kadion_producto_Agroquimicas_calidad.webp\" class=\"attachment-large size-large wp-image-15346\" alt=\"\" srcset=\"https:\/\/kadion.com\/wp-content\/uploads\/2025\/12\/2-kadion_producto_Agroquimicas_calidad.webp 827w, https:\/\/kadion.com\/wp-content\/uploads\/2025\/12\/2-kadion_producto_Agroquimicas_calidad-300x200.webp 300w, https:\/\/kadion.com\/wp-content\/uploads\/2025\/12\/2-kadion_producto_Agroquimicas_calidad-768x512.webp 768w\" sizes=\"(max-width: 800px) 100vw, 800px\" \/>\t\t\t\t\t\t\t\t\t\t\t\t\t\t\t<\/div>\n\t\t\t\t<\/div>\n\t\t\t\t\t<\/div>\n\t\t\t\t<\/div>\n\t\t<div class=\"elementor-element elementor-element-cfd87d4 e-flex e-con-boxed e-con e-parent\" data-id=\"cfd87d4\" data-element_type=\"container\" data-e-type=\"container\" data-settings=\"{&quot;background_background&quot;:&quot;classic&quot;}\">\n\t\t\t\t\t<div class=\"e-con-inner\">\n\t\t\t\t<div class=\"elementor-element elementor-element-bced135 elementor-widget elementor-widget-heading\" data-id=\"bced135\" data-element_type=\"widget\" data-e-type=\"widget\" data-widget_type=\"heading.default\">\n\t\t\t\t\t<h2 class=\"elementor-heading-title elementor-size-default\">Vols m\u00e9s informaci\u00f3?<\/h2>\t\t\t\t<\/div>\n\t\t\t\t<div class=\"elementor-element elementor-element-4b5a810 elementor-button-align-stretch elementor-widget elementor-widget-form\" data-id=\"4b5a810\" data-element_type=\"widget\" data-e-type=\"widget\" data-settings=\"{&quot;step_next_label&quot;:&quot;Seg\\u00fcent&quot;,&quot;step_previous_label&quot;:&quot;Anterior&quot;,&quot;button_width&quot;:&quot;100&quot;,&quot;step_type&quot;:&quot;number_text&quot;,&quot;step_icon_shape&quot;:&quot;circle&quot;}\" data-widget_type=\"form.default\">\n\t\t\t\t\t\t\t<form class=\"elementor-form\" method=\"post\" name=\"Formulario Agroqu\u00edmicos\" aria-label=\"Formulario Agroqu\u00edmicos\">\n\t\t\t<input type=\"hidden\" name=\"post_id\" value=\"15347\"\/>\n\t\t\t<input type=\"hidden\" name=\"form_id\" value=\"4b5a810\"\/>\n\t\t\t<input type=\"hidden\" name=\"referer_title\" value=\"Kadion | Solucions qu\u00edmiques per a agroqu\u00edmics\" \/>\n\n\t\t\t\t\t\t\t<input type=\"hidden\" name=\"queried_id\" value=\"15347\"\/>\n\t\t\t\n\t\t\t<div class=\"elementor-form-fields-wrapper elementor-labels-above\">\n\t\t\t\t\t\t\t\t<div class=\"elementor-field-type-text elementor-field-group elementor-column elementor-field-group-name elementor-col-50 elementor-field-required\">\n\t\t\t\t\t\t\t\t\t\t\t\t<label for=\"form-field-name\" class=\"elementor-field-label\">\n\t\t\t\t\t\t\t\tEl teu nom\t\t\t\t\t\t\t<\/label>\n\t\t\t\t\t\t\t\t\t\t\t\t\t\t<input size=\"1\" type=\"text\" name=\"form_fields[name]\" id=\"form-field-name\" class=\"elementor-field elementor-size-sm  elementor-field-textual\" required=\"required\">\n\t\t\t\t\t\t\t\t\t\t\t<\/div>\n\t\t\t\t\t\t\t\t<div class=\"elementor-field-type-text elementor-field-group elementor-column elementor-field-group-apellidos elementor-col-50 elementor-field-required\">\n\t\t\t\t\t\t\t\t\t\t\t\t<label for=\"form-field-apellidos\" class=\"elementor-field-label\">\n\t\t\t\t\t\t\t\tCognoms\t\t\t\t\t\t\t<\/label>\n\t\t\t\t\t\t\t\t\t\t\t\t\t\t<input size=\"1\" type=\"text\" name=\"form_fields[apellidos]\" id=\"form-field-apellidos\" class=\"elementor-field elementor-size-sm  elementor-field-textual\" required=\"required\">\n\t\t\t\t\t\t\t\t\t\t\t<\/div>\n\t\t\t\t\t\t\t\t<div class=\"elementor-field-type-email elementor-field-group elementor-column elementor-field-group-email elementor-col-50 elementor-field-required\">\n\t\t\t\t\t\t\t\t\t\t\t\t<label for=\"form-field-email\" class=\"elementor-field-label\">\n\t\t\t\t\t\t\t\tEmail\t\t\t\t\t\t\t<\/label>\n\t\t\t\t\t\t\t\t\t\t\t\t\t\t<input size=\"1\" type=\"email\" name=\"form_fields[email]\" id=\"form-field-email\" class=\"elementor-field elementor-size-sm  elementor-field-textual\" required=\"required\">\n\t\t\t\t\t\t\t\t\t\t\t<\/div>\n\t\t\t\t\t\t\t\t<div class=\"elementor-field-type-tel elementor-field-group elementor-column elementor-field-group-tel elementor-col-50 elementor-field-required\">\n\t\t\t\t\t\t\t\t\t\t\t\t<label for=\"form-field-tel\" class=\"elementor-field-label\">\n\t\t\t\t\t\t\t\tTel\u00e8fon\t\t\t\t\t\t\t<\/label>\n\t\t\t\t\t\t\t\t<input size=\"1\" type=\"tel\" name=\"form_fields[tel]\" id=\"form-field-tel\" class=\"elementor-field elementor-size-sm  elementor-field-textual\" required=\"required\" pattern=\"[0-9()#&amp;+*-=.]+\" title=\"Only numbers and phone characters (#, -, *, etc) are accepted.\">\n\n\t\t\t\t\t\t<\/div>\n\t\t\t\t\t\t\t\t<div class=\"elementor-field-type-text elementor-field-group elementor-column elementor-field-group-empresa elementor-col-50 elementor-field-required\">\n\t\t\t\t\t\t\t\t\t\t\t\t<label for=\"form-field-empresa\" class=\"elementor-field-label\">\n\t\t\t\t\t\t\t\tEmpresa\t\t\t\t\t\t\t<\/label>\n\t\t\t\t\t\t\t\t\t\t\t\t\t\t<input size=\"1\" type=\"text\" name=\"form_fields[empresa]\" id=\"form-field-empresa\" class=\"elementor-field elementor-size-sm  elementor-field-textual\" required=\"required\">\n\t\t\t\t\t\t\t\t\t\t\t<\/div>\n\t\t\t\t\t\t\t\t<div class=\"elementor-field-type-select elementor-field-group elementor-column elementor-field-group-asunto elementor-col-50 elementor-field-required\">\n\t\t\t\t\t\t\t\t\t\t\t\t<label for=\"form-field-asunto\" class=\"elementor-field-label\">\n\t\t\t\t\t\t\t\tAssumpte\t\t\t\t\t\t\t<\/label>\n\t\t\t\t\t\t\t\t<div class=\"elementor-field elementor-select-wrapper remove-before \">\n\t\t\t<div class=\"select-caret-down-wrapper\">\n\t\t\t\t<svg aria-hidden=\"true\" class=\"e-font-icon-svg e-eicon-caret-down\" viewBox=\"0 0 571.4 571.4\" xmlns=\"http:\/\/www.w3.org\/2000\/svg\"><path d=\"M571 393Q571 407 561 418L311 668Q300 679 286 679T261 668L11 418Q0 407 0 393T11 368 36 357H536Q550 357 561 368T571 393Z\"><\/path><\/svg>\t\t\t<\/div>\n\t\t\t<select name=\"form_fields[asunto]\" id=\"form-field-asunto\" class=\"elementor-field-textual elementor-size-sm\" required=\"required\">\n\t\t\t\t\t\t\t\t\t<option value=\"Demana una cotitzaci\u00f3\">Demana una cotitzaci\u00f3<\/option>\n\t\t\t\t\t\t\t\t\t<option value=\" Vull que em truqui un comercial \"> Vull que em truqui un comercial <\/option>\n\t\t\t\t\t\t\t\t\t<option value=\"Sol\u00b7licitar una mostra \">Sol\u00b7licitar una mostra <\/option>\n\t\t\t\t\t\t\t\t\t<option value=\"M\u00e9s informaci\u00f3\">M\u00e9s informaci\u00f3<\/option>\n\t\t\t\t\t\t\t<\/select>\n\t\t<\/div>\n\t\t\t\t\t\t<\/div>\n\t\t\t\t\t\t\t\t<div class=\"elementor-field-type-textarea elementor-field-group elementor-column elementor-field-group-message elementor-col-100\">\n\t\t\t\t\t\t\t\t\t\t\t\t<label for=\"form-field-message\" class=\"elementor-field-label\">\n\t\t\t\t\t\t\t\tEl teu missatge\t\t\t\t\t\t\t<\/label>\n\t\t\t\t\t\t<textarea class=\"elementor-field-textual elementor-field  elementor-size-sm\" name=\"form_fields[message]\" id=\"form-field-message\" rows=\"4\"><\/textarea>\t\t\t\t<\/div>\n\t\t\t\t\t\t\t\t<div class=\"elementor-field-type-acceptance elementor-field-group elementor-column elementor-field-group-field_c2f3ea2 elementor-col-100 elementor-field-required\">\n\t\t\t\t\t\t\t<div class=\"elementor-field-subgroup\">\n\t\t\t<span class=\"elementor-field-option\">\n\t\t\t\t<input type=\"checkbox\" name=\"form_fields[field_c2f3ea2]\" id=\"form-field-field_c2f3ea2\" class=\"elementor-field elementor-size-sm  elementor-acceptance-field\" required=\"required\">\n\t\t\t\t<label for=\"form-field-field_c2f3ea2\">He llegit i accepto la <a href=\"https:\/\/kadion.com\/ca\/politica-de-privacitat\/\">Pol\u00edtica de Privadesa<\/a> de kadion.<\/label>\t\t\t<\/span>\n\t\t<\/div>\n\t\t\t\t\t\t<\/div>\n\t\t\t\t\t\t\t\t<div class=\"elementor-field-type-recaptcha_v3 elementor-field-group elementor-column elementor-field-group-field_f2db3a8 elementor-col-100 recaptcha_v3-bottomright\">\n\t\t\t\t\t<div class=\"elementor-field\" id=\"form-field-field_f2db3a8\"><div class=\"elementor-g-recaptcha\" data-sitekey=\"6Lc3fC4sAAAAAM9j76-G2uJ1B99i1Oyaakdh6T0b\" data-type=\"v3\" data-action=\"Form\" data-badge=\"bottomright\" data-size=\"invisible\"><\/div><\/div>\t\t\t\t<\/div>\n\t\t\t\t\t\t\t\t<div class=\"elementor-field-type-text\">\n\t\t\t\t\t<input size=\"1\" type=\"text\" name=\"form_fields[field_e91f0c0]\" id=\"form-field-field_e91f0c0\" class=\"elementor-field elementor-size-sm \" style=\"display:none !important;\">\t\t\t\t<\/div>\n\t\t\t\t\t\t\t\t<div class=\"elementor-field-group elementor-column elementor-field-type-submit elementor-col-100 e-form__buttons\">\n\t\t\t\t\t<button class=\"elementor-button elementor-size-sm\" type=\"submit\">\n\t\t\t\t\t\t<span class=\"elementor-button-content-wrapper\">\n\t\t\t\t\t\t\t\t\t\t\t\t\t\t\t\t\t\t\t\t\t\t<span class=\"elementor-button-text\">Enviar<\/span>\n\t\t\t\t\t\t\t\t\t\t\t\t\t<\/span>\n\t\t\t\t\t<\/button>\n\t\t\t\t<\/div>\n\t\t\t<\/div>\n\t\t<\/form>\n\t\t\t\t\t\t<\/div>\n\t\t\t\t\t<\/div>\n\t\t\t\t<\/div>\n\t\t\t\t<\/div>\n\t\t","protected":false},"excerpt":{"rendered":"<p>Agroqu\u00edmics Les solucions al sector de l\u2019agroqu\u00edmica tampoc no s\u00f3n un repte per a KADION. Treballem amb pigments, pastes pigment\u00e0ries, colorants i antiescumants. Al sector de l\u2019agroqu\u00edmica, s\u2019usen una gran varietat de productes qu\u00edmics com poden ser fertilitzants, herbicides, pesticides, insecticides, b\u00e0sicament biocides que protegeixen i milloren els productes agr\u00edcoles. Els nostres pigments i colorants [&hellip;]<\/p>\n","protected":false},"author":1,"featured_media":0,"parent":15218,"menu_order":0,"comment_status":"closed","ping_status":"closed","template":"elementor_header_footer","meta":{"_acf_changed":false,"footnotes":""},"class_list":["post-15347","page","type-page","status-publish","hentry"],"acf":[],"yoast_head":"<!-- This site is optimized with the Yoast SEO plugin v26.9 - https:\/\/yoast.com\/product\/yoast-seo-wordpress\/ -->\n<title>Kadion | Solucions qu\u00edmiques per a agroqu\u00edmics<\/title>\n<meta name=\"description\" content=\"Solucions qu\u00edmiques per a agroqu\u00edmics: pigments, colorants i additius per a formulacions agr\u00edcoles i aplicacions t\u00e8cniques.\" \/>\n<meta name=\"robots\" content=\"index, follow, max-snippet:-1, max-image-preview:large, max-video-preview:-1\" \/>\n<link rel=\"canonical\" href=\"https:\/\/kadion.com\/ca\/mercats\/agroquimics\/\" \/>\n<meta property=\"og:locale\" content=\"ca_ES\" \/>\n<meta property=\"og:type\" content=\"article\" \/>\n<meta property=\"og:title\" content=\"Kadion | Solucions qu\u00edmiques per a agroqu\u00edmics\" \/>\n<meta property=\"og:description\" content=\"Solucions qu\u00edmiques per a agroqu\u00edmics: pigments, colorants i additius per a formulacions agr\u00edcoles i aplicacions t\u00e8cniques.\" \/>\n<meta property=\"og:url\" content=\"https:\/\/kadion.com\/ca\/mercats\/agroquimics\/\" \/>\n<meta property=\"og:site_name\" content=\"Kadion\" \/>\n<meta property=\"article:modified_time\" content=\"2025-12-18T14:23:05+00:00\" \/>\n<meta property=\"og:image\" content=\"https:\/\/kadion.com\/wp-content\/uploads\/2025\/12\/2-kadion_producto_Agroquimicas_calidad.webp\" \/>\n\t<meta property=\"og:image:width\" content=\"827\" \/>\n\t<meta property=\"og:image:height\" content=\"551\" \/>\n\t<meta property=\"og:image:type\" content=\"image\/webp\" \/>\n<meta name=\"twitter:card\" content=\"summary_large_image\" \/>\n<meta name=\"twitter:label1\" content=\"Temps estimat de lectura\" \/>\n\t<meta name=\"twitter:data1\" content=\"1 minut\" \/>\n<script type=\"application\/ld+json\" class=\"yoast-schema-graph\">{\"@context\":\"https:\/\/schema.org\",\"@graph\":[{\"@type\":\"WebPage\",\"@id\":\"https:\/\/kadion.com\/ca\/mercats\/agroquimics\/\",\"url\":\"https:\/\/kadion.com\/ca\/mercats\/agroquimics\/\",\"name\":\"Kadion | Solucions qu\u00edmiques per a agroqu\u00edmics\",\"isPartOf\":{\"@id\":\"https:\/\/kadion.com\/ca\/#website\"},\"primaryImageOfPage\":{\"@id\":\"https:\/\/kadion.com\/ca\/mercats\/agroquimics\/#primaryimage\"},\"image\":{\"@id\":\"https:\/\/kadion.com\/ca\/mercats\/agroquimics\/#primaryimage\"},\"thumbnailUrl\":\"https:\/\/kadion.com\/wp-content\/uploads\/2025\/12\/2-kadion_producto_Agroquimicas_calidad.webp\",\"datePublished\":\"2025-12-09T08:29:08+00:00\",\"dateModified\":\"2025-12-18T14:23:05+00:00\",\"description\":\"Solucions qu\u00edmiques per a agroqu\u00edmics: pigments, colorants i additius per a formulacions agr\u00edcoles i aplicacions t\u00e8cniques.\",\"breadcrumb\":{\"@id\":\"https:\/\/kadion.com\/ca\/mercats\/agroquimics\/#breadcrumb\"},\"inLanguage\":\"ca\",\"potentialAction\":[{\"@type\":\"ReadAction\",\"target\":[\"https:\/\/kadion.com\/ca\/mercats\/agroquimics\/\"]}]},{\"@type\":\"ImageObject\",\"inLanguage\":\"ca\",\"@id\":\"https:\/\/kadion.com\/ca\/mercats\/agroquimics\/#primaryimage\",\"url\":\"https:\/\/kadion.com\/wp-content\/uploads\/2025\/12\/2-kadion_producto_Agroquimicas_calidad.webp\",\"contentUrl\":\"https:\/\/kadion.com\/wp-content\/uploads\/2025\/12\/2-kadion_producto_Agroquimicas_calidad.webp\"},{\"@type\":\"BreadcrumbList\",\"@id\":\"https:\/\/kadion.com\/ca\/mercats\/agroquimics\/#breadcrumb\",\"itemListElement\":[{\"@type\":\"ListItem\",\"position\":1,\"name\":\"Portada\",\"item\":\"https:\/\/kadion.com\/ca\/kadion\/\"},{\"@type\":\"ListItem\",\"position\":2,\"name\":\"Mercats\",\"item\":\"https:\/\/kadion.com\/ca\/mercats\/\"},{\"@type\":\"ListItem\",\"position\":3,\"name\":\"Agroqu\u00edmics\"}]},{\"@type\":\"WebSite\",\"@id\":\"https:\/\/kadion.com\/ca\/#website\",\"url\":\"https:\/\/kadion.com\/ca\/\",\"name\":\"Kadion\",\"description\":\"\",\"publisher\":{\"@id\":\"https:\/\/kadion.com\/ca\/#organization\"},\"potentialAction\":[{\"@type\":\"SearchAction\",\"target\":{\"@type\":\"EntryPoint\",\"urlTemplate\":\"https:\/\/kadion.com\/ca\/?s={search_term_string}\"},\"query-input\":{\"@type\":\"PropertyValueSpecification\",\"valueRequired\":true,\"valueName\":\"search_term_string\"}}],\"inLanguage\":\"ca\"},{\"@type\":\"Organization\",\"@id\":\"https:\/\/kadion.com\/ca\/#organization\",\"name\":\"Distribution of chemical products\",\"url\":\"https:\/\/kadion.com\/ca\/\",\"logo\":{\"@type\":\"ImageObject\",\"inLanguage\":\"ca\",\"@id\":\"https:\/\/kadion.com\/ca\/#\/schema\/logo\/image\/\",\"url\":\"https:\/\/kadion.com\/wp-content\/uploads\/2025\/12\/favicon-kadion.png\",\"contentUrl\":\"https:\/\/kadion.com\/wp-content\/uploads\/2025\/12\/favicon-kadion.png\",\"width\":512,\"height\":512,\"caption\":\"Distribution of chemical products\"},\"image\":{\"@id\":\"https:\/\/kadion.com\/ca\/#\/schema\/logo\/image\/\"}}]}<\/script>\n<!-- \/ Yoast SEO plugin. -->","yoast_head_json":{"title":"Kadion | Solucions qu\u00edmiques per a agroqu\u00edmics","description":"Solucions qu\u00edmiques per a agroqu\u00edmics: pigments, colorants i additius per a formulacions agr\u00edcoles i aplicacions t\u00e8cniques.","robots":{"index":"index","follow":"follow","max-snippet":"max-snippet:-1","max-image-preview":"max-image-preview:large","max-video-preview":"max-video-preview:-1"},"canonical":"https:\/\/kadion.com\/ca\/mercats\/agroquimics\/","og_locale":"ca_ES","og_type":"article","og_title":"Kadion | Solucions qu\u00edmiques per a agroqu\u00edmics","og_description":"Solucions qu\u00edmiques per a agroqu\u00edmics: pigments, colorants i additius per a formulacions agr\u00edcoles i aplicacions t\u00e8cniques.","og_url":"https:\/\/kadion.com\/ca\/mercats\/agroquimics\/","og_site_name":"Kadion","article_modified_time":"2025-12-18T14:23:05+00:00","og_image":[{"width":827,"height":551,"url":"https:\/\/kadion.com\/wp-content\/uploads\/2025\/12\/2-kadion_producto_Agroquimicas_calidad.webp","type":"image\/webp"}],"twitter_card":"summary_large_image","twitter_misc":{"Temps estimat de lectura":"1 minut"},"schema":{"@context":"https:\/\/schema.org","@graph":[{"@type":"WebPage","@id":"https:\/\/kadion.com\/ca\/mercats\/agroquimics\/","url":"https:\/\/kadion.com\/ca\/mercats\/agroquimics\/","name":"Kadion | Solucions qu\u00edmiques per a agroqu\u00edmics","isPartOf":{"@id":"https:\/\/kadion.com\/ca\/#website"},"primaryImageOfPage":{"@id":"https:\/\/kadion.com\/ca\/mercats\/agroquimics\/#primaryimage"},"image":{"@id":"https:\/\/kadion.com\/ca\/mercats\/agroquimics\/#primaryimage"},"thumbnailUrl":"https:\/\/kadion.com\/wp-content\/uploads\/2025\/12\/2-kadion_producto_Agroquimicas_calidad.webp","datePublished":"2025-12-09T08:29:08+00:00","dateModified":"2025-12-18T14:23:05+00:00","description":"Solucions qu\u00edmiques per a agroqu\u00edmics: pigments, colorants i additius per a formulacions agr\u00edcoles i aplicacions t\u00e8cniques.","breadcrumb":{"@id":"https:\/\/kadion.com\/ca\/mercats\/agroquimics\/#breadcrumb"},"inLanguage":"ca","potentialAction":[{"@type":"ReadAction","target":["https:\/\/kadion.com\/ca\/mercats\/agroquimics\/"]}]},{"@type":"ImageObject","inLanguage":"ca","@id":"https:\/\/kadion.com\/ca\/mercats\/agroquimics\/#primaryimage","url":"https:\/\/kadion.com\/wp-content\/uploads\/2025\/12\/2-kadion_producto_Agroquimicas_calidad.webp","contentUrl":"https:\/\/kadion.com\/wp-content\/uploads\/2025\/12\/2-kadion_producto_Agroquimicas_calidad.webp"},{"@type":"BreadcrumbList","@id":"https:\/\/kadion.com\/ca\/mercats\/agroquimics\/#breadcrumb","itemListElement":[{"@type":"ListItem","position":1,"name":"Portada","item":"https:\/\/kadion.com\/ca\/kadion\/"},{"@type":"ListItem","position":2,"name":"Mercats","item":"https:\/\/kadion.com\/ca\/mercats\/"},{"@type":"ListItem","position":3,"name":"Agroqu\u00edmics"}]},{"@type":"WebSite","@id":"https:\/\/kadion.com\/ca\/#website","url":"https:\/\/kadion.com\/ca\/","name":"Kadion","description":"","publisher":{"@id":"https:\/\/kadion.com\/ca\/#organization"},"potentialAction":[{"@type":"SearchAction","target":{"@type":"EntryPoint","urlTemplate":"https:\/\/kadion.com\/ca\/?s={search_term_string}"},"query-input":{"@type":"PropertyValueSpecification","valueRequired":true,"valueName":"search_term_string"}}],"inLanguage":"ca"},{"@type":"Organization","@id":"https:\/\/kadion.com\/ca\/#organization","name":"Distribution of chemical products","url":"https:\/\/kadion.com\/ca\/","logo":{"@type":"ImageObject","inLanguage":"ca","@id":"https:\/\/kadion.com\/ca\/#\/schema\/logo\/image\/","url":"https:\/\/kadion.com\/wp-content\/uploads\/2025\/12\/favicon-kadion.png","contentUrl":"https:\/\/kadion.com\/wp-content\/uploads\/2025\/12\/favicon-kadion.png","width":512,"height":512,"caption":"Distribution of chemical products"},"image":{"@id":"https:\/\/kadion.com\/ca\/#\/schema\/logo\/image\/"}}]}},"_links":{"self":[{"href":"https:\/\/kadion.com\/ca\/wp-json\/wp\/v2\/pages\/15347","targetHints":{"allow":["GET"]}}],"collection":[{"href":"https:\/\/kadion.com\/ca\/wp-json\/wp\/v2\/pages"}],"about":[{"href":"https:\/\/kadion.com\/ca\/wp-json\/wp\/v2\/types\/page"}],"author":[{"embeddable":true,"href":"https:\/\/kadion.com\/ca\/wp-json\/wp\/v2\/users\/1"}],"replies":[{"embeddable":true,"href":"https:\/\/kadion.com\/ca\/wp-json\/wp\/v2\/comments?post=15347"}],"version-history":[{"count":1,"href":"https:\/\/kadion.com\/ca\/wp-json\/wp\/v2\/pages\/15347\/revisions"}],"predecessor-version":[{"id":15348,"href":"https:\/\/kadion.com\/ca\/wp-json\/wp\/v2\/pages\/15347\/revisions\/15348"}],"up":[{"embeddable":true,"href":"https:\/\/kadion.com\/ca\/wp-json\/wp\/v2\/pages\/15218"}],"wp:attachment":[{"href":"https:\/\/kadion.com\/ca\/wp-json\/wp\/v2\/media?parent=15347"}],"curies":[{"name":"wp","href":"https:\/\/api.w.org\/{rel}","templated":true}]}}