{"id":15316,"date":"2025-12-09T09:16:51","date_gmt":"2025-12-09T08:16:51","guid":{"rendered":"https:\/\/kadion.com\/avis-legal\/"},"modified":"2025-12-15T11:00:56","modified_gmt":"2025-12-15T10:00:56","slug":"avis-legal","status":"publish","type":"page","link":"https:\/\/kadion.com\/ca\/avis-legal\/","title":{"rendered":"Av\u00eds Legal"},"content":{"rendered":"\t\t<div data-elementor-type=\"wp-page\" data-elementor-id=\"15316\" class=\"elementor elementor-15316 elementor-18\" data-elementor-post-type=\"page\">\n\t\t\t\t<div class=\"elementor-element elementor-element-8bf1122 e-flex e-con-boxed e-con e-parent\" data-id=\"8bf1122\" data-element_type=\"container\" data-e-type=\"container\" data-settings=\"{&quot;background_background&quot;:&quot;classic&quot;}\">\n\t\t\t\t\t<div class=\"e-con-inner\">\n\t\t<div class=\"elementor-element elementor-element-4f20554 e-con-full e-flex e-con e-child\" data-id=\"4f20554\" data-element_type=\"container\" data-e-type=\"container\">\n\t\t\t\t<div class=\"elementor-element elementor-element-c3cfda0 elementor-widget elementor-widget-heading\" data-id=\"c3cfda0\" data-element_type=\"widget\" data-e-type=\"widget\" data-widget_type=\"heading.default\">\n\t\t\t\t\t<h1 class=\"elementor-heading-title elementor-size-default\">Av\u00eds legal<\/h1>\t\t\t\t<\/div>\n\t\t\t\t<div class=\"elementor-element elementor-element-2eca734 elementor-widget-divider--view-line elementor-widget elementor-widget-divider\" data-id=\"2eca734\" data-element_type=\"widget\" data-e-type=\"widget\" data-widget_type=\"divider.default\">\n\t\t\t\t\t\t\t<div class=\"elementor-divider\">\n\t\t\t<span class=\"elementor-divider-separator\">\n\t\t\t\t\t\t<\/span>\n\t\t<\/div>\n\t\t\t\t\t\t<\/div>\n\t\t\t\t<\/div>\n\t\t<div class=\"elementor-element elementor-element-f54e643 e-con-full elementor-hidden-mobile e-flex e-con e-child\" data-id=\"f54e643\" data-element_type=\"container\" data-e-type=\"container\">\n\t\t\t\t<\/div>\n\t\t\t\t\t<\/div>\n\t\t\t\t<\/div>\n\t\t<div class=\"elementor-element elementor-element-464e325 e-flex e-con-boxed e-con e-parent\" data-id=\"464e325\" data-element_type=\"container\" data-e-type=\"container\">\n\t\t\t\t\t<div class=\"e-con-inner\">\n\t\t\t\t<div class=\"elementor-element elementor-element-851398b elementor-widget elementor-widget-text-editor\" data-id=\"851398b\" data-element_type=\"widget\" data-e-type=\"widget\" data-widget_type=\"text-editor.default\">\n\t\t\t\t\t\t\t\t\t<p>CONDICIONS D\u2019\u00daS DEL LLOC WEB DE KADION ESPECIALIDADES QU\u00cdMICAS, SL KADION ESPECIALIDADES QU\u00cdMICAS, SL<\/p><p>KADION ESPECIALIDADES QU\u00cdMICAS, SL, camb domicili social al carrer Can R\u00e0bia, N\u00ba 15, 08017 de Barcelona, Espanya i C.I.F. n\u00famero B-61502001, Tel\u00e8fon: +34 934 809 181. E-Mail: <a href=\"mailto:contact@kadion.com\">contact@kadion.com<\/a> <\/p>\t\t\t\t\t\t\t\t<\/div>\n\t\t\t\t<div class=\"elementor-element elementor-element-aaf6b15 elementor-widget elementor-widget-text-editor\" data-id=\"aaf6b15\" data-element_type=\"widget\" data-e-type=\"widget\" data-widget_type=\"text-editor.default\">\n\t\t\t\t\t\t\t\t\t<h2>I. General<\/h2><ol><li>KADION ESPECIALIDADES QU\u00cdMICAS, SL es el titular de la web www.kadion.com, i informa que l\u2019\u00fas d\u2019aquesta Web, aix\u00ed com el de tots els continguts que s\u2019ofereixen est\u00e0 subjecte a les presents Condicions generals d\u2019\u00fas.<\/li><li>L\u2019\u00fas del lloc Web \u00e9s gratu\u00eft i atribueix autom\u00e0ticament la condici\u00f3 d\u2019usuari, implicant la plena acceptaci\u00f3 d\u2019aquestes condicions generals. Aquestes Condicions Generals, aix\u00ed com les seves modificacions o altres avisos legals estaran disponibles a la Web i s\u2019entendran vigents des de la seva publicaci\u00f3. <\/li><li>Determinats Serveis o Continguts oferts a la Web poden estar subjectes a \u201cCondicions Particulars\u201d, tamb\u00e9 posades a disposici\u00f3 de l\u2019Usuari, les quals podran complementar o substituir aquestes Condicions Generals pel que fa a l\u2019\u00fas del servei concret a qu\u00e8 es refereixin.<\/li><\/ol>\t\t\t\t\t\t\t\t<\/div>\n\t\t\t\t<div class=\"elementor-element elementor-element-df97f9b elementor-widget elementor-widget-text-editor\" data-id=\"df97f9b\" data-element_type=\"widget\" data-e-type=\"widget\" data-widget_type=\"text-editor.default\">\n\t\t\t\t\t\t\t\t\t<h2>II. Contingut <\/h2>\n<ol>\n \t<li>La Web ofereix articles, informes, e informaci\u00f3 i altres continguts realitzats per KADION ESPECIALIDADES QU\u00cdMICAS, SL amb finalitats exclusivament informatives. S\u2019informa a l\u2019usuari que aquests continguts poden no reflectir l\u2019estat legislatiu o jurisprudencial m\u00e9s recent, podent KADION ESPECIALIDADES QU\u00cdMICAS, SL modificar-los, suprimir-los, desenvolupar-los o actualitzar-los unilateralment sense notificaci\u00f3 pr\u00e8via i sense assumir cap responsabilitat. <\/li>\n \t<li>Els continguts de la web no poden ser considerats, en cap cas, com a substitutius de l\u2019assessorament legal o d\u2019una altra naturalesa. L\u2019acc\u00e9s als mateixos \u00e9s lliure i no implica cap relaci\u00f3 entre assessor i client, ni qualsevol altre tipus de relaci\u00f3 de confian\u00e7a o professional entre KADION ESPECIALIDADES QU\u00cdMICAS, SL i l\u2019Usuari de la Web. L\u2019usuari no ha d\u2019actuar sobre la base de la informaci\u00f3 continguda a la web, sense rec\u00f3rrer pr\u00e8viament al corresponent assessorament professional.  <\/li>\n \t<li>Els enlla\u00e7os d\u2019hipertext que cont\u00e9 la Web a altres webs s\u00f3n inclosos per considerar-los interessants per a l\u2019Usuari. KADION ESPECIALIDADES QU\u00cdMICAS, SL no t\u00e9 control sobre aquestes webs, per la qual cosa no respon dels seus serveis, continguts ni de l\u2019estat de les mateixes. <\/li>\n \t<li>Amb car\u00e0cter merament enunciatiu, l\u2019Usuari d\u2019acord amb la legislaci\u00f3 vigent s\u2019haur\u00e0 d\u2019abstenir de:<\/li>\n<\/ol>\n<ul>\n \t\n<ul>\n \t<li>Reproduir, copiar, distribuir, posar a disposici\u00f3, comunicar p\u00fablicament, transformar o modificar els continguts, excepte en els casos autoritzats a la llei o expressament consentits per KADION ESPECIALIDADES QU\u00cdMICAS, SL o per qui ostenti la titularitat dels drets d\u2019explotaci\u00f3, en el seu cas.<\/li>\n \t<li>Reproduir o copiar per a \u00fas privat els continguts que puguin ser considerats com a programari o base de dades, de conformitat amb la legislaci\u00f3 vigent en mat\u00e8ria de propietat intel\u00b7lectual, aix\u00ed com la seva comunicaci\u00f3 p\u00fablica o posada a disposici\u00f3 de tercers quan aquests actes impliquin necess\u00e0riament la reproducci\u00f3 per part de l\u2019usuari o d\u2019un tercer.<\/li>\n \t<li>Extreure i\/o reutilitzar la totalitat o una part substancial dels continguts integrants de la web, aix\u00ed com de les bases de dades que KADION ESPECIALIDADES QU\u00cdMICAS, SL posi a disposici\u00f3 dels usuaris.<\/li>\n<\/ul>\n<\/li>\n<\/ul>\t\t\t\t\t\t\t\t<\/div>\n\t\t\t\t<div class=\"elementor-element elementor-element-8ef09c6 elementor-widget elementor-widget-text-editor\" data-id=\"8ef09c6\" data-element_type=\"widget\" data-e-type=\"widget\" data-widget_type=\"text-editor.default\">\n\t\t\t\t\t\t\t\t\t<h3>Limitaci\u00f3 de responsabilitat <\/h3><ol><li>Qui utilitza aquesta Web ho fa pel seu propi compte i risc. KADION ESPECIALITATS QU\u00cdMIQUES, SL no garanteix que la Web es mantingui de manera ininterrompuda, sense demores, sense errors, sense omissions o lliure de virus. En conseq\u00fc\u00e8ncia, la Web i els seus Continguts s\u00f3n prove\u00efts \u201ctal com estan\u201d sense garanties de cap mena, expresses o impl\u00edcites, quedant clar que ni KADION ESPECIALIDADES QU\u00cdMICAS, SL, ni els seus socis, col\u00b7laboradors, empleats o representants, seran responsables per qualsevol error o omissi\u00f3 en els continguts o serveis o per qualsevol dany derivat de la utilitzaci\u00f3 d\u2019aquesta web, ni per qualsevol actuaci\u00f3 realitzada sobre la base de la informaci\u00f3 que s\u2019hi facilita.  <\/li><\/ol>\t\t\t\t\t\t\t\t<\/div>\n\t\t\t\t<div class=\"elementor-element elementor-element-f4056bf elementor-widget elementor-widget-text-editor\" data-id=\"f4056bf\" data-element_type=\"widget\" data-e-type=\"widget\" data-widget_type=\"text-editor.default\">\n\t\t\t\t\t\t\t\t\t<h3>IV. Propietat Industrial e Intel\u00b7lectual <\/h3><ol><li>La totalitat dels continguts d\u2019aquesta web, ja siguin textos, imatges, so, fitxers, marques, logotips, combinacions de colors, o qualsevol altre element, la seva estructura i disseny, la selecci\u00f3 i la forma de presentaci\u00f3 dels continguts inclosos en aquest. , i els programes dordinador necessaris per al seu funcionament, acc\u00e9s i utilitzaci\u00f3, estan protegits per drets de propietat industrial i intel\u00b7lectual, titularitat de KADION ESPECIALIDADES QU\u00cdMICAS, SL o, si escau, dels seus llicenciants, que lUsuari ha de respectar.<\/li><li>S\u2019autoritza l\u2019emmagatzematge i la reproducci\u00f3 temporal d\u2019algun o alguns dels continguts de la web, amb el prop\u00f2sit de ser utilitzats amb una finalitat personal i no comercial. La reproducci\u00f3, l\u2019emmagatzematge permanent i la difusi\u00f3 dels continguts de la web o qualsevol \u00fas que tingui fins p\u00fablics o comercials queda terminantment prohibit sense el consentiment previ per escrit de KADION ESPECIALIDADES QU\u00cdMICAS, SL <\/li><\/ol>\t\t\t\t\t\t\t\t<\/div>\n\t\t\t\t<div class=\"elementor-element elementor-element-0ea085d elementor-widget elementor-widget-text-editor\" data-id=\"0ea085d\" data-element_type=\"widget\" data-e-type=\"widget\" data-widget_type=\"text-editor.default\">\n\t\t\t\t\t\t\t\t\t<h3>V. Pol\u00edtica de Protecci\u00f3 de Dades de Car\u00e0cter Personal<\/h3><ol><li>A efectes del que preveu la Llei Org\u00e0nica Llei Org\u00e0nica 3\/2018, de 5 de desembre, de Protecci\u00f3 de Dades Personals i garantia dels drets digitals i la resta de legislaci\u00f3 aplicable, KADION ESPECIALIDADES QU\u00cdMICAS, SL informa els seus clients i qualsevol tercer que lliuri les vostres dades de car\u00e0cter Personal a aquest despit sobre la vostra pol\u00edtica de Protecci\u00f3 de Dades de Car\u00e0cter Personal, la qual est\u00e0 disponible a la Web, a l\u2019enlla\u00e7 \u201cProtecci\u00f3 de Dades\u201d.<\/li><\/ol>\t\t\t\t\t\t\t\t<\/div>\n\t\t\t\t<div class=\"elementor-element elementor-element-48270a8 elementor-widget elementor-widget-text-editor\" data-id=\"48270a8\" data-element_type=\"widget\" data-e-type=\"widget\" data-widget_type=\"text-editor.default\">\n\t\t\t\t\t\t\t\t\t<h3>VI. Legislaci\u00f3 aplicable <\/h3><ol><li>Aquestes Condicions Generals d\u2019utilitzaci\u00f3 del lloc Web i totes les relacions que s\u2019estableixin entre l\u2019Usuari i KADION ESPECIALIDADES QU\u00cdMICAS, SL, es regiran per la legislaci\u00f3 espanyola.<\/li><\/ol>\t\t\t\t\t\t\t\t<\/div>\n\t\t\t\t\t<\/div>\n\t\t\t\t<\/div>\n\t\t\t\t<\/div>\n\t\t","protected":false},"excerpt":{"rendered":"<p>Av\u00eds legal CONDICIONS D\u2019\u00daS DEL LLOC WEB DE KADION ESPECIALIDADES QU\u00cdMICAS, SL KADION ESPECIALIDADES QU\u00cdMICAS, SL KADION ESPECIALIDADES QU\u00cdMICAS, SL, camb domicili social al carrer Can R\u00e0bia, N\u00ba 15, 08017 de Barcelona, Espanya i C.I.F. n\u00famero B-61502001, Tel\u00e8fon: +34 934 809 181. E-Mail: contact@kadion.com I. General KADION ESPECIALIDADES QU\u00cdMICAS, SL es el titular de la [&hellip;]<\/p>\n","protected":false},"author":1,"featured_media":0,"parent":0,"menu_order":0,"comment_status":"closed","ping_status":"closed","template":"elementor_header_footer","meta":{"_acf_changed":false,"footnotes":""},"class_list":["post-15316","page","type-page","status-publish","hentry"],"acf":[],"yoast_head":"<!-- This site is optimized with the Yoast SEO plugin v26.9 - https:\/\/yoast.com\/product\/yoast-seo-wordpress\/ -->\n<title>Av\u00eds Legal - Kadion<\/title>\n<meta name=\"robots\" content=\"noindex, follow\" \/>\n<meta property=\"og:locale\" content=\"ca_ES\" \/>\n<meta property=\"og:type\" content=\"article\" \/>\n<meta property=\"og:title\" content=\"Av\u00eds Legal - Kadion\" \/>\n<meta property=\"og:description\" content=\"Av\u00eds legal CONDICIONS D\u2019\u00daS DEL LLOC WEB DE KADION ESPECIALIDADES QU\u00cdMICAS, SL KADION ESPECIALIDADES QU\u00cdMICAS, SL KADION ESPECIALIDADES QU\u00cdMICAS, SL, camb domicili social al carrer Can R\u00e0bia, N\u00ba 15, 08017 de Barcelona, Espanya i C.I.F. n\u00famero B-61502001, Tel\u00e8fon: +34 934 809 181. E-Mail: contact@kadion.com I. General KADION ESPECIALIDADES QU\u00cdMICAS, SL es el titular de la [&hellip;]\" \/>\n<meta property=\"og:url\" content=\"https:\/\/kadion.com\/ca\/avis-legal\/\" \/>\n<meta property=\"og:site_name\" content=\"Kadion\" \/>\n<meta property=\"article:modified_time\" content=\"2025-12-15T10:00:56+00:00\" \/>\n<meta name=\"twitter:card\" content=\"summary_large_image\" \/>\n<meta name=\"twitter:label1\" content=\"Temps estimat de lectura\" \/>\n\t<meta name=\"twitter:data1\" content=\"5 minuts\" \/>\n<script type=\"application\/ld+json\" class=\"yoast-schema-graph\">{\"@context\":\"https:\/\/schema.org\",\"@graph\":[{\"@type\":\"WebPage\",\"@id\":\"https:\/\/kadion.com\/ca\/avis-legal\/\",\"url\":\"https:\/\/kadion.com\/ca\/avis-legal\/\",\"name\":\"Av\u00eds Legal - Kadion\",\"isPartOf\":{\"@id\":\"https:\/\/kadion.com\/ca\/#website\"},\"datePublished\":\"2025-12-09T08:16:51+00:00\",\"dateModified\":\"2025-12-15T10:00:56+00:00\",\"breadcrumb\":{\"@id\":\"https:\/\/kadion.com\/ca\/avis-legal\/#breadcrumb\"},\"inLanguage\":\"ca\",\"potentialAction\":[{\"@type\":\"ReadAction\",\"target\":[\"https:\/\/kadion.com\/ca\/avis-legal\/\"]}]},{\"@type\":\"BreadcrumbList\",\"@id\":\"https:\/\/kadion.com\/ca\/avis-legal\/#breadcrumb\",\"itemListElement\":[{\"@type\":\"ListItem\",\"position\":1,\"name\":\"Portada\",\"item\":\"https:\/\/kadion.com\/ca\/kadion\/\"},{\"@type\":\"ListItem\",\"position\":2,\"name\":\"Av\u00eds Legal\"}]},{\"@type\":\"WebSite\",\"@id\":\"https:\/\/kadion.com\/ca\/#website\",\"url\":\"https:\/\/kadion.com\/ca\/\",\"name\":\"Kadion\",\"description\":\"\",\"publisher\":{\"@id\":\"https:\/\/kadion.com\/ca\/#organization\"},\"potentialAction\":[{\"@type\":\"SearchAction\",\"target\":{\"@type\":\"EntryPoint\",\"urlTemplate\":\"https:\/\/kadion.com\/ca\/?s={search_term_string}\"},\"query-input\":{\"@type\":\"PropertyValueSpecification\",\"valueRequired\":true,\"valueName\":\"search_term_string\"}}],\"inLanguage\":\"ca\"},{\"@type\":\"Organization\",\"@id\":\"https:\/\/kadion.com\/ca\/#organization\",\"name\":\"Distribution of chemical products\",\"url\":\"https:\/\/kadion.com\/ca\/\",\"logo\":{\"@type\":\"ImageObject\",\"inLanguage\":\"ca\",\"@id\":\"https:\/\/kadion.com\/ca\/#\/schema\/logo\/image\/\",\"url\":\"https:\/\/kadion.com\/wp-content\/uploads\/2025\/12\/favicon-kadion.png\",\"contentUrl\":\"https:\/\/kadion.com\/wp-content\/uploads\/2025\/12\/favicon-kadion.png\",\"width\":512,\"height\":512,\"caption\":\"Distribution of chemical products\"},\"image\":{\"@id\":\"https:\/\/kadion.com\/ca\/#\/schema\/logo\/image\/\"}}]}<\/script>\n<!-- \/ Yoast SEO plugin. -->","yoast_head_json":{"title":"Av\u00eds Legal - Kadion","robots":{"index":"noindex","follow":"follow"},"og_locale":"ca_ES","og_type":"article","og_title":"Av\u00eds Legal - Kadion","og_description":"Av\u00eds legal CONDICIONS D\u2019\u00daS DEL LLOC WEB DE KADION ESPECIALIDADES QU\u00cdMICAS, SL KADION ESPECIALIDADES QU\u00cdMICAS, SL KADION ESPECIALIDADES QU\u00cdMICAS, SL, camb domicili social al carrer Can R\u00e0bia, N\u00ba 15, 08017 de Barcelona, Espanya i C.I.F. n\u00famero B-61502001, Tel\u00e8fon: +34 934 809 181. E-Mail: contact@kadion.com I. General KADION ESPECIALIDADES QU\u00cdMICAS, SL es el titular de la [&hellip;]","og_url":"https:\/\/kadion.com\/ca\/avis-legal\/","og_site_name":"Kadion","article_modified_time":"2025-12-15T10:00:56+00:00","twitter_card":"summary_large_image","twitter_misc":{"Temps estimat de lectura":"5 minuts"},"schema":{"@context":"https:\/\/schema.org","@graph":[{"@type":"WebPage","@id":"https:\/\/kadion.com\/ca\/avis-legal\/","url":"https:\/\/kadion.com\/ca\/avis-legal\/","name":"Av\u00eds Legal - Kadion","isPartOf":{"@id":"https:\/\/kadion.com\/ca\/#website"},"datePublished":"2025-12-09T08:16:51+00:00","dateModified":"2025-12-15T10:00:56+00:00","breadcrumb":{"@id":"https:\/\/kadion.com\/ca\/avis-legal\/#breadcrumb"},"inLanguage":"ca","potentialAction":[{"@type":"ReadAction","target":["https:\/\/kadion.com\/ca\/avis-legal\/"]}]},{"@type":"BreadcrumbList","@id":"https:\/\/kadion.com\/ca\/avis-legal\/#breadcrumb","itemListElement":[{"@type":"ListItem","position":1,"name":"Portada","item":"https:\/\/kadion.com\/ca\/kadion\/"},{"@type":"ListItem","position":2,"name":"Av\u00eds Legal"}]},{"@type":"WebSite","@id":"https:\/\/kadion.com\/ca\/#website","url":"https:\/\/kadion.com\/ca\/","name":"Kadion","description":"","publisher":{"@id":"https:\/\/kadion.com\/ca\/#organization"},"potentialAction":[{"@type":"SearchAction","target":{"@type":"EntryPoint","urlTemplate":"https:\/\/kadion.com\/ca\/?s={search_term_string}"},"query-input":{"@type":"PropertyValueSpecification","valueRequired":true,"valueName":"search_term_string"}}],"inLanguage":"ca"},{"@type":"Organization","@id":"https:\/\/kadion.com\/ca\/#organization","name":"Distribution of chemical products","url":"https:\/\/kadion.com\/ca\/","logo":{"@type":"ImageObject","inLanguage":"ca","@id":"https:\/\/kadion.com\/ca\/#\/schema\/logo\/image\/","url":"https:\/\/kadion.com\/wp-content\/uploads\/2025\/12\/favicon-kadion.png","contentUrl":"https:\/\/kadion.com\/wp-content\/uploads\/2025\/12\/favicon-kadion.png","width":512,"height":512,"caption":"Distribution of chemical products"},"image":{"@id":"https:\/\/kadion.com\/ca\/#\/schema\/logo\/image\/"}}]}},"_links":{"self":[{"href":"https:\/\/kadion.com\/ca\/wp-json\/wp\/v2\/pages\/15316","targetHints":{"allow":["GET"]}}],"collection":[{"href":"https:\/\/kadion.com\/ca\/wp-json\/wp\/v2\/pages"}],"about":[{"href":"https:\/\/kadion.com\/ca\/wp-json\/wp\/v2\/types\/page"}],"author":[{"embeddable":true,"href":"https:\/\/kadion.com\/ca\/wp-json\/wp\/v2\/users\/1"}],"replies":[{"embeddable":true,"href":"https:\/\/kadion.com\/ca\/wp-json\/wp\/v2\/comments?post=15316"}],"version-history":[{"count":1,"href":"https:\/\/kadion.com\/ca\/wp-json\/wp\/v2\/pages\/15316\/revisions"}],"predecessor-version":[{"id":15317,"href":"https:\/\/kadion.com\/ca\/wp-json\/wp\/v2\/pages\/15316\/revisions\/15317"}],"wp:attachment":[{"href":"https:\/\/kadion.com\/ca\/wp-json\/wp\/v2\/media?parent=15316"}],"curies":[{"name":"wp","href":"https:\/\/api.w.org\/{rel}","templated":true}]}}